{"id":2576,"date":"2015-05-06T07:28:57","date_gmt":"2015-05-06T07:28:57","guid":{"rendered":"https:\/\/sgan.es\/?page_id=2576"},"modified":"2025-02-19T12:59:34","modified_gmt":"2025-02-19T12:59:34","slug":"la-sociedad","status":"publish","type":"page","link":"https:\/\/sgan.es\/gl\/la-sociedad\/","title":{"rendered":"A sociedade"},"content":{"rendered":"<p>[et_pb_section fb_built=\u00bb1&#8243; custom_padding_last_edited=\u00bbon|desktop\u00bb next_background_color=\u00bb#ffffff\u00bb admin_label=\u00bbHeader\u00bb _builder_version=\u00bb4.25.0&#8243; background_image=\u00bbhttps:\/\/sgan.es\/wp-content\/uploads\/2024\/04\/home_banner_seccion.png\u00bb parallax=\u00bbon\u00bb custom_padding=\u00bb3vw||10vw||false|false\u00bb custom_padding_tablet=\u00bb100px||100px||true\u00bb custom_padding_phone=\u00bb40px||40px||true|false\u00bb bottom_divider_style=\u00bbramp2&#8243; bottom_divider_height=\u00bb250px\u00bb bottom_divider_flip=\u00bbhorizontal\u00bb bottom_divider_height_tablet=\u00bb150px\u00bb bottom_divider_height_phone=\u00bb110px\u00bb bottom_divider_height_last_edited=\u00bbon|phone\u00bb saved_tabs=\u00bball\u00bb global_colors_info=\u00bb{}\u00bb][et_pb_row _builder_version=\u00bb4.16&#8243; global_colors_info=\u00bb{}\u00bb][et_pb_column type=\u00bb4_4&#8243; _builder_version=\u00bb4.16&#8243; custom_padding=\u00bb|||\u00bb global_colors_info=\u00bb{}\u00bb custom_padding__hover=\u00bb|||\u00bb][et_pb_text _builder_version=\u00bb4.25.0&#8243; text_font=\u00bbRoboto||||||||\u00bb text_line_height=\u00bb1.8em\u00bb header_font=\u00bbRoboto|700|||||||\u00bb header_text_align=\u00bbcenter\u00bb header_font_size=\u00bb65px\u00bb header_line_height=\u00bb1.2em\u00bb header_3_font=\u00bbRoboto|700||on|||||\u00bb header_3_text_align=\u00bbcenter\u00bb header_3_text_color=\u00bb#ffffff\u00bb header_3_font_size=\u00bb24px\u00bb header_3_letter_spacing=\u00bb10px\u00bb header_3_line_height=\u00bb2em\u00bb text_orientation=\u00bbcenter\u00bb background_layout=\u00bbdark\u00bb module_alignment=\u00bbcenter\u00bb text_font_size_last_edited=\u00bboff|desktop\u00bb header_font_size_tablet=\u00bb40px\u00bb header_font_size_phone=\u00bb32px\u00bb header_font_size_last_edited=\u00bbon|phone\u00bb header_3_font_size_tablet=\u00bb16px\u00bb header_3_font_size_phone=\u00bb14px\u00bb header_3_font_size_last_edited=\u00bbon|phone\u00bb header_3_letter_spacing_tablet=\u00bb5px\u00bb header_3_letter_spacing_phone=\u00bb\u00bb header_3_letter_spacing_last_edited=\u00bbon|tablet\u00bb global_colors_info=\u00bb{}\u00bb]<\/p>\n<h1>SOCIEDAD GALLEGA DE NEFROLOG\u00cdA<\/h1>\n<p>[\/et_pb_text][\/et_pb_column][\/et_pb_row][\/et_pb_section][et_pb_section fb_built=\u00bb1&#8243; custom_padding_last_edited=\u00bbon|phone\u00bb disabled_on=\u00bbon|on|off\u00bb admin_label=\u00bbGet Started\u00bb _builder_version=\u00bb4.25.0&#8243; custom_margin_tablet=\u00bb\u00bb custom_margin_phone=\u00bb||50px||false|false\u00bb custom_margin_last_edited=\u00bbon|phone\u00bb custom_padding=\u00bb0px||4px||false|false\u00bb custom_padding_tablet=\u00bb0px||||false|false\u00bb custom_padding_phone=\u00bb0px||||false|false\u00bb saved_tabs=\u00bball\u00bb global_colors_info=\u00bb{}\u00bb][et_pb_row use_custom_gutter=\u00bbon\u00bb gutter_width=\u00bb2&#8243; _builder_version=\u00bb4.16&#8243; max_width=\u00bb1700px\u00bb custom_margin=\u00bb|||\u00bb custom_padding=\u00bb0px||0px|||\u00bb use_custom_width=\u00bbon\u00bb custom_width_px=\u00bb1700px\u00bb global_colors_info=\u00bb{}\u00bb][et_pb_column type=\u00bb4_4&#8243; _builder_version=\u00bb4.16&#8243; custom_padding=\u00bb|||\u00bb global_colors_info=\u00bb{}\u00bb custom_padding__hover=\u00bb|||\u00bb][et_pb_image src=\u00bbhttps:\/\/sgan.es\/wp-content\/uploads\/2024\/04\/sociedad_img_cabecera.png\u00bb title_text=\u00bbSOCIEDAD GALLEGA DE NEFROLOG\u00cdA\u00bb align=\u00bbcenter\u00bb align_tablet=\u00bbcenter\u00bb align_phone=\u00bbcenter\u00bb align_last_edited=\u00bbon|desktop\u00bb _builder_version=\u00bb4.25.0&#8243; width=\u00bb35%\u00bb custom_margin=\u00bb-15vw||||false|false\u00bb custom_margin_tablet=\u00bb0vw|||\u00bb custom_margin_phone=\u00bb\u00bb custom_margin_last_edited=\u00bbon|tablet\u00bb custom_padding=\u00bb||0px|||\u00bb animation_style=\u00bbroll\u00bb animation_direction=\u00bbleft\u00bb animation_intensity_roll=\u00bb1%\u00bb global_colors_info=\u00bb{}\u00bb][\/et_pb_image][\/et_pb_column][\/et_pb_row][\/et_pb_section][et_pb_section fb_built=\u00bb1&#8243; admin_label=\u00bbsection\u00bb _builder_version=\u00bb4.16&#8243; global_colors_info=\u00bb{}\u00bb][et_pb_row admin_label=\u00bbrow\u00bb _builder_version=\u00bb4.16&#8243; background_size=\u00bbinitial\u00bb background_position=\u00bbtop_left\u00bb background_repeat=\u00bbrepeat\u00bb custom_padding=\u00bb0px|||||\u00bb global_colors_info=\u00bb{}\u00bb][et_pb_column type=\u00bb4_4&#8243; _builder_version=\u00bb4.16&#8243; custom_padding=\u00bb|||\u00bb global_colors_info=\u00bb{}\u00bb custom_padding__hover=\u00bb|||\u00bb][et_pb_code _builder_version=\u00bb4.25.0&#8243; _module_preset=\u00bbdefault\u00bb border_width_bottom=\u00bb1px\u00bb global_colors_info=\u00bb{}\u00bb]<span><span><a href=\"https:\/\/sgan.es\/\">Inicio<\/a><\/span><\/span>[\/et_pb_code][et_pb_heading title=\u00bbLA SOCIEDAD\u00bb _builder_version=\u00bb4.25.0&#8243; _module_preset=\u00bbdefault\u00bb title_text_align=\u00bbcenter\u00bb global_colors_info=\u00bb{}\u00bb][\/et_pb_heading][et_pb_text admin_label=\u00bbText\u00bb _builder_version=\u00bb4.16&#8243; background_size=\u00bbinitial\u00bb background_position=\u00bbtop_left\u00bb background_repeat=\u00bbrepeat\u00bb global_colors_info=\u00bb{}\u00bb]Tras sufrir diversos avatares a lo largo de los \u00faltimos treinta a\u00f1os, incluyendo algunos per\u00edodos de cese total de su actividad, la Sociedad Gallega de Nefrolog\u00eda (SGAN) se reconstituy\u00f3 formalmente en un acto celebrado en el Colegio de M\u00e9dicos de A Coru\u00f1a (sede de Santiago de Compostela) el 16 de Diciembre de 2013. El objetivo esencial de esta refundaci\u00f3n fue proporcionar un foro profesional y cient\u00edfico a los nefr\u00f3logos que ejercen en nuestra Comunidad Aut\u00f3noma, que permita promover el conocimiento de las enfermedades renales, mejorar de manera integral la atenci\u00f3n a nuestros pacientes y, en general, apoyar todas aquellas actuaciones destinadas a incrementar los est\u00e1ndares de calidad profesional y cient\u00edfica de nuestra especialidad.<\/p>\n<p>La SGAN es una sociedad joven, con unos objetivos ambiciosos, equiparables a los de sociedades similares de nuestra especialidad con m\u00e1s experiencia, que esperamos ir alcanzando de manera progresiva en los pr\u00f3ximos a\u00f1os. En noviembre de 2014 organizamos, con gran \u00e9xito cient\u00edfico y de asistencia, el primer congreso de la Sociedad, celebrado en la ciudad de Vigo al que, esperamos, seguir\u00e1n otros, con car\u00e1cter anual, y con no menos \u00e9xito. Invitamos a todos los profesionales de la Nefrolog\u00eda con actividad en Galicia a participar en este proyecto. Extendemos nuestra invitaci\u00f3n a otros profesionales sanitarios de \u00e1mbitos relacionados con nuestra especialidad, as\u00ed como a nefr\u00f3logos de comunidades y pa\u00edses vecinos que compartan nuestros objetivos, para que participen de forma plena en nuestras actividades. Estamos seguros que, con el esfuerzo de todos, la Sociedad pervivir\u00e1 y alcanzar\u00e1 plenamente sus objetivos.<\/p>\n<p>La junta Directiva[\/et_pb_text][\/et_pb_column][\/et_pb_row][\/et_pb_section][et_pb_section fb_built=\u00bb1&#8243; _builder_version=\u00bb4.16&#8243; global_colors_info=\u00bb{}\u00bb][et_pb_row _builder_version=\u00bb4.16&#8243; background_size=\u00bbinitial\u00bb background_position=\u00bbtop_left\u00bb background_repeat=\u00bbrepeat\u00bb global_colors_info=\u00bb{}\u00bb][et_pb_column type=\u00bb4_4&#8243; _builder_version=\u00bb4.16&#8243; custom_padding=\u00bb|||\u00bb global_colors_info=\u00bb{}\u00bb custom_padding__hover=\u00bb|||\u00bb][et_pb_heading title=\u00bbJUNTA DIRECTIVA\u00bb _builder_version=\u00bb4.25.0&#8243; _module_preset=\u00bbdefault\u00bb title_text_align=\u00bbcenter\u00bb global_colors_info=\u00bb{}\u00bb][\/et_pb_heading][\/et_pb_column][\/et_pb_row][et_pb_row column_structure=\u00bb1_4,1_4,1_4,1_4&#8243; use_custom_gutter=\u00bbon\u00bb gutter_width=\u00bb2&#8243; _builder_version=\u00bb4.25.0&#8243; _module_preset=\u00bbdefault\u00bb global_colors_info=\u00bb{}\u00bb][et_pb_column type=\u00bb1_4&#8243; _builder_version=\u00bb4.25.0&#8243; _module_preset=\u00bbdefault\u00bb background_color=\u00bbRGBA(255,255,255,0)\u00bb custom_padding=\u00bb20px|10px|20px|10px|true|true\u00bb border_radii=\u00bbon|10px|10px|10px|10px\u00bb box_shadow_style=\u00bbpreset1&#8243; box_shadow_blur=\u00bb11px\u00bb global_colors_info=\u00bb{}\u00bb][et_pb_image src=\u00bbhttps:\/\/sgan.es\/wp-content\/uploads\/2023\/01\/jesus.jpg\u00bb title_text=\u00bbjesus\u00bb align=\u00bbcenter\u00bb _builder_version=\u00bb4.25.0&#8243; _module_preset=\u00bbdefault\u00bb global_colors_info=\u00bb{}\u00bb][\/et_pb_image][et_pb_text _builder_version=\u00bb4.25.0&#8243; _module_preset=\u00bbdefault\u00bb text_orientation=\u00bbcenter\u00bb global_colors_info=\u00bb{}\u00bb]<strong>Presidente<\/strong><\/p>\n<h4>Dr. Jes\u00fas Calvi\u00f1o Varela<\/h4>\n<p>Jefe de servicio de Nefrolog\u00eda<br \/>\n<span class=\"autogrow-textarea\">M\u00e9dico especialista en Nefrolog\u00eda<br \/>\nHospital Lucus Augusti. Lugo<\/span>[\/et_pb_text][\/et_pb_column][et_pb_column type=\u00bb1_4&#8243; _builder_version=\u00bb4.25.0&#8243; _module_preset=\u00bbdefault\u00bb custom_padding=\u00bb20px|10px|20px|10px|true|true\u00bb border_radii=\u00bbon|10px|10px|10px|10px\u00bb box_shadow_style=\u00bbpreset1&#8243; box_shadow_blur=\u00bb11px\u00bb global_colors_info=\u00bb{}\u00bb][et_pb_image src=\u00bbhttps:\/\/sgan.es\/wp-content\/uploads\/2022\/10\/Beatriz.jpg\u00bb title_text=\u00bbBeatriz\u00bb align=\u00bbcenter\u00bb _builder_version=\u00bb4.25.0&#8243; _module_preset=\u00bbdefault\u00bb global_colors_info=\u00bb{}\u00bb][\/et_pb_image][et_pb_text _builder_version=\u00bb4.25.0&#8243; _module_preset=\u00bbdefault\u00bb text_orientation=\u00bbcenter\u00bb global_colors_info=\u00bb{}\u00bb]<strong>Secretar\u00eda<\/strong><\/p>\n<h4>Dra. Beatriz Mill\u00e1n D\u00edaz<\/h4>\n<p><span class=\"autogrow-textarea\">M\u00e9dico especialista en Nefrolog\u00eda<br \/>\nComplexo Hospitalario Universitario de Ourense<\/span>[\/et_pb_text][\/et_pb_column][et_pb_column type=\u00bb1_4&#8243; _builder_version=\u00bb4.25.0&#8243; _module_preset=\u00bbdefault\u00bb custom_padding=\u00bb20px|10px|20px|10px|true|true\u00bb border_radii=\u00bbon|10px|10px|10px|10px\u00bb box_shadow_style=\u00bbpreset1&#8243; box_shadow_blur=\u00bb11px\u00bb global_colors_info=\u00bb{}\u00bb][et_pb_image src=\u00bbhttps:\/\/sgan.es\/wp-content\/uploads\/2022\/10\/Cristina.jpg\u00bb title_text=\u00bbCristina\u00bb align=\u00bbcenter\u00bb _builder_version=\u00bb4.25.0&#8243; _module_preset=\u00bbdefault\u00bb global_colors_info=\u00bb{}\u00bb][\/et_pb_image][et_pb_text _builder_version=\u00bb4.25.0&#8243; _module_preset=\u00bbdefault\u00bb text_orientation=\u00bbcenter\u00bb global_colors_info=\u00bb{}\u00bb]<strong>Tesorer\u00eda<\/strong><\/p>\n<h4>Dra. Cristina P\u00e9rez Mel\u00f3n<\/h4>\n<p><span class=\"autogrow-textarea\">M\u00e9dico especialista en Nefrolog\u00eda<br \/>\nComplexo Hospitalario Universitario de Ourense<\/span>[\/et_pb_text][\/et_pb_column][et_pb_column type=\u00bb1_4&#8243; _builder_version=\u00bb4.25.0&#8243; _module_preset=\u00bbdefault\u00bb custom_padding=\u00bb20px|10px|20px|10px|true|true\u00bb border_radii=\u00bbon|10px|10px|10px|10px\u00bb box_shadow_style=\u00bbpreset1&#8243; box_shadow_blur=\u00bb11px\u00bb global_colors_info=\u00bb{}\u00bb][et_pb_image src=\u00bbhttps:\/\/sgan.es\/wp-content\/uploads\/2022\/10\/Santos.jpg\u00bb title_text=\u00bbSantos\u00bb align=\u00bbcenter\u00bb _builder_version=\u00bb4.25.0&#8243; _module_preset=\u00bbdefault\u00bb global_colors_info=\u00bb{}\u00bb][\/et_pb_image][et_pb_text _builder_version=\u00bb4.25.0&#8243; _module_preset=\u00bbdefault\u00bb text_orientation=\u00bbcenter\u00bb global_colors_info=\u00bb{}\u00bb]<strong>Vocal\u00eda<\/strong><\/p>\n<h4>Dr. Juan Santos Nores<\/h4>\n<p><span class=\"autogrow-textarea\">M\u00e9dico especialista en Nefrolog\u00eda<br \/>\nComplexo Hospitalario Universitario de Pontevedra<\/span>[\/et_pb_text][\/et_pb_column][\/et_pb_row][\/et_pb_section][et_pb_section fb_built=\u00bb1&#8243; _builder_version=\u00bb4.25.0&#8243; _module_preset=\u00bbdefault\u00bb global_colors_info=\u00bb{}\u00bb][et_pb_row column_structure=\u00bb1_2,1_2&#8243; _builder_version=\u00bb4.25.0&#8243; _module_preset=\u00bbdefault\u00bb global_colors_info=\u00bb{}\u00bb][et_pb_column type=\u00bb1_2&#8243; _builder_version=\u00bb4.25.0&#8243; _module_preset=\u00bbdefault\u00bb global_colors_info=\u00bb{}\u00bb][et_pb_image src=\u00bbhttps:\/\/sgan.es\/wp-content\/uploads\/2024\/04\/sociedad_img_estatutos.png\u00bb title_text=\u00bbEstatutos\u00bb disabled_on=\u00bbon|on|off\u00bb _builder_version=\u00bb4.25.0&#8243; _module_preset=\u00bbdefault\u00bb global_colors_info=\u00bb{}\u00bb][\/et_pb_image][\/et_pb_column][et_pb_column type=\u00bb1_2&#8243; _builder_version=\u00bb4.25.0&#8243; _module_preset=\u00bbdefault\u00bb global_colors_info=\u00bb{}\u00bb][et_pb_text _builder_version=\u00bb4.27.0&#8243; _module_preset=\u00bbdefault\u00bb header_3_font=\u00bb|600|||||||\u00bb custom_padding=\u00bb87px|||||\u00bb hover_enabled=\u00bb0&#8243; global_colors_info=\u00bb{}\u00bb sticky_enabled=\u00bb0&#8243;]<\/p>\n<h3>ESTATUTOS<br \/>SGAN<\/h3>\n<p>Puedes descargarte un PDF con los estatutos de la<br \/>Sociedad Gallega de Nefrolog\u00eda.<\/p>\n<p>[\/et_pb_text][et_pb_button button_url=\u00bbhttps:\/\/sgan.es\/wp-content\/uploads\/2024\/04\/Estatutos_SGAN_ES.pdf\u00bb url_new_window=\u00bbon\u00bb button_text=\u00bbDESCARGAR ESTATUTOS\u00bb _builder_version=\u00bb4.25.0&#8243; _module_preset=\u00bbdefault\u00bb custom_button=\u00bbon\u00bb button_text_color=\u00bb#FFFFFF\u00bb button_bg_color=\u00bb#0097A8&#8243; button_border_radius=\u00bb8px\u00bb global_colors_info=\u00bb{}\u00bb][\/et_pb_button][\/et_pb_column][\/et_pb_row][\/et_pb_section]<\/p>\n","protected":false},"excerpt":{"rendered":"<p>SOCIEDAD GALLEGA DE NEFROLOG\u00cdA<span><span><a href=\"https:\/\/sgan.es\/\">Inicio<\/a><\/span><\/span>Tras sufrir diversos avatares a lo largo de los \u00faltimos treinta a\u00f1os, incluyendo algunos per\u00edodos de cese total de su actividad, la Sociedad Gallega de Nefrolog\u00eda (SGAN) se reconstituy\u00f3 formalmente en un acto celebrado en el Colegio de M\u00e9dicos de A Coru\u00f1a (sede de Santiago de Compostela) el 16 de Diciembre de [&hellip;]<\/p>\n","protected":false},"author":1,"featured_media":0,"parent":0,"menu_order":10,"comment_status":"closed","ping_status":"closed","template":"","meta":{"_et_pb_use_builder":"on","_et_pb_old_content":"Tras sufrir diversos avatares a lo largo de los \u00faltimos treinta a\u00f1os, incluyendo algunos per\u00edodos de cese total de su actividad, la Sociedad Gallega de Nefrolog\u00eda (SGAN) se reconstituy\u00f3 formalmente en un acto celebrado en el Colegio de M\u00e9dicos de A Coru\u00f1a (sede de Santiago de Compostela) el 16 de Diciembre de 2013. El objetivo esencial de esta refundaci\u00f3n fue proporcionar un foro profesional y cient\u00edfico a los nefr\u00f3logos que ejercen en nuestra Comunidad Aut\u00f3noma, que permita promover el conocimiento de las enfermedades renales, mejorar de manera integral la atenci\u00f3n a nuestros pacientes y, en general, apoyar todas aquellas actuaciones destinadas a incrementar los est\u00e1ndares de calidad profesional y cient\u00edfica de nuestra especialidad.\r\n\r\nLa SGAN es una sociedad joven, con unos objetivos ambiciosos, equiparables a los de sociedades similares de nuestra especialidad con m\u00e1s experiencia, que esperamos ir alcanzando de manera progresiva en los pr\u00f3ximos a\u00f1os. En noviembre de 2014 organizamos, con gran \u00e9xito cient\u00edfico y de asistencia, el primer congreso de la Sociedad, celebrado en la ciudad de Vigo al que, esperamos, seguir\u00e1n otros, con car\u00e1cter anual, y con no menos \u00e9xito. Invitamos a todos los profesionales de la Nefrolog\u00eda con actividad en Galicia a participar en este proyecto. Extendemos nuestra invitaci\u00f3n a otros profesionales sanitarios de \u00e1mbitos relacionados con nuestra especialidad, as\u00ed como a nefr\u00f3logos de comunidades y pa\u00edses vecinos que compartan nuestros objetivos, para que participen de forma plena en nuestras actividades. Estamos seguros que, con el esfuerzo de todos, la Sociedad pervivir\u00e1 y alcanzar\u00e1 plenamente sus objetivos.\r\n\r\nLa junta Directiva","_et_gb_content_width":"","footnotes":""},"class_list":["post-2576","page","type-page","status-publish","hentry"],"yoast_head":"<!-- This site is optimized with the Yoast SEO plugin v27.1.1 - https:\/\/yoast.com\/product\/yoast-seo-wordpress\/ -->\n<title>La sociedad - SGAN<\/title>\n<meta name=\"robots\" content=\"index, follow, max-snippet:-1, max-image-preview:large, max-video-preview:-1\" \/>\n<link rel=\"canonical\" href=\"https:\/\/sgan.es\/gl\/la-sociedad\/\" \/>\n<meta property=\"og:locale\" content=\"gl_ES\" \/>\n<meta property=\"og:type\" content=\"article\" \/>\n<meta property=\"og:title\" content=\"La sociedad - SGAN\" \/>\n<meta property=\"og:description\" content=\"SOCIEDAD GALLEGA DE NEFROLOG\u00cdATras sufrir diversos avatares a lo largo de los \u00faltimos treinta a\u00f1os, incluyendo algunos per\u00edodos de cese total de su actividad, la Sociedad Gallega de Nefrolog\u00eda (SGAN) se reconstituy\u00f3 formalmente en un acto celebrado en el Colegio de M\u00e9dicos de A Coru\u00f1a (sede de Santiago de Compostela) el 16 de Diciembre de [&hellip;]\" \/>\n<meta property=\"og:url\" content=\"https:\/\/sgan.es\/gl\/la-sociedad\/\" \/>\n<meta property=\"og:site_name\" content=\"SGAN\" \/>\n<meta property=\"article:publisher\" content=\"https:\/\/www.facebook.com\/SGAN-244493612899331\/\" \/>\n<meta property=\"article:modified_time\" content=\"2025-02-19T12:59:34+00:00\" \/>\n<meta name=\"twitter:card\" content=\"summary_large_image\" \/>\n<meta name=\"twitter:site\" content=\"@NefroGalicia\" \/>\n<meta name=\"twitter:label1\" content=\"Tempo de lectura\" \/>\n\t<meta name=\"twitter:data1\" content=\"8 minutos\" \/>\n<script type=\"application\/ld+json\" class=\"yoast-schema-graph\">{\"@context\":\"https:\/\/schema.org\",\"@graph\":[{\"@type\":\"WebPage\",\"@id\":\"https:\/\/sgan.es\/la-sociedad\/\",\"url\":\"https:\/\/sgan.es\/la-sociedad\/\",\"name\":\"La sociedad - SGAN\",\"isPartOf\":{\"@id\":\"https:\/\/sgan.es\/#website\"},\"datePublished\":\"2015-05-06T07:28:57+00:00\",\"dateModified\":\"2025-02-19T12:59:34+00:00\",\"breadcrumb\":{\"@id\":\"https:\/\/sgan.es\/la-sociedad\/#breadcrumb\"},\"inLanguage\":\"gl-ES\",\"potentialAction\":[{\"@type\":\"ReadAction\",\"target\":[\"https:\/\/sgan.es\/la-sociedad\/\"]}]},{\"@type\":\"BreadcrumbList\",\"@id\":\"https:\/\/sgan.es\/la-sociedad\/#breadcrumb\",\"itemListElement\":[{\"@type\":\"ListItem\",\"position\":1,\"name\":\"Inicio\",\"item\":\"https:\/\/sgan.es\/\"},{\"@type\":\"ListItem\",\"position\":2,\"name\":\"La sociedad\"}]},{\"@type\":\"WebSite\",\"@id\":\"https:\/\/sgan.es\/#website\",\"url\":\"https:\/\/sgan.es\/\",\"name\":\"SGAN\",\"description\":\"Sociedad Gallega de Nefrolog\u00eda\",\"publisher\":{\"@id\":\"https:\/\/sgan.es\/#organization\"},\"potentialAction\":[{\"@type\":\"SearchAction\",\"target\":{\"@type\":\"EntryPoint\",\"urlTemplate\":\"https:\/\/sgan.es\/?s={search_term_string}\"},\"query-input\":{\"@type\":\"PropertyValueSpecification\",\"valueRequired\":true,\"valueName\":\"search_term_string\"}}],\"inLanguage\":\"gl-ES\"},{\"@type\":\"Organization\",\"@id\":\"https:\/\/sgan.es\/#organization\",\"name\":\"SGAN\",\"url\":\"https:\/\/sgan.es\/\",\"logo\":{\"@type\":\"ImageObject\",\"inLanguage\":\"gl-ES\",\"@id\":\"https:\/\/sgan.es\/#\/schema\/logo\/image\/\",\"url\":\"https:\/\/sgan.es\/wp-content\/uploads\/2023\/04\/logoSgan.jpg\",\"contentUrl\":\"https:\/\/sgan.es\/wp-content\/uploads\/2023\/04\/logoSgan.jpg\",\"width\":255,\"height\":193,\"caption\":\"SGAN\"},\"image\":{\"@id\":\"https:\/\/sgan.es\/#\/schema\/logo\/image\/\"},\"sameAs\":[\"https:\/\/www.facebook.com\/SGAN-244493612899331\/\",\"https:\/\/x.com\/NefroGalicia\"]}]}<\/script>\n<!-- \/ Yoast SEO plugin. -->","yoast_head_json":{"title":"La sociedad - SGAN","robots":{"index":"index","follow":"follow","max-snippet":"max-snippet:-1","max-image-preview":"max-image-preview:large","max-video-preview":"max-video-preview:-1"},"canonical":"https:\/\/sgan.es\/gl\/la-sociedad\/","og_locale":"gl_ES","og_type":"article","og_title":"La sociedad - SGAN","og_description":"SOCIEDAD GALLEGA DE NEFROLOG\u00cdATras sufrir diversos avatares a lo largo de los \u00faltimos treinta a\u00f1os, incluyendo algunos per\u00edodos de cese total de su actividad, la Sociedad Gallega de Nefrolog\u00eda (SGAN) se reconstituy\u00f3 formalmente en un acto celebrado en el Colegio de M\u00e9dicos de A Coru\u00f1a (sede de Santiago de Compostela) el 16 de Diciembre de [&hellip;]","og_url":"https:\/\/sgan.es\/gl\/la-sociedad\/","og_site_name":"SGAN","article_publisher":"https:\/\/www.facebook.com\/SGAN-244493612899331\/","article_modified_time":"2025-02-19T12:59:34+00:00","twitter_card":"summary_large_image","twitter_site":"@NefroGalicia","twitter_misc":{"Tempo de lectura":"8 minutos"},"schema":{"@context":"https:\/\/schema.org","@graph":[{"@type":"WebPage","@id":"https:\/\/sgan.es\/la-sociedad\/","url":"https:\/\/sgan.es\/la-sociedad\/","name":"La sociedad - SGAN","isPartOf":{"@id":"https:\/\/sgan.es\/#website"},"datePublished":"2015-05-06T07:28:57+00:00","dateModified":"2025-02-19T12:59:34+00:00","breadcrumb":{"@id":"https:\/\/sgan.es\/la-sociedad\/#breadcrumb"},"inLanguage":"gl-ES","potentialAction":[{"@type":"ReadAction","target":["https:\/\/sgan.es\/la-sociedad\/"]}]},{"@type":"BreadcrumbList","@id":"https:\/\/sgan.es\/la-sociedad\/#breadcrumb","itemListElement":[{"@type":"ListItem","position":1,"name":"Inicio","item":"https:\/\/sgan.es\/"},{"@type":"ListItem","position":2,"name":"La sociedad"}]},{"@type":"WebSite","@id":"https:\/\/sgan.es\/#website","url":"https:\/\/sgan.es\/","name":"SGAN","description":"Sociedad Gallega de Nefrolog\u00eda","publisher":{"@id":"https:\/\/sgan.es\/#organization"},"potentialAction":[{"@type":"SearchAction","target":{"@type":"EntryPoint","urlTemplate":"https:\/\/sgan.es\/?s={search_term_string}"},"query-input":{"@type":"PropertyValueSpecification","valueRequired":true,"valueName":"search_term_string"}}],"inLanguage":"gl-ES"},{"@type":"Organization","@id":"https:\/\/sgan.es\/#organization","name":"SGAN","url":"https:\/\/sgan.es\/","logo":{"@type":"ImageObject","inLanguage":"gl-ES","@id":"https:\/\/sgan.es\/#\/schema\/logo\/image\/","url":"https:\/\/sgan.es\/wp-content\/uploads\/2023\/04\/logoSgan.jpg","contentUrl":"https:\/\/sgan.es\/wp-content\/uploads\/2023\/04\/logoSgan.jpg","width":255,"height":193,"caption":"SGAN"},"image":{"@id":"https:\/\/sgan.es\/#\/schema\/logo\/image\/"},"sameAs":["https:\/\/www.facebook.com\/SGAN-244493612899331\/","https:\/\/x.com\/NefroGalicia"]}]}},"_links":{"self":[{"href":"https:\/\/sgan.es\/gl\/wp-json\/wp\/v2\/pages\/2576","targetHints":{"allow":["GET"]}}],"collection":[{"href":"https:\/\/sgan.es\/gl\/wp-json\/wp\/v2\/pages"}],"about":[{"href":"https:\/\/sgan.es\/gl\/wp-json\/wp\/v2\/types\/page"}],"author":[{"embeddable":true,"href":"https:\/\/sgan.es\/gl\/wp-json\/wp\/v2\/users\/1"}],"replies":[{"embeddable":true,"href":"https:\/\/sgan.es\/gl\/wp-json\/wp\/v2\/comments?post=2576"}],"version-history":[{"count":5,"href":"https:\/\/sgan.es\/gl\/wp-json\/wp\/v2\/pages\/2576\/revisions"}],"predecessor-version":[{"id":4573,"href":"https:\/\/sgan.es\/gl\/wp-json\/wp\/v2\/pages\/2576\/revisions\/4573"}],"wp:attachment":[{"href":"https:\/\/sgan.es\/gl\/wp-json\/wp\/v2\/media?parent=2576"}],"curies":[{"name":"wp","href":"https:\/\/api.w.org\/{rel}","templated":true}]}}