{"id":2578,"date":"2015-05-06T07:30:08","date_gmt":"2015-05-06T07:30:08","guid":{"rendered":"https:\/\/sgan.es\/?page_id=2578"},"modified":"2024-04-23T08:27:47","modified_gmt":"2024-04-23T08:27:47","slug":"junta-directiva","status":"publish","type":"page","link":"https:\/\/sgan.es\/gl\/junta-directiva\/","title":{"rendered":"Junta directiva"},"content":{"rendered":"<p>[et_pb_section fb_built=\u00bb1&#8243; _builder_version=\u00bb4.16&#8243; global_colors_info=\u00bb{}\u00bb][et_pb_row _builder_version=\u00bb4.16&#8243; background_size=\u00bbinitial\u00bb background_position=\u00bbtop_left\u00bb background_repeat=\u00bbrepeat\u00bb global_colors_info=\u00bb{}\u00bb][et_pb_column type=\u00bb4_4&#8243; _builder_version=\u00bb4.16&#8243; custom_padding=\u00bb|||\u00bb global_colors_info=\u00bb{}\u00bb custom_padding__hover=\u00bb|||\u00bb][et_pb_text _builder_version=\u00bb4.24.3&#8243; background_size=\u00bbinitial\u00bb background_position=\u00bbtop_left\u00bb background_repeat=\u00bbrepeat\u00bb global_colors_info=\u00bb{}\u00bb]<\/p>\n<h2>JUNTA DIRECTIVA<\/h2>\n<p>[\/et_pb_text][\/et_pb_column][\/et_pb_row][et_pb_row column_structure=\u00bb1_4,3_4&#8243; use_custom_gutter=\u00bbon\u00bb gutter_width=\u00bb1&#8243; _builder_version=\u00bb4.24.3&#8243; _module_preset=\u00bbdefault\u00bb global_colors_info=\u00bb{}\u00bb][et_pb_column type=\u00bb1_4&#8243; _builder_version=\u00bb4.24.3&#8243; _module_preset=\u00bbdefault\u00bb global_colors_info=\u00bb{}\u00bb][et_pb_image src=\u00bbhttps:\/\/sgan.es\/wp-content\/uploads\/2023\/01\/jesus.jpg\u00bb title_text=\u00bbjesus\u00bb _builder_version=\u00bb4.24.3&#8243; _module_preset=\u00bbdefault\u00bb global_colors_info=\u00bb{}\u00bb][\/et_pb_image][\/et_pb_column][et_pb_column type=\u00bb3_4&#8243; _builder_version=\u00bb4.24.3&#8243; _module_preset=\u00bbdefault\u00bb global_colors_info=\u00bb{}\u00bb][et_pb_text _builder_version=\u00bb4.24.3&#8243; _module_preset=\u00bbdefault\u00bb global_colors_info=\u00bb{}\u00bb]<\/p>\n<p><strong>Presidente:<\/strong> Dr. Jes\u00fas Calvi\u00f1o Varela<br \/>Jefe de servicio de Nefrolog\u00eda<br \/><span class=\"autogrow-textarea\">M\u00e9dico especialista en Nefrolog\u00eda<br \/>Hospital Lucus Augusti. Lugo<\/span><\/p>\n<p>[\/et_pb_text][\/et_pb_column][\/et_pb_row][et_pb_row column_structure=\u00bb1_4,3_4&#8243; use_custom_gutter=\u00bbon\u00bb gutter_width=\u00bb1&#8243; _builder_version=\u00bb4.24.3&#8243; _module_preset=\u00bbdefault\u00bb global_colors_info=\u00bb{}\u00bb][et_pb_column type=\u00bb1_4&#8243; _builder_version=\u00bb4.24.3&#8243; _module_preset=\u00bbdefault\u00bb global_colors_info=\u00bb{}\u00bb][et_pb_image src=\u00bbhttps:\/\/sgan.es\/wp-content\/uploads\/2022\/10\/Beatriz.jpg\u00bb title_text=\u00bbBeatriz\u00bb _builder_version=\u00bb4.24.3&#8243; _module_preset=\u00bbdefault\u00bb global_colors_info=\u00bb{}\u00bb][\/et_pb_image][\/et_pb_column][et_pb_column type=\u00bb3_4&#8243; _builder_version=\u00bb4.24.3&#8243; _module_preset=\u00bbdefault\u00bb global_colors_info=\u00bb{}\u00bb][et_pb_text _builder_version=\u00bb4.24.3&#8243; _module_preset=\u00bbdefault\u00bb global_colors_info=\u00bb{}\u00bb]<\/p>\n<p><strong>Secretar\u00eda:<\/strong> Dra. Beatriz Mill\u00e1n D\u00edaz<br \/><span class=\"autogrow-textarea\">M\u00e9dico especialista en Nefrolog\u00eda<br \/>Complexo Hospitalario Universitario de Ourense<\/span><\/p>\n<p>[\/et_pb_text][\/et_pb_column][\/et_pb_row][et_pb_row column_structure=\u00bb1_4,3_4&#8243; use_custom_gutter=\u00bbon\u00bb gutter_width=\u00bb1&#8243; _builder_version=\u00bb4.24.3&#8243; _module_preset=\u00bbdefault\u00bb global_colors_info=\u00bb{}\u00bb][et_pb_column type=\u00bb1_4&#8243; _builder_version=\u00bb4.24.3&#8243; _module_preset=\u00bbdefault\u00bb global_colors_info=\u00bb{}\u00bb][et_pb_image src=\u00bbhttps:\/\/sgan.es\/wp-content\/uploads\/2022\/10\/Cristina.jpg\u00bb title_text=\u00bbCristina\u00bb _builder_version=\u00bb4.24.3&#8243; _module_preset=\u00bbdefault\u00bb global_colors_info=\u00bb{}\u00bb][\/et_pb_image][\/et_pb_column][et_pb_column type=\u00bb3_4&#8243; _builder_version=\u00bb4.24.3&#8243; _module_preset=\u00bbdefault\u00bb global_colors_info=\u00bb{}\u00bb][et_pb_text _builder_version=\u00bb4.24.3&#8243; _module_preset=\u00bbdefault\u00bb global_colors_info=\u00bb{}\u00bb]<\/p>\n<p><strong>Tesorer\u00eda:<\/strong> Dra. Cristina P\u00e9rez Mel\u00f3n<br \/><span class=\"autogrow-textarea\">M\u00e9dico especialista en Nefrolog\u00eda<br \/>Complexo Hospitalario Universitario de Ourense<\/span><\/p>\n<p>[\/et_pb_text][\/et_pb_column][\/et_pb_row][et_pb_row column_structure=\u00bb1_4,3_4&#8243; use_custom_gutter=\u00bbon\u00bb gutter_width=\u00bb1&#8243; _builder_version=\u00bb4.24.3&#8243; _module_preset=\u00bbdefault\u00bb global_colors_info=\u00bb{}\u00bb][et_pb_column type=\u00bb1_4&#8243; _builder_version=\u00bb4.24.3&#8243; _module_preset=\u00bbdefault\u00bb global_colors_info=\u00bb{}\u00bb][et_pb_image src=\u00bbhttps:\/\/sgan.es\/wp-content\/uploads\/2022\/10\/Santos.jpg\u00bb title_text=\u00bbSantos\u00bb _builder_version=\u00bb4.24.3&#8243; _module_preset=\u00bbdefault\u00bb global_colors_info=\u00bb{}\u00bb][\/et_pb_image][\/et_pb_column][et_pb_column type=\u00bb3_4&#8243; _builder_version=\u00bb4.24.3&#8243; _module_preset=\u00bbdefault\u00bb global_colors_info=\u00bb{}\u00bb][et_pb_text _builder_version=\u00bb4.24.3&#8243; _module_preset=\u00bbdefault\u00bb global_colors_info=\u00bb{}\u00bb]<\/p>\n<p><strong>Vocal\u00eda:<\/strong> Dr. Juan Santos Nores<br \/><span class=\"autogrow-textarea\">M\u00e9dico especialista en Nefrolog\u00eda<br \/>Complexo Hospitalario Universitario de Pontevedra<\/span><\/p>\n<p>[\/et_pb_text][\/et_pb_column][\/et_pb_row][\/et_pb_section]<\/p>\n","protected":false},"excerpt":{"rendered":"<p>JUNTA DIRECTIVAPresidente: Dr. Jes\u00fas Calvi\u00f1o VarelaJefe de servicio de Nefrolog\u00edaM\u00e9dico especialista en Nefrolog\u00edaHospital Lucus Augusti. LugoSecretar\u00eda: Dra. Beatriz Mill\u00e1n D\u00edazM\u00e9dico especialista en Nefrolog\u00edaComplexo Hospitalario Universitario de OurenseTesorer\u00eda: Dra. Cristina P\u00e9rez Mel\u00f3nM\u00e9dico especialista en Nefrolog\u00edaComplexo Hospitalario Universitario de OurenseVocal\u00eda: Dr. Juan Santos NoresM\u00e9dico especialista en Nefrolog\u00edaComplexo Hospitalario Universitario de Pontevedra<\/p>","protected":false},"author":1,"featured_media":0,"parent":0,"menu_order":12,"comment_status":"closed","ping_status":"closed","template":"","meta":{"_et_pb_use_builder":"on","_et_pb_old_content":"<!--<span data-mce-type=\"bookmark\" style=\"display: inline-block; width: 0px; overflow: hidden; line-height: 0;\" class=\"mce_SELRES_start\"><\/span><span data-mce-type=\"bookmark\" style=\"display: inline-block; width: 0px; overflow: hidden; line-height: 0;\" class=\"mce_SELRES_start\"><\/span><span data-mce-type=\"bookmark\" style=\"display: inline-block; width: 0px; overflow: hidden; line-height: 0;\" class=\"mce_SELRES_start\"><\/span><img class=\"alignleft wp-image-2744\" style=\"vertical-align: middle;\" src=\"https:\/\/sgan.es\/wp-content\/uploads\/2015\/05\/perez_fontan_grande.png\" alt=\"\" width=\"125\" height=\"125\" \/>\n<strong>Presidente:<\/strong> Dr. Miguel P\u00e9rez Font\u00e1n\n<span class=\"autogrow-textarea\">M\u00e9dico Especialista en Nefrolog\u00eda\nHospital Universitario de A Coru\u00f1a\nProfesor Asociado de Medicina, Facultad de Ciencias de la Salud. Univesidad de A Coru\u00f1a\n<\/span><span class=\"autogrow-textarea\"><a href=\"mailto:miguel.perez.fontan@sergas.es\">miguel.perez.fontan@sergas.es<\/a><\/span>\n\n<hr \/>\n\n<img class=\"alignleft wp-image-2743\" src=\"https:\/\/sgan.es\/wp-content\/uploads\/2015\/05\/lamas_barreiro_grande.png\" alt=\"\" width=\"125\" height=\"125\" \/>\n<strong>Secretario:<\/strong> Dr.Jos\u00e9 Mar\u00eda Lamas Barreiro\n<span class=\"autogrow-textarea\">Jefe del Servicio de Nefrolog\u00eda\nHospital Universitario. EOXI de Vigo\n<a href=\"mailto:jose.maria.lamas.barreiro@sergas.es\" target=\"_blank\" rel=\"noopener\">jose.maria.lamas.barreiro@sergas.es<\/a><\/span>\n\n<hr \/>\n\n<img class=\"alignleft wp-image-2775 size-full\" src=\"https:\/\/sgan.es\/wp-content\/uploads\/2015\/05\/candido_diaz15-09.png\" alt=\"\" width=\"125\" height=\"125\" \/>\n<strong>Tesorero:<\/strong> Dr. C\u00e1ndido D\u00edaz Rodr\u00edguez\n<span class=\"autogrow-textarea\">Jefe del Servicio de Nefrolog\u00eda\nComplejo Hospitalario Universitario de Santiago de Compostela, Xerencia de Xesti\u00f3n Integrada de Santiago\n<a href=\"mailto:candido.diaz.rodriguez@sergas.es\" target=\"_blank\" rel=\"noopener\">candido.diaz.rodriguez@sergas.es<\/a><\/span>\n\n<hr \/>\n\n<img class=\"alignleft wp-image-2742\" src=\"https:\/\/sgan.es\/wp-content\/uploads\/2015\/05\/rodriguez_lozano_grande.png\" alt=\"\" width=\"125\" height=\"125\" \/>\n<strong>Vocal:<\/strong> D\u00aa Mar\u00eda Isabel Rodr\u00edguez Lozano\n<span class=\"autogrow-textarea\">Jefe del Servicio de Nefrolog\u00eda\nHospital San Rafael de A Coru\u00f1a\n<a href=\"mailto:mlozano@imqsanrafael.es\" target=\"_blank\" rel=\"noopener\">mlozano@imqsanrafael.es<\/a><\/span>\n\n<hr \/>\n\n<img class=\"alignleft wp-image-2851\" src=\"https:\/\/sgan.es\/wp-content\/uploads\/2015\/05\/Borrajo.png\" alt=\"\" width=\"125\" height=\"125\" \/>\n<strong>Vocal:<\/strong> D\u00aa Mar\u00eda Borrajo Prol\n<span class=\"autogrow-textarea\">M\u00e9dico Especialista en Nefrolog\u00eda\nComplejo Hospitalario de Orense\n<a href=\"mailto:maria.paz.borrajo.prol@sergas.es\" target=\"_blank\" rel=\"noopener\">maria.paz.borrajo.prol@sergas.es<\/a><\/span>\n\n<hr \/>\n\n<h2>JUNTA DIRECTIVA<\/h2>\n<a href=\"https:\/\/sgan.es\/wp-content\/uploads\/2015\/05\/pabloBouza.png\"><img class=\"alignleft wp-image-3500 size-full\" src=\"https:\/\/sgan.es\/wp-content\/uploads\/2015\/05\/pabloBouza.png\" alt=\"\" width=\"125\" height=\"125\" \/><\/a>\n<strong>Presidente:<\/strong> Dr. Pablo Bouza Pi\u00f1eiro\n<span class=\"autogrow-textarea\">M\u00e9dico especialista en Nefrolog\u00eda\nJefe de secci\u00f3n de Nefrolog\u00eda\nC.H.U. de Ferrol - Hospital Arquitecto Marcide\n<\/span>\n\n<hr \/>\n\n<a href=\"https:\/\/sgan.es\/wp-content\/uploads\/2015\/05\/teresagarcia.png\"><img class=\"alignleft wp-image-3502 size-full\" src=\"https:\/\/sgan.es\/wp-content\/uploads\/2015\/05\/teresagarcia.png\" alt=\"\" width=\"125\" height=\"125\" \/><\/a>\n<strong>Secretaria:<\/strong> Dra. Teresa Garc\u00eda Falc\u00f3n\n<span class=\"autogrow-textarea\">M\u00e9dico especialista en Nefrolog\u00eda\nComplexo Hospitalario Universitario A Coru\u00f1a\n<\/span>\n\n<hr \/>\n\n<a href=\"https:\/\/sgan.es\/wp-content\/uploads\/2015\/05\/teresacordal.png\"><img class=\"alignleft wp-image-3501 size-full\" src=\"https:\/\/sgan.es\/wp-content\/uploads\/2015\/05\/teresacordal.png\" alt=\"\" width=\"125\" height=\"125\" \/><\/a>\n<strong>Tesorera:<\/strong> Dra. Teresa Cordal Mart\u00ednez\n<span class=\"autogrow-textarea\">M\u00e9dico Especialista en Nefrolog\u00eda\nComplexo Hospitalario Universitario de Santiago\n<\/span>\n\n<hr \/>\n\n<a href=\"https:\/\/sgan.es\/wp-content\/uploads\/2015\/05\/mariajesuscastro.png\"><img class=\"alignleft wp-image-3499 size-full\" src=\"https:\/\/sgan.es\/wp-content\/uploads\/2015\/05\/mariajesuscastro.png\" alt=\"\" width=\"125\" height=\"125\" \/><\/a>\n<strong>Vocal:<\/strong> Dra. M\u00aa Jes\u00fas Castro Vilanova\n<span class=\"autogrow-textarea\">M\u00e9dico Especialista en Nefrolog\u00eda\nComplexo Hospitalario Universitario de Pontevedra\n<\/span>\n\n<hr \/>\n\n<a href=\"https:\/\/sgan.es\/wp-content\/uploads\/2015\/05\/lisbetcabana.png\"><img class=\"alignleft wp-image-3498 size-full\" src=\"https:\/\/sgan.es\/wp-content\/uploads\/2015\/05\/lisbetcabana.png\" alt=\"\" width=\"125\" height=\"125\" \/><\/a>\n<strong>Vocal:<\/strong> Dra. Mara Lisbet Cabana Carcasi\n<span class=\"autogrow-textarea\">M\u00e9dico Especialista en Nefrolog\u00eda\nPovisa\n<\/span>\n\n<hr \/>\n\n-->\n<h2>JUNTA DIRECTIVA<\/h2>\n<a href=\"https:\/\/sgan.es\/wp-content\/uploads\/2023\/01\/jesus.jpg\"><img class=\"alignleft wp-image-3500 size-full\" src=\"https:\/\/sgan.es\/wp-content\/uploads\/2023\/01\/jesus.jpg\" alt=\"\" width=\"125\" height=\"125\" \/><\/a>\n<strong>Presidente:<\/strong> Dr. Jes\u00fas Calvi\u00f1o Varela\nJefe de servicio de Nefrolog\u00eda\n<span class=\"autogrow-textarea\">M\u00e9dico especialista en Nefrolog\u00eda\nHospital Lucus Augusti. Lugo\n<\/span>\n\n<hr \/>\n\n<a href=\"https:\/\/sgan.es\/wp-content\/uploads\/2022\/10\/Beatriz.jpg\"><img class=\"alignleft wp-image-3500 size-full\" src=\"https:\/\/sgan.es\/wp-content\/uploads\/2022\/10\/Beatriz.jpg\" alt=\"\" width=\"125\" height=\"125\" data-wp-editing=\"1\" \/><\/a>\n<strong>Secretar\u00eda:<\/strong> Dra. Beatriz Mill\u00e1n D\u00edaz\n<span class=\"autogrow-textarea\">M\u00e9dico especialista en Nefrolog\u00eda\nComplexo Hospitalario Universitario de Ourense\n<\/span>\n\n<hr \/>\n\n<a href=\"https:\/\/sgan.es\/wp-content\/uploads\/2022\/10\/Cristina.jpg\"><img class=\"alignleft wp-image-3500 size-full\" src=\"https:\/\/sgan.es\/wp-content\/uploads\/2022\/10\/Cristina.jpg\" alt=\"\" width=\"125\" height=\"125\" \/><\/a>\n<strong>Tesorer\u00eda:<\/strong> Dra. Cristina P\u00e9rez Mel\u00f3n\n<span class=\"autogrow-textarea\">M\u00e9dico especialista en Nefrolog\u00eda\nComplexo Hospitalario Universitario de Ourense\n<\/span>\n\n<hr \/>\n\n<a href=\"https:\/\/sgan.es\/wp-content\/uploads\/2022\/10\/Santos.jpg\"><img class=\"alignleft wp-image-3500 size-full\" src=\"https:\/\/sgan.es\/wp-content\/uploads\/2022\/10\/Santos.jpg\" alt=\"\" width=\"125\" height=\"125\" \/><\/a>\n<strong>Vocal\u00eda:<\/strong> Dr. Juan Santos Nores\n<span class=\"autogrow-textarea\">M\u00e9dico especialista en Nefrolog\u00eda\nComplexo Hospitalario Universitario de Pontevedra\n<\/span>\n\n<hr \/>","_et_gb_content_width":"","footnotes":""},"class_list":["post-2578","page","type-page","status-publish","hentry"],"yoast_head":"<!-- This site is optimized with the Yoast SEO plugin v27.1.1 - https:\/\/yoast.com\/product\/yoast-seo-wordpress\/ -->\n<title>Junta directiva - SGAN<\/title>\n<meta name=\"robots\" content=\"index, follow, max-snippet:-1, max-image-preview:large, max-video-preview:-1\" \/>\n<link rel=\"canonical\" href=\"https:\/\/sgan.es\/gl\/junta-directiva\/\" \/>\n<meta property=\"og:locale\" content=\"gl_ES\" \/>\n<meta property=\"og:type\" content=\"article\" \/>\n<meta property=\"og:title\" content=\"Junta directiva - SGAN\" \/>\n<meta property=\"og:description\" content=\"JUNTA DIRECTIVAPresidente: Dr. Jes\u00fas Calvi\u00f1o VarelaJefe de servicio de Nefrolog\u00edaM\u00e9dico especialista en Nefrolog\u00edaHospital Lucus Augusti. LugoSecretar\u00eda: Dra. Beatriz Mill\u00e1n D\u00edazM\u00e9dico especialista en Nefrolog\u00edaComplexo Hospitalario Universitario de OurenseTesorer\u00eda: Dra. Cristina P\u00e9rez Mel\u00f3nM\u00e9dico especialista en Nefrolog\u00edaComplexo Hospitalario Universitario de OurenseVocal\u00eda: Dr. Juan Santos NoresM\u00e9dico especialista en Nefrolog\u00edaComplexo Hospitalario Universitario de Pontevedra\" \/>\n<meta property=\"og:url\" content=\"https:\/\/sgan.es\/gl\/junta-directiva\/\" \/>\n<meta property=\"og:site_name\" content=\"SGAN\" \/>\n<meta property=\"article:publisher\" content=\"https:\/\/www.facebook.com\/SGAN-244493612899331\/\" \/>\n<meta property=\"article:modified_time\" content=\"2024-04-23T08:27:47+00:00\" \/>\n<meta name=\"twitter:card\" content=\"summary_large_image\" \/>\n<meta name=\"twitter:site\" content=\"@NefroGalicia\" \/>\n<meta name=\"twitter:label1\" content=\"Tempo de lectura\" \/>\n\t<meta name=\"twitter:data1\" content=\"2 minutos\" \/>\n<script type=\"application\/ld+json\" class=\"yoast-schema-graph\">{\"@context\":\"https:\/\/schema.org\",\"@graph\":[{\"@type\":\"WebPage\",\"@id\":\"https:\/\/sgan.es\/junta-directiva\/\",\"url\":\"https:\/\/sgan.es\/junta-directiva\/\",\"name\":\"Junta directiva - SGAN\",\"isPartOf\":{\"@id\":\"https:\/\/sgan.es\/#website\"},\"datePublished\":\"2015-05-06T07:30:08+00:00\",\"dateModified\":\"2024-04-23T08:27:47+00:00\",\"breadcrumb\":{\"@id\":\"https:\/\/sgan.es\/junta-directiva\/#breadcrumb\"},\"inLanguage\":\"gl-ES\",\"potentialAction\":[{\"@type\":\"ReadAction\",\"target\":[\"https:\/\/sgan.es\/junta-directiva\/\"]}]},{\"@type\":\"BreadcrumbList\",\"@id\":\"https:\/\/sgan.es\/junta-directiva\/#breadcrumb\",\"itemListElement\":[{\"@type\":\"ListItem\",\"position\":1,\"name\":\"Inicio\",\"item\":\"https:\/\/sgan.es\/\"},{\"@type\":\"ListItem\",\"position\":2,\"name\":\"Junta directiva\"}]},{\"@type\":\"WebSite\",\"@id\":\"https:\/\/sgan.es\/#website\",\"url\":\"https:\/\/sgan.es\/\",\"name\":\"SGAN\",\"description\":\"Sociedad Gallega de Nefrolog\u00eda\",\"publisher\":{\"@id\":\"https:\/\/sgan.es\/#organization\"},\"potentialAction\":[{\"@type\":\"SearchAction\",\"target\":{\"@type\":\"EntryPoint\",\"urlTemplate\":\"https:\/\/sgan.es\/?s={search_term_string}\"},\"query-input\":{\"@type\":\"PropertyValueSpecification\",\"valueRequired\":true,\"valueName\":\"search_term_string\"}}],\"inLanguage\":\"gl-ES\"},{\"@type\":\"Organization\",\"@id\":\"https:\/\/sgan.es\/#organization\",\"name\":\"SGAN\",\"url\":\"https:\/\/sgan.es\/\",\"logo\":{\"@type\":\"ImageObject\",\"inLanguage\":\"gl-ES\",\"@id\":\"https:\/\/sgan.es\/#\/schema\/logo\/image\/\",\"url\":\"https:\/\/sgan.es\/wp-content\/uploads\/2023\/04\/logoSgan.jpg\",\"contentUrl\":\"https:\/\/sgan.es\/wp-content\/uploads\/2023\/04\/logoSgan.jpg\",\"width\":255,\"height\":193,\"caption\":\"SGAN\"},\"image\":{\"@id\":\"https:\/\/sgan.es\/#\/schema\/logo\/image\/\"},\"sameAs\":[\"https:\/\/www.facebook.com\/SGAN-244493612899331\/\",\"https:\/\/x.com\/NefroGalicia\"]}]}<\/script>\n<!-- \/ Yoast SEO plugin. -->","yoast_head_json":{"title":"Junta directiva - SGAN","robots":{"index":"index","follow":"follow","max-snippet":"max-snippet:-1","max-image-preview":"max-image-preview:large","max-video-preview":"max-video-preview:-1"},"canonical":"https:\/\/sgan.es\/gl\/junta-directiva\/","og_locale":"gl_ES","og_type":"article","og_title":"Junta directiva - SGAN","og_description":"JUNTA DIRECTIVAPresidente: Dr. Jes\u00fas Calvi\u00f1o VarelaJefe de servicio de Nefrolog\u00edaM\u00e9dico especialista en Nefrolog\u00edaHospital Lucus Augusti. LugoSecretar\u00eda: Dra. Beatriz Mill\u00e1n D\u00edazM\u00e9dico especialista en Nefrolog\u00edaComplexo Hospitalario Universitario de OurenseTesorer\u00eda: Dra. Cristina P\u00e9rez Mel\u00f3nM\u00e9dico especialista en Nefrolog\u00edaComplexo Hospitalario Universitario de OurenseVocal\u00eda: Dr. Juan Santos NoresM\u00e9dico especialista en Nefrolog\u00edaComplexo Hospitalario Universitario de Pontevedra","og_url":"https:\/\/sgan.es\/gl\/junta-directiva\/","og_site_name":"SGAN","article_publisher":"https:\/\/www.facebook.com\/SGAN-244493612899331\/","article_modified_time":"2024-04-23T08:27:47+00:00","twitter_card":"summary_large_image","twitter_site":"@NefroGalicia","twitter_misc":{"Tempo de lectura":"2 minutos"},"schema":{"@context":"https:\/\/schema.org","@graph":[{"@type":"WebPage","@id":"https:\/\/sgan.es\/junta-directiva\/","url":"https:\/\/sgan.es\/junta-directiva\/","name":"Junta directiva - SGAN","isPartOf":{"@id":"https:\/\/sgan.es\/#website"},"datePublished":"2015-05-06T07:30:08+00:00","dateModified":"2024-04-23T08:27:47+00:00","breadcrumb":{"@id":"https:\/\/sgan.es\/junta-directiva\/#breadcrumb"},"inLanguage":"gl-ES","potentialAction":[{"@type":"ReadAction","target":["https:\/\/sgan.es\/junta-directiva\/"]}]},{"@type":"BreadcrumbList","@id":"https:\/\/sgan.es\/junta-directiva\/#breadcrumb","itemListElement":[{"@type":"ListItem","position":1,"name":"Inicio","item":"https:\/\/sgan.es\/"},{"@type":"ListItem","position":2,"name":"Junta directiva"}]},{"@type":"WebSite","@id":"https:\/\/sgan.es\/#website","url":"https:\/\/sgan.es\/","name":"SGAN","description":"Sociedad Gallega de Nefrolog\u00eda","publisher":{"@id":"https:\/\/sgan.es\/#organization"},"potentialAction":[{"@type":"SearchAction","target":{"@type":"EntryPoint","urlTemplate":"https:\/\/sgan.es\/?s={search_term_string}"},"query-input":{"@type":"PropertyValueSpecification","valueRequired":true,"valueName":"search_term_string"}}],"inLanguage":"gl-ES"},{"@type":"Organization","@id":"https:\/\/sgan.es\/#organization","name":"SGAN","url":"https:\/\/sgan.es\/","logo":{"@type":"ImageObject","inLanguage":"gl-ES","@id":"https:\/\/sgan.es\/#\/schema\/logo\/image\/","url":"https:\/\/sgan.es\/wp-content\/uploads\/2023\/04\/logoSgan.jpg","contentUrl":"https:\/\/sgan.es\/wp-content\/uploads\/2023\/04\/logoSgan.jpg","width":255,"height":193,"caption":"SGAN"},"image":{"@id":"https:\/\/sgan.es\/#\/schema\/logo\/image\/"},"sameAs":["https:\/\/www.facebook.com\/SGAN-244493612899331\/","https:\/\/x.com\/NefroGalicia"]}]}},"_links":{"self":[{"href":"https:\/\/sgan.es\/gl\/wp-json\/wp\/v2\/pages\/2578","targetHints":{"allow":["GET"]}}],"collection":[{"href":"https:\/\/sgan.es\/gl\/wp-json\/wp\/v2\/pages"}],"about":[{"href":"https:\/\/sgan.es\/gl\/wp-json\/wp\/v2\/types\/page"}],"author":[{"embeddable":true,"href":"https:\/\/sgan.es\/gl\/wp-json\/wp\/v2\/users\/1"}],"replies":[{"embeddable":true,"href":"https:\/\/sgan.es\/gl\/wp-json\/wp\/v2\/comments?post=2578"}],"version-history":[{"count":0,"href":"https:\/\/sgan.es\/gl\/wp-json\/wp\/v2\/pages\/2578\/revisions"}],"wp:attachment":[{"href":"https:\/\/sgan.es\/gl\/wp-json\/wp\/v2\/media?parent=2578"}],"curies":[{"name":"wp","href":"https:\/\/api.w.org\/{rel}","templated":true}]}}