{"id":2886,"date":"2015-10-27T17:06:33","date_gmt":"2015-10-27T17:06:33","guid":{"rendered":"https:\/\/sgan.es\/?page_id=2886"},"modified":"2024-04-25T09:50:06","modified_gmt":"2024-04-25T09:50:06","slug":"ponencias-2-congreso","status":"publish","type":"page","link":"https:\/\/sgan.es\/gl\/ponencias-2-congreso\/","title":{"rendered":"Ponencias 2 \u00ba Congreso de la Sociedad Gallega de Nefrolog\u00eda"},"content":{"rendered":"<p>[et_pb_section fb_built=\u00bb1&#8243; custom_padding_last_edited=\u00bbon|desktop\u00bb next_background_color=\u00bb#ffffff\u00bb admin_label=\u00bbHeader\u00bb _builder_version=\u00bb4.25.0&#8243; background_image=\u00bbhttps:\/\/sgan.es\/wp-content\/uploads\/2024\/04\/home_banner_seccion.png\u00bb parallax=\u00bbon\u00bb custom_padding=\u00bb3vw||7vw||false|false\u00bb custom_padding_tablet=\u00bb100px||100px||true\u00bb custom_padding_phone=\u00bb||||true\u00bb bottom_divider_style=\u00bbramp2&#8243; bottom_divider_height=\u00bb250px\u00bb bottom_divider_flip=\u00bbhorizontal\u00bb bottom_divider_height_tablet=\u00bb150px\u00bb bottom_divider_height_phone=\u00bb110px\u00bb bottom_divider_height_last_edited=\u00bbon|phone\u00bb saved_tabs=\u00bball\u00bb global_colors_info=\u00bb{}\u00bb theme_builder_area=\u00bbpost_content\u00bb][et_pb_row _builder_version=\u00bb4.16&#8243; global_colors_info=\u00bb{}\u00bb theme_builder_area=\u00bbpost_content\u00bb][et_pb_column type=\u00bb4_4&#8243; _builder_version=\u00bb4.16&#8243; custom_padding=\u00bb|||\u00bb global_colors_info=\u00bb{}\u00bb custom_padding__hover=\u00bb|||\u00bb theme_builder_area=\u00bbpost_content\u00bb][et_pb_text _builder_version=\u00bb4.25.0&#8243; text_font=\u00bbRoboto||||||||\u00bb text_line_height=\u00bb1.8em\u00bb header_font=\u00bbRoboto|700|||||||\u00bb header_text_align=\u00bbcenter\u00bb header_font_size=\u00bb80px\u00bb header_line_height=\u00bb1.2em\u00bb header_3_font=\u00bbRoboto|700||on|||||\u00bb header_3_text_align=\u00bbcenter\u00bb header_3_text_color=\u00bb#ffffff\u00bb header_3_font_size=\u00bb24px\u00bb header_3_letter_spacing=\u00bb10px\u00bb header_3_line_height=\u00bb2em\u00bb text_orientation=\u00bbcenter\u00bb background_layout=\u00bbdark\u00bb module_alignment=\u00bbcenter\u00bb text_font_size_last_edited=\u00bboff|desktop\u00bb header_font_size_tablet=\u00bb40px\u00bb header_font_size_phone=\u00bb32px\u00bb header_font_size_last_edited=\u00bbon|phone\u00bb header_3_font_size_tablet=\u00bb16px\u00bb header_3_font_size_phone=\u00bb14px\u00bb header_3_font_size_last_edited=\u00bbon|phone\u00bb header_3_letter_spacing_tablet=\u00bb5px\u00bb header_3_letter_spacing_phone=\u00bb\u00bb header_3_letter_spacing_last_edited=\u00bbon|tablet\u00bb global_colors_info=\u00bb{}\u00bb theme_builder_area=\u00bbpost_content\u00bb]<\/p>\n<h1>PONENCIAS<\/h1>\n<p>[\/et_pb_text][\/et_pb_column][\/et_pb_row][\/et_pb_section][et_pb_section fb_built=\u00bb1&#8243; admin_label=\u00bbsection\u00bb _builder_version=\u00bb4.16&#8243; global_colors_info=\u00bb{}\u00bb][et_pb_row admin_label=\u00bbrow\u00bb _builder_version=\u00bb4.16&#8243; background_size=\u00bbinitial\u00bb background_position=\u00bbtop_left\u00bb background_repeat=\u00bbrepeat\u00bb global_colors_info=\u00bb{}\u00bb][et_pb_column type=\u00bb4_4&#8243; _builder_version=\u00bb4.16&#8243; custom_padding=\u00bb|||\u00bb global_colors_info=\u00bb{}\u00bb custom_padding__hover=\u00bb|||\u00bb][et_pb_code _builder_version=\u00bb4.25.0&#8243; _module_preset=\u00bbdefault\u00bb border_width_bottom=\u00bb1px\u00bb global_colors_info=\u00bb{}\u00bb theme_builder_area=\u00bbpost_content\u00bb]<span><span><a href=\"https:\/\/sgan.es\/\">Inicio<\/a><\/span><\/span>[\/et_pb_code][et_pb_text admin_label=\u00bbText\u00bb _builder_version=\u00bb4.16&#8243; background_size=\u00bbinitial\u00bb background_position=\u00bbtop_left\u00bb background_repeat=\u00bbrepeat\u00bb global_colors_info=\u00bb{}\u00bb]<\/p>\n<p><strong><a href=\"https:\/\/sgan.es\/wp-content\/uploads\/2015\/10\/Bouzas_Caamano_Encarnacion.pdf\">Informe 2014 do rexistro galego de enfermos renais<\/a><\/strong><br \/> <strong>Dra. Encarnaci\u00f3n Bouzas Caama\u00f1o.<\/strong><\/p>\n<p><strong><a href=\"https:\/\/sgan.es\/wp-content\/uploads\/2015\/10\/Molina_nunez_Manuel.pdf\">Hemodiafiltraci\u00f3n on-line<\/a><\/strong><br \/> <strong>Dr. Manuel Molina N\u00fa\u00f1ez.<\/strong><br \/> <strong>Hospital N\u00aa Sra. Del Rosell.<\/strong><\/p>\n<p><strong><a href=\"https:\/\/sgan.es\/wp-content\/uploads\/2015\/10\/Auxiliadora_Bajo_Rubio.pdf\">Hemodi\u00e1lisis corta frecuente<\/a><\/strong><br \/> <strong>Dra. M\u00aa Auxiliadora Bajo Rubio.<\/strong><br \/> <strong>H. Universitario La Paz.<\/strong><\/p>\n<p><strong><a href=\"https:\/\/sgan.es\/wp-content\/uploads\/2015\/10\/Sanchez_Alvarez_Emilio.pdf\" target=\"_blank\" rel=\"noopener\">Estrategias para prevenir el fallo precoz de la t\u00e9cnica<\/a><\/strong><br \/> <strong>Dr. Emilio S\u00e1nchez \u00c1lvarez<\/strong><br \/> H.U.C. de Asturias<\/p>\n<p><strong><a href=\"https:\/\/sgan.es\/wp-content\/uploads\/2015\/10\/Rodriguez_Carmona_Ana.pdf\" target=\"_blank\" rel=\"noopener\">Manejo del paciente con problemas de UF<\/a><\/strong><br \/> <strong>Dra. Ana Rodr\u00edguez Carmona de la Torre<\/strong>.<br \/> C.H.U. A Coru\u00f1a<\/p>\n<p><strong><a href=\"https:\/\/sgan.es\/wp-content\/uploads\/2015\/10\/Praga_Terente_Manuel.pdf\" target=\"_blank\" rel=\"noopener\">Actualizaci\u00f3n en el tratamiento de las enfermedades glomerulares<\/a><\/strong><br \/> <strong>Dr. Manuel Praga Terente<\/strong>.<br \/> H. 12 de Octubre. Madrid<br \/> <strong><a href=\"https:\/\/sgan.es\/wp-content\/uploads\/2015\/10\/Perdiguero_Gil_Miguel.pdf\" target=\"_blank\" rel=\"noopener\">Aspectos cl\u00ednicos y terap\u00e9uticos de las gammapat\u00edas monoclonales<\/a><\/strong><br \/> <strong>Dr. Miguel Perdiguero Gil<\/strong>.<br \/> H.G.U. de Alicante<\/p>\n<p><strong><a href=\"https:\/\/sgan.es\/wp-content\/uploads\/2015\/10\/Tome_Santiago.pdf\" target=\"_blank\" rel=\"noopener\">Manejo del paciente con infecci\u00f3n por VHC<\/a><\/strong><br \/> <strong>Dr. Santiago Tom\u00e9 Mart\u00ednez de Rituerto<\/strong>.<br \/> C.H.U. de Santiago<\/p>\n<p><strong><a href=\"https:\/\/sgan.es\/wp-content\/uploads\/2015\/10\/Aldama_Guillermo.pdf\" target=\"_blank\" rel=\"noopener\">Valoraci\u00f3n cardiol\u00f3gica pretrasplante<\/a><\/strong><br \/> <strong>Dr. Guillermo Aldama L\u00f3pez<\/strong>.<br \/> C.H.U. de A Coru\u00f1a<\/p>\n<p>[\/et_pb_text][\/et_pb_column][\/et_pb_row][\/et_pb_section]<\/p>\n","protected":false},"excerpt":{"rendered":"<p>PONENCIAS<span><span><a href=\"https:\/\/sgan.es\/\">Inicio<\/a><\/span><\/span>Informe 2014 do rexistro galego de enfermos renais Dra. Encarnaci\u00f3n Bouzas Caama\u00f1o. Hemodiafiltraci\u00f3n on-line Dr. Manuel Molina N\u00fa\u00f1ez. Hospital N\u00aa Sra. Del Rosell. Hemodi\u00e1lisis corta frecuente Dra. M\u00aa Auxiliadora Bajo Rubio. H. Universitario La Paz. Estrategias para prevenir el fallo precoz de la t\u00e9cnica Dr. Emilio S\u00e1nchez \u00c1lvarez H.U.C. de Asturias Manejo del paciente con [&hellip;]<\/p>\n","protected":false},"author":1,"featured_media":0,"parent":0,"menu_order":22,"comment_status":"closed","ping_status":"closed","template":"","meta":{"_et_pb_use_builder":"on","_et_pb_old_content":"<p><strong><a href=\"https:\/\/sgan.es\/wp-content\/uploads\/2015\/10\/Bouzas_Caamano_Encarnacion.pdf\">Informe 2014 do rexistro galego de enfermos renais<\/a><\/strong><br \/> <strong>Dra. Encarnaci\u00f3n Bouzas Caama\u00f1o.<\/strong><\/p>\r\n<p><strong><a href=\"https:\/\/sgan.es\/wp-content\/uploads\/2015\/10\/Molina_nunez_Manuel.pdf\">Hemodiafiltraci\u00f3n on-line<\/a><\/strong><br \/> <strong>Dr. Manuel Molina N\u00fa\u00f1ez.<\/strong><br \/> <strong>Hospital N\u00aa Sra. Del Rosell.<\/strong><\/p>\r\n<p><strong><a href=\"https:\/\/sgan.es\/wp-content\/uploads\/2015\/10\/Auxiliadora_Bajo_Rubio.pdf\">Hemodi\u00e1lisis corta frecuente<\/a><\/strong><br \/> <strong>Dra. M\u00aa Auxiliadora Bajo Rubio.<\/strong><br \/> <strong>H. Universitario La Paz.<\/strong><\/p>\r\n<p><strong><a href=\"https:\/\/sgan.es\/wp-content\/uploads\/2015\/10\/Sanchez_Alvarez_Emilio.pdf\" target=\"_blank\">Estrategias para prevenir el fallo precoz de la t\u00e9cnica<\/a><\/strong><br \/> <strong>Dr. Emilio S\u00e1nchez \u00c1lvarez<\/strong><br \/> H.U.C. de Asturias<\/p>\r\n<p><strong><a href=\"https:\/\/sgan.es\/wp-content\/uploads\/2015\/10\/Rodriguez_Carmona_Ana.pdf\" target=\"_blank\">Manejo del paciente con problemas de UF<\/a><\/strong><br \/> <strong>Dra. Ana Rodr\u00edguez Carmona de la Torre<\/strong>.<br \/> C.H.U. A Coru\u00f1a<\/p>\r\n<p><strong><a href=\"https:\/\/sgan.es\/wp-content\/uploads\/2015\/10\/Praga_Terente_Manuel.pdf\" target=\"_blank\">Actualizaci\u00f3n en el tratamiento de las enfermedades glomerulares<\/a><\/strong><br \/> <strong>Dr. Manuel Praga Terente<\/strong>.<br \/> H. 12 de Octubre. Madrid<br \/> <strong><a href=\"https:\/\/sgan.es\/wp-content\/uploads\/2015\/10\/Perdiguero_Gil_Miguel.pdf\" target=\"_blank\">Aspectos cl\u00ednicos y terap\u00e9uticos de las gammapat\u00edas monoclonales<\/a><\/strong><br \/> <strong>Dr. Miguel Perdiguero Gil<\/strong>.<br \/> H.G.U. de Alicante<\/p>\r\n<p><strong><a href=\"https:\/\/sgan.es\/wp-content\/uploads\/2015\/10\/Tome_Santiago.pdf\" target=\"_blank\">Manejo del paciente con infecci\u00f3n por VHC<\/a><\/strong><br \/> <strong>Dr. Santiago Tom\u00e9 Mart\u00ednez de Rituerto<\/strong>.<br \/> C.H.U. de Santiago<\/p>\r\n<p><strong><a href=\"https:\/\/sgan.es\/wp-content\/uploads\/2015\/10\/Aldama_Guillermo.pdf\" target=\"_blank\">Valoraci\u00f3n cardiol\u00f3gica pretrasplante<\/a><\/strong><br \/> <strong>Dr. Guillermo Aldama L\u00f3pez<\/strong>.<br \/> C.H.U. de A Coru\u00f1a<\/p>\r\n","_et_gb_content_width":"","footnotes":""},"class_list":["post-2886","page","type-page","status-publish","hentry"],"yoast_head":"<!-- This site is optimized with the Yoast SEO plugin v27.1.1 - https:\/\/yoast.com\/product\/yoast-seo-wordpress\/ -->\n<title>Ponencias 2 \u00ba Congreso de la Sociedad Gallega de Nefrolog\u00eda - SGAN<\/title>\n<meta name=\"robots\" content=\"index, follow, max-snippet:-1, max-image-preview:large, max-video-preview:-1\" \/>\n<link rel=\"canonical\" href=\"https:\/\/sgan.es\/gl\/ponencias-2-congreso\/\" \/>\n<meta property=\"og:locale\" content=\"gl_ES\" \/>\n<meta property=\"og:type\" content=\"article\" \/>\n<meta property=\"og:title\" content=\"Ponencias 2 \u00ba Congreso de la Sociedad Gallega de Nefrolog\u00eda - SGAN\" \/>\n<meta property=\"og:description\" content=\"PONENCIASInforme 2014 do rexistro galego de enfermos renais Dra. Encarnaci\u00f3n Bouzas Caama\u00f1o. Hemodiafiltraci\u00f3n on-line Dr. Manuel Molina N\u00fa\u00f1ez. Hospital N\u00aa Sra. Del Rosell. Hemodi\u00e1lisis corta frecuente Dra. M\u00aa Auxiliadora Bajo Rubio. H. Universitario La Paz. Estrategias para prevenir el fallo precoz de la t\u00e9cnica Dr. Emilio S\u00e1nchez \u00c1lvarez H.U.C. de Asturias Manejo del paciente con [&hellip;]\" \/>\n<meta property=\"og:url\" content=\"https:\/\/sgan.es\/gl\/ponencias-2-congreso\/\" \/>\n<meta property=\"og:site_name\" content=\"SGAN\" \/>\n<meta property=\"article:publisher\" content=\"https:\/\/www.facebook.com\/SGAN-244493612899331\/\" \/>\n<meta property=\"article:modified_time\" content=\"2024-04-25T09:50:06+00:00\" \/>\n<meta name=\"twitter:card\" content=\"summary_large_image\" \/>\n<meta name=\"twitter:site\" content=\"@NefroGalicia\" \/>\n<meta name=\"twitter:label1\" content=\"Tempo de lectura\" \/>\n\t<meta name=\"twitter:data1\" content=\"3 minutos\" \/>\n<script type=\"application\/ld+json\" class=\"yoast-schema-graph\">{\"@context\":\"https:\/\/schema.org\",\"@graph\":[{\"@type\":\"WebPage\",\"@id\":\"https:\/\/sgan.es\/ponencias-2-congreso\/\",\"url\":\"https:\/\/sgan.es\/ponencias-2-congreso\/\",\"name\":\"Ponencias 2 \u00ba Congreso de la Sociedad Gallega de Nefrolog\u00eda - SGAN\",\"isPartOf\":{\"@id\":\"https:\/\/sgan.es\/#website\"},\"datePublished\":\"2015-10-27T17:06:33+00:00\",\"dateModified\":\"2024-04-25T09:50:06+00:00\",\"breadcrumb\":{\"@id\":\"https:\/\/sgan.es\/ponencias-2-congreso\/#breadcrumb\"},\"inLanguage\":\"gl-ES\",\"potentialAction\":[{\"@type\":\"ReadAction\",\"target\":[\"https:\/\/sgan.es\/ponencias-2-congreso\/\"]}]},{\"@type\":\"BreadcrumbList\",\"@id\":\"https:\/\/sgan.es\/ponencias-2-congreso\/#breadcrumb\",\"itemListElement\":[{\"@type\":\"ListItem\",\"position\":1,\"name\":\"Inicio\",\"item\":\"https:\/\/sgan.es\/\"},{\"@type\":\"ListItem\",\"position\":2,\"name\":\"Ponencias 2 \u00ba Congreso de la Sociedad Gallega de Nefrolog\u00eda\"}]},{\"@type\":\"WebSite\",\"@id\":\"https:\/\/sgan.es\/#website\",\"url\":\"https:\/\/sgan.es\/\",\"name\":\"SGAN\",\"description\":\"Sociedad Gallega de Nefrolog\u00eda\",\"publisher\":{\"@id\":\"https:\/\/sgan.es\/#organization\"},\"potentialAction\":[{\"@type\":\"SearchAction\",\"target\":{\"@type\":\"EntryPoint\",\"urlTemplate\":\"https:\/\/sgan.es\/?s={search_term_string}\"},\"query-input\":{\"@type\":\"PropertyValueSpecification\",\"valueRequired\":true,\"valueName\":\"search_term_string\"}}],\"inLanguage\":\"gl-ES\"},{\"@type\":\"Organization\",\"@id\":\"https:\/\/sgan.es\/#organization\",\"name\":\"SGAN\",\"url\":\"https:\/\/sgan.es\/\",\"logo\":{\"@type\":\"ImageObject\",\"inLanguage\":\"gl-ES\",\"@id\":\"https:\/\/sgan.es\/#\/schema\/logo\/image\/\",\"url\":\"https:\/\/sgan.es\/wp-content\/uploads\/2023\/04\/logoSgan.jpg\",\"contentUrl\":\"https:\/\/sgan.es\/wp-content\/uploads\/2023\/04\/logoSgan.jpg\",\"width\":255,\"height\":193,\"caption\":\"SGAN\"},\"image\":{\"@id\":\"https:\/\/sgan.es\/#\/schema\/logo\/image\/\"},\"sameAs\":[\"https:\/\/www.facebook.com\/SGAN-244493612899331\/\",\"https:\/\/x.com\/NefroGalicia\"]}]}<\/script>\n<!-- \/ Yoast SEO plugin. -->","yoast_head_json":{"title":"Ponencias 2 \u00ba Congreso de la Sociedad Gallega de Nefrolog\u00eda - SGAN","robots":{"index":"index","follow":"follow","max-snippet":"max-snippet:-1","max-image-preview":"max-image-preview:large","max-video-preview":"max-video-preview:-1"},"canonical":"https:\/\/sgan.es\/gl\/ponencias-2-congreso\/","og_locale":"gl_ES","og_type":"article","og_title":"Ponencias 2 \u00ba Congreso de la Sociedad Gallega de Nefrolog\u00eda - SGAN","og_description":"PONENCIASInforme 2014 do rexistro galego de enfermos renais Dra. Encarnaci\u00f3n Bouzas Caama\u00f1o. Hemodiafiltraci\u00f3n on-line Dr. Manuel Molina N\u00fa\u00f1ez. Hospital N\u00aa Sra. Del Rosell. Hemodi\u00e1lisis corta frecuente Dra. M\u00aa Auxiliadora Bajo Rubio. H. Universitario La Paz. Estrategias para prevenir el fallo precoz de la t\u00e9cnica Dr. Emilio S\u00e1nchez \u00c1lvarez H.U.C. de Asturias Manejo del paciente con [&hellip;]","og_url":"https:\/\/sgan.es\/gl\/ponencias-2-congreso\/","og_site_name":"SGAN","article_publisher":"https:\/\/www.facebook.com\/SGAN-244493612899331\/","article_modified_time":"2024-04-25T09:50:06+00:00","twitter_card":"summary_large_image","twitter_site":"@NefroGalicia","twitter_misc":{"Tempo de lectura":"3 minutos"},"schema":{"@context":"https:\/\/schema.org","@graph":[{"@type":"WebPage","@id":"https:\/\/sgan.es\/ponencias-2-congreso\/","url":"https:\/\/sgan.es\/ponencias-2-congreso\/","name":"Ponencias 2 \u00ba Congreso de la Sociedad Gallega de Nefrolog\u00eda - SGAN","isPartOf":{"@id":"https:\/\/sgan.es\/#website"},"datePublished":"2015-10-27T17:06:33+00:00","dateModified":"2024-04-25T09:50:06+00:00","breadcrumb":{"@id":"https:\/\/sgan.es\/ponencias-2-congreso\/#breadcrumb"},"inLanguage":"gl-ES","potentialAction":[{"@type":"ReadAction","target":["https:\/\/sgan.es\/ponencias-2-congreso\/"]}]},{"@type":"BreadcrumbList","@id":"https:\/\/sgan.es\/ponencias-2-congreso\/#breadcrumb","itemListElement":[{"@type":"ListItem","position":1,"name":"Inicio","item":"https:\/\/sgan.es\/"},{"@type":"ListItem","position":2,"name":"Ponencias 2 \u00ba Congreso de la Sociedad Gallega de Nefrolog\u00eda"}]},{"@type":"WebSite","@id":"https:\/\/sgan.es\/#website","url":"https:\/\/sgan.es\/","name":"SGAN","description":"Sociedad Gallega de Nefrolog\u00eda","publisher":{"@id":"https:\/\/sgan.es\/#organization"},"potentialAction":[{"@type":"SearchAction","target":{"@type":"EntryPoint","urlTemplate":"https:\/\/sgan.es\/?s={search_term_string}"},"query-input":{"@type":"PropertyValueSpecification","valueRequired":true,"valueName":"search_term_string"}}],"inLanguage":"gl-ES"},{"@type":"Organization","@id":"https:\/\/sgan.es\/#organization","name":"SGAN","url":"https:\/\/sgan.es\/","logo":{"@type":"ImageObject","inLanguage":"gl-ES","@id":"https:\/\/sgan.es\/#\/schema\/logo\/image\/","url":"https:\/\/sgan.es\/wp-content\/uploads\/2023\/04\/logoSgan.jpg","contentUrl":"https:\/\/sgan.es\/wp-content\/uploads\/2023\/04\/logoSgan.jpg","width":255,"height":193,"caption":"SGAN"},"image":{"@id":"https:\/\/sgan.es\/#\/schema\/logo\/image\/"},"sameAs":["https:\/\/www.facebook.com\/SGAN-244493612899331\/","https:\/\/x.com\/NefroGalicia"]}]}},"_links":{"self":[{"href":"https:\/\/sgan.es\/gl\/wp-json\/wp\/v2\/pages\/2886","targetHints":{"allow":["GET"]}}],"collection":[{"href":"https:\/\/sgan.es\/gl\/wp-json\/wp\/v2\/pages"}],"about":[{"href":"https:\/\/sgan.es\/gl\/wp-json\/wp\/v2\/types\/page"}],"author":[{"embeddable":true,"href":"https:\/\/sgan.es\/gl\/wp-json\/wp\/v2\/users\/1"}],"replies":[{"embeddable":true,"href":"https:\/\/sgan.es\/gl\/wp-json\/wp\/v2\/comments?post=2886"}],"version-history":[{"count":2,"href":"https:\/\/sgan.es\/gl\/wp-json\/wp\/v2\/pages\/2886\/revisions"}],"predecessor-version":[{"id":4413,"href":"https:\/\/sgan.es\/gl\/wp-json\/wp\/v2\/pages\/2886\/revisions\/4413"}],"wp:attachment":[{"href":"https:\/\/sgan.es\/gl\/wp-json\/wp\/v2\/media?parent=2886"}],"curies":[{"name":"wp","href":"https:\/\/api.w.org\/{rel}","templated":true}]}}