{"id":3362,"date":"2016-11-18T09:55:32","date_gmt":"2016-11-18T09:55:32","guid":{"rendered":"https:\/\/sgan.es\/?page_id=3362"},"modified":"2024-04-25T09:51:57","modified_gmt":"2024-04-25T09:51:57","slug":"ponencias-3-congreso","status":"publish","type":"page","link":"https:\/\/sgan.es\/gl\/ponencias-3-congreso\/","title":{"rendered":"Ponencias 3 \u00ba Congreso de la Sociedad Gallega de Nefrolog\u00eda"},"content":{"rendered":"<p>[et_pb_section fb_built=\u00bb1&#8243; custom_padding_last_edited=\u00bbon|desktop\u00bb next_background_color=\u00bb#ffffff\u00bb admin_label=\u00bbHeader\u00bb _builder_version=\u00bb4.25.0&#8243; background_image=\u00bbhttps:\/\/sgan.es\/wp-content\/uploads\/2024\/04\/home_banner_seccion.png\u00bb parallax=\u00bbon\u00bb custom_padding=\u00bb3vw||7vw||false|false\u00bb custom_padding_tablet=\u00bb100px||100px||true\u00bb custom_padding_phone=\u00bb||||true\u00bb bottom_divider_style=\u00bbramp2&#8243; bottom_divider_height=\u00bb250px\u00bb bottom_divider_flip=\u00bbhorizontal\u00bb bottom_divider_height_tablet=\u00bb150px\u00bb bottom_divider_height_phone=\u00bb110px\u00bb bottom_divider_height_last_edited=\u00bbon|phone\u00bb saved_tabs=\u00bball\u00bb global_colors_info=\u00bb{}\u00bb theme_builder_area=\u00bbpost_content\u00bb][et_pb_row _builder_version=\u00bb4.16&#8243; global_colors_info=\u00bb{}\u00bb theme_builder_area=\u00bbpost_content\u00bb][et_pb_column type=\u00bb4_4&#8243; _builder_version=\u00bb4.16&#8243; custom_padding=\u00bb|||\u00bb global_colors_info=\u00bb{}\u00bb custom_padding__hover=\u00bb|||\u00bb theme_builder_area=\u00bbpost_content\u00bb][et_pb_text _builder_version=\u00bb4.25.0&#8243; text_font=\u00bbRoboto||||||||\u00bb text_line_height=\u00bb1.8em\u00bb header_font=\u00bbRoboto|700|||||||\u00bb header_text_align=\u00bbcenter\u00bb header_font_size=\u00bb80px\u00bb header_line_height=\u00bb1.2em\u00bb header_3_font=\u00bbRoboto|700||on|||||\u00bb header_3_text_align=\u00bbcenter\u00bb header_3_text_color=\u00bb#ffffff\u00bb header_3_font_size=\u00bb24px\u00bb header_3_letter_spacing=\u00bb10px\u00bb header_3_line_height=\u00bb2em\u00bb text_orientation=\u00bbcenter\u00bb background_layout=\u00bbdark\u00bb module_alignment=\u00bbcenter\u00bb text_font_size_last_edited=\u00bboff|desktop\u00bb header_font_size_tablet=\u00bb40px\u00bb header_font_size_phone=\u00bb32px\u00bb header_font_size_last_edited=\u00bbon|phone\u00bb header_3_font_size_tablet=\u00bb16px\u00bb header_3_font_size_phone=\u00bb14px\u00bb header_3_font_size_last_edited=\u00bbon|phone\u00bb header_3_letter_spacing_tablet=\u00bb5px\u00bb header_3_letter_spacing_phone=\u00bb\u00bb header_3_letter_spacing_last_edited=\u00bbon|tablet\u00bb global_colors_info=\u00bb{}\u00bb theme_builder_area=\u00bbpost_content\u00bb]<\/p>\n<h1>PONENCIAS<\/h1>\n<p>[\/et_pb_text][\/et_pb_column][\/et_pb_row][\/et_pb_section][et_pb_section fb_built=\u00bb1&#8243; admin_label=\u00bbsection\u00bb _builder_version=\u00bb4.16&#8243; global_colors_info=\u00bb{}\u00bb][et_pb_row admin_label=\u00bbrow\u00bb _builder_version=\u00bb4.16&#8243; background_size=\u00bbinitial\u00bb background_position=\u00bbtop_left\u00bb background_repeat=\u00bbrepeat\u00bb global_colors_info=\u00bb{}\u00bb][et_pb_column type=\u00bb4_4&#8243; _builder_version=\u00bb4.16&#8243; custom_padding=\u00bb|||\u00bb global_colors_info=\u00bb{}\u00bb custom_padding__hover=\u00bb|||\u00bb][et_pb_code _builder_version=\u00bb4.25.0&#8243; _module_preset=\u00bbdefault\u00bb border_width_bottom=\u00bb1px\u00bb global_colors_info=\u00bb{}\u00bb theme_builder_area=\u00bbpost_content\u00bb]<span><span><a href=\"https:\/\/sgan.es\/\">Inicio<\/a><\/span><\/span>[\/et_pb_code][et_pb_text admin_label=\u00bbText\u00bb _builder_version=\u00bb4.16&#8243; background_size=\u00bbinitial\u00bb background_position=\u00bbtop_left\u00bb background_repeat=\u00bbrepeat\u00bb global_colors_info=\u00bb{}\u00bb]<\/p>\n<p><a href=\"https:\/\/sgan.es\/wp-content\/uploads\/2015\/05\/ponencias-web-2016\/00-REXER_2015.pdf\" target=\"_blank\" rel=\"noopener\"><strong>Registro REXER<\/strong><\/a><br \/>\n Dra. Encarnaci\u00f3n Bouzas Caama\u00f1o<\/p>\n<p><a href=\"https:\/\/sgan.es\/wp-content\/uploads\/2015\/05\/ponencias-web-2016\/01_pro mas alla de kt.pdf\" target=\"_blank\" rel=\"noopener\"><strong>Pro: M\u00e1s alla de KT\/V o KT. \u00daltimos d\u00edas del KT\/V<\/strong><\/a><br \/>\n Manuel Molina N\u00fa\u00f1ez<\/p>\n<p><a href=\"https:\/\/sgan.es\/wp-content\/uploads\/2015\/05\/ponencias-web-2016\/02_contra mas alla de kt.pdf\" target=\"_blank\" rel=\"noopener\"><strong>contra: M\u00e1s alla de KT\/V o KT. \u00daltimos d\u00edas del KT\/V<\/strong><\/a><br \/>\n Jos\u00e9 Luis Teruel Briones<\/p>\n<p><a href=\"https:\/\/sgan.es\/wp-content\/uploads\/2015\/05\/ponencias-web-2016\/03_pro dialisis frencuente.pdf\" target=\"_blank\" rel=\"noopener\"><strong>Pro: Di\u00e1lisis frecuentes o nocturna o cuarto d\u00eda frente a di\u00e1lisis incremental<\/strong><\/a><br \/>\n Rafael P\u00e9rez Garc\u00eda<\/p>\n<p><a href=\"https:\/\/sgan.es\/wp-content\/uploads\/2015\/05\/ponencias-web-2016\/04_contra dialisis frencuente.pdf\" target=\"_blank\" rel=\"noopener\"><strong>contra: Di\u00e1lisis frecuentes o nocturna o cuarto d\u00eda frente a di\u00e1lisis incremental<\/strong><\/a><br \/>\n Milagros Fern\u00e1ndez Lucas<\/p>\n<p><a href=\"https:\/\/sgan.es\/wp-content\/uploads\/2015\/05\/ponencias-web-2016\/05_analisis de biocompatibilidad.pdf\" target=\"_blank\" rel=\"noopener\"><strong>An\u00e1lisis de biocompatibilidad a trav\u00e9s de la biopsia peritoneal<\/strong><\/a><br \/>\n Jos\u00e9 Antonio Jim\u00e9nez Heffernan<\/p>\n<p><a href=\"https:\/\/sgan.es\/wp-content\/uploads\/2015\/05\/ponencias-web-2016\/06_Registro_Enfermedad_Poliquistica_en_Galicia.pdf\" target=\"_blank\" rel=\"noopener\"><strong> \u00abRegistro Enfermedad Poliqu\u00edstica\u00bb en Galicia<\/strong><\/a><br \/>\n Miguel A. Garc\u00eda Gonz\u00e1lez<\/p>\n<p><a href=\"https:\/\/sgan.es\/wp-content\/uploads\/2015\/05\/ponencias-web-2016\/07_Marcadores farmacogen\u00e9ticos.pdf\" target=\"_blank\" rel=\"noopener\"><strong>Marcadores farmacogen\u00e9ticos en la funci\u00f3n inmunitaria y respuesta a inmunosupresores en el trasplante renal<\/strong><\/a><br \/>\n Eliecer Coto Garc\u00eda<\/p>\n<p><a href=\"https:\/\/sgan.es\/wp-content\/uploads\/2015\/05\/ponencias-web-2016\/08_Linfos T.pdf\" target=\"_blank\" rel=\"noopener\"><strong>Linfos T en tolerancia a largo plazo del injerto renal. <\/strong><\/a><br \/>\n Jos\u00e9 G\u00f3mez Rial<\/p>\n<p><a href=\"https:\/\/sgan.es\/wp-content\/uploads\/2015\/05\/ponencias-web-2016\/10_Calcificacion  vascular.pdf\" target=\"_blank\" rel=\"noopener\"><strong>Calcificaci\u00f3n vascular marcador subrogado. \u00bfel tratamiento imposible?<\/strong><\/a><br \/>\n Jordi Bover Sanjuan<\/p>\n<p><a href=\"https:\/\/sgan.es\/wp-content\/uploads\/2015\/05\/ponencias-web-2016\/12_Troncalidad.pdf\" target=\"_blank\" rel=\"noopener\"><strong>Troncalidad: reforma del sistema MIR<\/strong><\/a><br \/>\n Gema Fern\u00e1ndez Ju\u00e1rez<\/p>\n<p>[\/et_pb_text][\/et_pb_column][\/et_pb_row][\/et_pb_section]<\/p>\n","protected":false},"excerpt":{"rendered":"<p>PONENCIAS<span><span><a href=\"https:\/\/sgan.es\/\">Inicio<\/a><\/span><\/span>Registro REXER Dra. Encarnaci\u00f3n Bouzas Caama\u00f1o Pro: M\u00e1s alla de KT\/V o KT. \u00daltimos d\u00edas del KT\/V Manuel Molina N\u00fa\u00f1ez contra: M\u00e1s alla de KT\/V o KT. \u00daltimos d\u00edas del KT\/V Jos\u00e9 Luis Teruel Briones Pro: Di\u00e1lisis frecuentes o nocturna o cuarto d\u00eda frente a di\u00e1lisis incremental Rafael P\u00e9rez Garc\u00eda contra: Di\u00e1lisis frecuentes o nocturna [&hellip;]<\/p>\n","protected":false},"author":1,"featured_media":0,"parent":0,"menu_order":33,"comment_status":"closed","ping_status":"closed","template":"","meta":{"_et_pb_use_builder":"on","_et_pb_old_content":"<p><a href=\"https:\/\/sgan.es\/wp-content\/uploads\/2015\/05\/ponencias-web-2016\/00-REXER_2015.pdf\" target=\"_blank\"><strong>Registro REXER<\/strong><\/a><br \/>\r\n Dra. Encarnaci\u00f3n Bouzas Caama\u00f1o<\/p>\r\n<p><a href=\"https:\/\/sgan.es\/wp-content\/uploads\/2015\/05\/ponencias-web-2016\/01_pro mas alla de kt.pdf\" target=\"_blank\"><strong>Pro: M\u00e1s alla de KT\/V o KT. \u00daltimos d\u00edas del KT\/V<\/strong><\/a><br \/>\r\n Manuel Molina N\u00fa\u00f1ez<\/p>\r\n<p><a href=\"https:\/\/sgan.es\/wp-content\/uploads\/2015\/05\/ponencias-web-2016\/02_contra mas alla de kt.pdf\" target=\"_blank\"><strong>contra: M\u00e1s alla de KT\/V o KT. \u00daltimos d\u00edas del KT\/V<\/strong><\/a><br \/>\r\n Jos\u00e9 Luis Teruel Briones<\/p>\r\n<p><a href=\"https:\/\/sgan.es\/wp-content\/uploads\/2015\/05\/ponencias-web-2016\/03_pro dialisis frencuente.pdf\" target=\"_blank\"><strong>Pro: Di\u00e1lisis frecuentes o nocturna o cuarto d\u00eda frente a di\u00e1lisis incremental<\/strong><\/a><br \/>\r\n Rafael P\u00e9rez Garc\u00eda<\/p>\r\n<p><a href=\"https:\/\/sgan.es\/wp-content\/uploads\/2015\/05\/ponencias-web-2016\/04_contra dialisis frencuente.pdf\" target=\"_blank\"><strong>contra: Di\u00e1lisis frecuentes o nocturna o cuarto d\u00eda frente a di\u00e1lisis incremental<\/strong><\/a><br \/>\r\n Milagros Fern\u00e1ndez Lucas<\/p>\r\n<p><a href=\"https:\/\/sgan.es\/wp-content\/uploads\/2015\/05\/ponencias-web-2016\/05_analisis de biocompatibilidad.pdf\" target=\"_blank\"><strong>An\u00e1lisis de biocompatibilidad a trav\u00e9s de la biopsia peritoneal<\/strong><\/a><br \/>\r\n Jos\u00e9 Antonio Jim\u00e9nez Heffernan<\/p>\r\n<p><a href=\"https:\/\/sgan.es\/wp-content\/uploads\/2015\/05\/ponencias-web-2016\/06_Registro_Enfermedad_Poliquistica_en_Galicia.pdf\" target=\"_blank\"><strong> \"Registro Enfermedad Poliqu\u00edstica\" en Galicia<\/strong><\/a><br \/>\r\n Miguel A. Garc\u00eda Gonz\u00e1lez<\/p>\r\n<p><a href=\"https:\/\/sgan.es\/wp-content\/uploads\/2015\/05\/ponencias-web-2016\/07_Marcadores farmacogen\u00e9ticos.pdf\" target=\"_blank\"><strong>Marcadores farmacogen\u00e9ticos en la funci\u00f3n inmunitaria y respuesta a inmunosupresores en el trasplante renal<\/strong><\/a><br \/>\r\n Eliecer Coto Garc\u00eda<\/p>\r\n<p><a href=\"https:\/\/sgan.es\/wp-content\/uploads\/2015\/05\/ponencias-web-2016\/08_Linfos T.pdf\" target=\"_blank\"><strong>Linfos T en tolerancia a largo plazo del injerto renal. <\/strong><\/a><br \/>\r\n Jos\u00e9 G\u00f3mez Rial<\/p>\r\n<p><a href=\"https:\/\/sgan.es\/wp-content\/uploads\/2015\/05\/ponencias-web-2016\/10_Calcificacion  vascular.pdf\" target=\"_blank\"><strong>Calcificaci\u00f3n vascular marcador subrogado. \u00bfel tratamiento imposible?<\/strong><\/a><br \/>\r\n Jordi Bover Sanjuan<\/p>\r\n<p><a href=\"https:\/\/sgan.es\/wp-content\/uploads\/2015\/05\/ponencias-web-2016\/12_Troncalidad.pdf\" target=\"_blank\"><strong>Troncalidad: reforma del sistema MIR<\/strong><\/a><br \/>\r\n Gema Fern\u00e1ndez Ju\u00e1rez<\/p>","_et_gb_content_width":"","footnotes":""},"class_list":["post-3362","page","type-page","status-publish","hentry"],"yoast_head":"<!-- This site is optimized with the Yoast SEO plugin v27.1.1 - https:\/\/yoast.com\/product\/yoast-seo-wordpress\/ -->\n<title>Ponencias 3 \u00ba Congreso de la Sociedad Gallega de Nefrolog\u00eda - SGAN<\/title>\n<meta name=\"robots\" content=\"index, follow, max-snippet:-1, max-image-preview:large, max-video-preview:-1\" \/>\n<link rel=\"canonical\" href=\"https:\/\/sgan.es\/gl\/ponencias-3-congreso\/\" \/>\n<meta property=\"og:locale\" content=\"gl_ES\" \/>\n<meta property=\"og:type\" content=\"article\" \/>\n<meta property=\"og:title\" content=\"Ponencias 3 \u00ba Congreso de la Sociedad Gallega de Nefrolog\u00eda - SGAN\" \/>\n<meta property=\"og:description\" content=\"PONENCIASRegistro REXER Dra. Encarnaci\u00f3n Bouzas Caama\u00f1o Pro: M\u00e1s alla de KT\/V o KT. \u00daltimos d\u00edas del KT\/V Manuel Molina N\u00fa\u00f1ez contra: M\u00e1s alla de KT\/V o KT. \u00daltimos d\u00edas del KT\/V Jos\u00e9 Luis Teruel Briones Pro: Di\u00e1lisis frecuentes o nocturna o cuarto d\u00eda frente a di\u00e1lisis incremental Rafael P\u00e9rez Garc\u00eda contra: Di\u00e1lisis frecuentes o nocturna [&hellip;]\" \/>\n<meta property=\"og:url\" content=\"https:\/\/sgan.es\/gl\/ponencias-3-congreso\/\" \/>\n<meta property=\"og:site_name\" content=\"SGAN\" \/>\n<meta property=\"article:publisher\" content=\"https:\/\/www.facebook.com\/SGAN-244493612899331\/\" \/>\n<meta property=\"article:modified_time\" content=\"2024-04-25T09:51:57+00:00\" \/>\n<meta name=\"twitter:card\" content=\"summary_large_image\" \/>\n<meta name=\"twitter:site\" content=\"@NefroGalicia\" \/>\n<meta name=\"twitter:label1\" content=\"Tempo de lectura\" \/>\n\t<meta name=\"twitter:data1\" content=\"3 minutos\" \/>\n<script type=\"application\/ld+json\" class=\"yoast-schema-graph\">{\"@context\":\"https:\/\/schema.org\",\"@graph\":[{\"@type\":\"WebPage\",\"@id\":\"https:\/\/sgan.es\/ponencias-3-congreso\/\",\"url\":\"https:\/\/sgan.es\/ponencias-3-congreso\/\",\"name\":\"Ponencias 3 \u00ba Congreso de la Sociedad Gallega de Nefrolog\u00eda - SGAN\",\"isPartOf\":{\"@id\":\"https:\/\/sgan.es\/#website\"},\"datePublished\":\"2016-11-18T09:55:32+00:00\",\"dateModified\":\"2024-04-25T09:51:57+00:00\",\"breadcrumb\":{\"@id\":\"https:\/\/sgan.es\/ponencias-3-congreso\/#breadcrumb\"},\"inLanguage\":\"gl-ES\",\"potentialAction\":[{\"@type\":\"ReadAction\",\"target\":[\"https:\/\/sgan.es\/ponencias-3-congreso\/\"]}]},{\"@type\":\"BreadcrumbList\",\"@id\":\"https:\/\/sgan.es\/ponencias-3-congreso\/#breadcrumb\",\"itemListElement\":[{\"@type\":\"ListItem\",\"position\":1,\"name\":\"Inicio\",\"item\":\"https:\/\/sgan.es\/\"},{\"@type\":\"ListItem\",\"position\":2,\"name\":\"Ponencias 3 \u00ba Congreso de la Sociedad Gallega de Nefrolog\u00eda\"}]},{\"@type\":\"WebSite\",\"@id\":\"https:\/\/sgan.es\/#website\",\"url\":\"https:\/\/sgan.es\/\",\"name\":\"SGAN\",\"description\":\"Sociedad Gallega de Nefrolog\u00eda\",\"publisher\":{\"@id\":\"https:\/\/sgan.es\/#organization\"},\"potentialAction\":[{\"@type\":\"SearchAction\",\"target\":{\"@type\":\"EntryPoint\",\"urlTemplate\":\"https:\/\/sgan.es\/?s={search_term_string}\"},\"query-input\":{\"@type\":\"PropertyValueSpecification\",\"valueRequired\":true,\"valueName\":\"search_term_string\"}}],\"inLanguage\":\"gl-ES\"},{\"@type\":\"Organization\",\"@id\":\"https:\/\/sgan.es\/#organization\",\"name\":\"SGAN\",\"url\":\"https:\/\/sgan.es\/\",\"logo\":{\"@type\":\"ImageObject\",\"inLanguage\":\"gl-ES\",\"@id\":\"https:\/\/sgan.es\/#\/schema\/logo\/image\/\",\"url\":\"https:\/\/sgan.es\/wp-content\/uploads\/2023\/04\/logoSgan.jpg\",\"contentUrl\":\"https:\/\/sgan.es\/wp-content\/uploads\/2023\/04\/logoSgan.jpg\",\"width\":255,\"height\":193,\"caption\":\"SGAN\"},\"image\":{\"@id\":\"https:\/\/sgan.es\/#\/schema\/logo\/image\/\"},\"sameAs\":[\"https:\/\/www.facebook.com\/SGAN-244493612899331\/\",\"https:\/\/x.com\/NefroGalicia\"]}]}<\/script>\n<!-- \/ Yoast SEO plugin. -->","yoast_head_json":{"title":"Ponencias 3 \u00ba Congreso de la Sociedad Gallega de Nefrolog\u00eda - SGAN","robots":{"index":"index","follow":"follow","max-snippet":"max-snippet:-1","max-image-preview":"max-image-preview:large","max-video-preview":"max-video-preview:-1"},"canonical":"https:\/\/sgan.es\/gl\/ponencias-3-congreso\/","og_locale":"gl_ES","og_type":"article","og_title":"Ponencias 3 \u00ba Congreso de la Sociedad Gallega de Nefrolog\u00eda - SGAN","og_description":"PONENCIASRegistro REXER Dra. Encarnaci\u00f3n Bouzas Caama\u00f1o Pro: M\u00e1s alla de KT\/V o KT. \u00daltimos d\u00edas del KT\/V Manuel Molina N\u00fa\u00f1ez contra: M\u00e1s alla de KT\/V o KT. \u00daltimos d\u00edas del KT\/V Jos\u00e9 Luis Teruel Briones Pro: Di\u00e1lisis frecuentes o nocturna o cuarto d\u00eda frente a di\u00e1lisis incremental Rafael P\u00e9rez Garc\u00eda contra: Di\u00e1lisis frecuentes o nocturna [&hellip;]","og_url":"https:\/\/sgan.es\/gl\/ponencias-3-congreso\/","og_site_name":"SGAN","article_publisher":"https:\/\/www.facebook.com\/SGAN-244493612899331\/","article_modified_time":"2024-04-25T09:51:57+00:00","twitter_card":"summary_large_image","twitter_site":"@NefroGalicia","twitter_misc":{"Tempo de lectura":"3 minutos"},"schema":{"@context":"https:\/\/schema.org","@graph":[{"@type":"WebPage","@id":"https:\/\/sgan.es\/ponencias-3-congreso\/","url":"https:\/\/sgan.es\/ponencias-3-congreso\/","name":"Ponencias 3 \u00ba Congreso de la Sociedad Gallega de Nefrolog\u00eda - SGAN","isPartOf":{"@id":"https:\/\/sgan.es\/#website"},"datePublished":"2016-11-18T09:55:32+00:00","dateModified":"2024-04-25T09:51:57+00:00","breadcrumb":{"@id":"https:\/\/sgan.es\/ponencias-3-congreso\/#breadcrumb"},"inLanguage":"gl-ES","potentialAction":[{"@type":"ReadAction","target":["https:\/\/sgan.es\/ponencias-3-congreso\/"]}]},{"@type":"BreadcrumbList","@id":"https:\/\/sgan.es\/ponencias-3-congreso\/#breadcrumb","itemListElement":[{"@type":"ListItem","position":1,"name":"Inicio","item":"https:\/\/sgan.es\/"},{"@type":"ListItem","position":2,"name":"Ponencias 3 \u00ba Congreso de la Sociedad Gallega de Nefrolog\u00eda"}]},{"@type":"WebSite","@id":"https:\/\/sgan.es\/#website","url":"https:\/\/sgan.es\/","name":"SGAN","description":"Sociedad Gallega de Nefrolog\u00eda","publisher":{"@id":"https:\/\/sgan.es\/#organization"},"potentialAction":[{"@type":"SearchAction","target":{"@type":"EntryPoint","urlTemplate":"https:\/\/sgan.es\/?s={search_term_string}"},"query-input":{"@type":"PropertyValueSpecification","valueRequired":true,"valueName":"search_term_string"}}],"inLanguage":"gl-ES"},{"@type":"Organization","@id":"https:\/\/sgan.es\/#organization","name":"SGAN","url":"https:\/\/sgan.es\/","logo":{"@type":"ImageObject","inLanguage":"gl-ES","@id":"https:\/\/sgan.es\/#\/schema\/logo\/image\/","url":"https:\/\/sgan.es\/wp-content\/uploads\/2023\/04\/logoSgan.jpg","contentUrl":"https:\/\/sgan.es\/wp-content\/uploads\/2023\/04\/logoSgan.jpg","width":255,"height":193,"caption":"SGAN"},"image":{"@id":"https:\/\/sgan.es\/#\/schema\/logo\/image\/"},"sameAs":["https:\/\/www.facebook.com\/SGAN-244493612899331\/","https:\/\/x.com\/NefroGalicia"]}]}},"_links":{"self":[{"href":"https:\/\/sgan.es\/gl\/wp-json\/wp\/v2\/pages\/3362","targetHints":{"allow":["GET"]}}],"collection":[{"href":"https:\/\/sgan.es\/gl\/wp-json\/wp\/v2\/pages"}],"about":[{"href":"https:\/\/sgan.es\/gl\/wp-json\/wp\/v2\/types\/page"}],"author":[{"embeddable":true,"href":"https:\/\/sgan.es\/gl\/wp-json\/wp\/v2\/users\/1"}],"replies":[{"embeddable":true,"href":"https:\/\/sgan.es\/gl\/wp-json\/wp\/v2\/comments?post=3362"}],"version-history":[{"count":2,"href":"https:\/\/sgan.es\/gl\/wp-json\/wp\/v2\/pages\/3362\/revisions"}],"predecessor-version":[{"id":4415,"href":"https:\/\/sgan.es\/gl\/wp-json\/wp\/v2\/pages\/3362\/revisions\/4415"}],"wp:attachment":[{"href":"https:\/\/sgan.es\/gl\/wp-json\/wp\/v2\/media?parent=3362"}],"curies":[{"name":"wp","href":"https:\/\/api.w.org\/{rel}","templated":true}]}}