{"id":3618,"date":"2018-11-29T10:10:34","date_gmt":"2018-11-29T10:10:34","guid":{"rendered":"https:\/\/sgan.es\/?page_id=3618"},"modified":"2024-04-25T09:56:04","modified_gmt":"2024-04-25T09:56:04","slug":"ponencias-5-o-congreso-de-la-sociedad-gallega-de-nefrologia","status":"publish","type":"page","link":"https:\/\/sgan.es\/gl\/ponencias-5-o-congreso-de-la-sociedad-gallega-de-nefrologia\/","title":{"rendered":"Ponencias 5 \u00ba Congreso de la Sociedad Gallega de Nefrolog\u00eda"},"content":{"rendered":"<p>[et_pb_section fb_built=\u00bb1&#8243; custom_padding_last_edited=\u00bbon|desktop\u00bb next_background_color=\u00bb#ffffff\u00bb admin_label=\u00bbHeader\u00bb _builder_version=\u00bb4.25.0&#8243; background_image=\u00bbhttps:\/\/sgan.es\/wp-content\/uploads\/2024\/04\/home_banner_seccion.png\u00bb parallax=\u00bbon\u00bb custom_padding=\u00bb3vw||7vw||false|false\u00bb custom_padding_tablet=\u00bb100px||100px||true\u00bb custom_padding_phone=\u00bb||||true\u00bb bottom_divider_style=\u00bbramp2&#8243; bottom_divider_height=\u00bb250px\u00bb bottom_divider_flip=\u00bbhorizontal\u00bb bottom_divider_height_tablet=\u00bb150px\u00bb bottom_divider_height_phone=\u00bb110px\u00bb bottom_divider_height_last_edited=\u00bbon|phone\u00bb saved_tabs=\u00bball\u00bb global_colors_info=\u00bb{}\u00bb theme_builder_area=\u00bbpost_content\u00bb][et_pb_row _builder_version=\u00bb4.16&#8243; global_colors_info=\u00bb{}\u00bb theme_builder_area=\u00bbpost_content\u00bb][et_pb_column type=\u00bb4_4&#8243; _builder_version=\u00bb4.16&#8243; custom_padding=\u00bb|||\u00bb global_colors_info=\u00bb{}\u00bb custom_padding__hover=\u00bb|||\u00bb theme_builder_area=\u00bbpost_content\u00bb][et_pb_text _builder_version=\u00bb4.25.0&#8243; text_font=\u00bbRoboto||||||||\u00bb text_line_height=\u00bb1.8em\u00bb header_font=\u00bbRoboto|700|||||||\u00bb header_text_align=\u00bbcenter\u00bb header_font_size=\u00bb80px\u00bb header_line_height=\u00bb1.2em\u00bb header_3_font=\u00bbRoboto|700||on|||||\u00bb header_3_text_align=\u00bbcenter\u00bb header_3_text_color=\u00bb#ffffff\u00bb header_3_font_size=\u00bb24px\u00bb header_3_letter_spacing=\u00bb10px\u00bb header_3_line_height=\u00bb2em\u00bb text_orientation=\u00bbcenter\u00bb background_layout=\u00bbdark\u00bb module_alignment=\u00bbcenter\u00bb text_font_size_last_edited=\u00bboff|desktop\u00bb header_font_size_tablet=\u00bb40px\u00bb header_font_size_phone=\u00bb32px\u00bb header_font_size_last_edited=\u00bbon|phone\u00bb header_3_font_size_tablet=\u00bb16px\u00bb header_3_font_size_phone=\u00bb14px\u00bb header_3_font_size_last_edited=\u00bbon|phone\u00bb header_3_letter_spacing_tablet=\u00bb5px\u00bb header_3_letter_spacing_phone=\u00bb\u00bb header_3_letter_spacing_last_edited=\u00bbon|tablet\u00bb global_colors_info=\u00bb{}\u00bb theme_builder_area=\u00bbpost_content\u00bb]<\/p>\n<h1>PONENCIAS<\/h1>\n<p>[\/et_pb_text][\/et_pb_column][\/et_pb_row][\/et_pb_section][et_pb_section fb_built=\u00bb1&#8243; admin_label=\u00bbsection\u00bb _builder_version=\u00bb4.16&#8243; global_colors_info=\u00bb{}\u00bb][et_pb_row admin_label=\u00bbrow\u00bb _builder_version=\u00bb4.16&#8243; background_size=\u00bbinitial\u00bb background_position=\u00bbtop_left\u00bb background_repeat=\u00bbrepeat\u00bb global_colors_info=\u00bb{}\u00bb][et_pb_column type=\u00bb4_4&#8243; _builder_version=\u00bb4.16&#8243; custom_padding=\u00bb|||\u00bb global_colors_info=\u00bb{}\u00bb custom_padding__hover=\u00bb|||\u00bb][et_pb_code _builder_version=\u00bb4.25.0&#8243; _module_preset=\u00bbdefault\u00bb border_width_bottom=\u00bb1px\u00bb global_colors_info=\u00bb{}\u00bb theme_builder_area=\u00bbpost_content\u00bb]<span><span><a href=\"https:\/\/sgan.es\/\">Inicio<\/a><\/span><\/span>[\/et_pb_code][et_pb_text admin_label=\u00bbText\u00bb _builder_version=\u00bb4.16&#8243; background_size=\u00bbinitial\u00bb background_position=\u00bbtop_left\u00bb background_repeat=\u00bbrepeat\u00bb global_colors_info=\u00bb{}\u00bb]<\/p>\n<p><strong><a href=\"https:\/\/sgan.es\/wp-content\/uploads\/2018\/11\/Alonso-Valente.pdf\" target=\"_blank\" rel=\"noopener\">CONTROVERSIA HD DOMICILIARIA VS DIALISISPERITONEAL<\/a><\/strong><br \/>\n Rafael Alonso Valente.<br \/>\n \u00a0<br \/>\n <strong><a href=\"https:\/\/sgan.es\/wp-content\/uploads\/2018\/11\/Garcia-Gonzalez.pdf\" target=\"_blank\" rel=\"noopener\">ACCI\u00d3N ESTRAT\u00c9GICAENGALICIA PARA LA POLIQUISTOSIS. ACTUALIZACI\u00d3N<\/a><\/strong><br \/>\n Miguel \u00c1ngel Garc\u00eda Gonz\u00e1lez.<br \/>\n \u00a0<br \/>\n <strong><a href=\"https:\/\/sgan.es\/wp-content\/uploads\/2018\/11\/Morales-Ruiz.pdf\" target=\"_blank\" rel=\"noopener\">ENFERMEDADES RENALES ASOCIADASA LA ACTIVACI\u00d3N DEL COMPLEMENTO<\/a><\/strong><br \/>\nEnrique Morales Ruiz.<br \/>\n \u00a0<br \/>\n <strong><a href=\"https:\/\/sgan.es\/wp-content\/uploads\/2018\/11\/Parra-Moncasi.pdf\" target=\"_blank\" rel=\"noopener\">RESULTADOS EN SALUD Y MEDICI\u00d3N DE CALIDAD DE VIDA<\/a><\/strong><br \/>\n Eduardo Parra Moncasi<br \/>\n \u00a0<br \/>\n <strong><a href=\"https:\/\/sgan.es\/wp-content\/uploads\/2018\/11\/Pascual-Santos.pdf\" target=\"_blank\" rel=\"noopener\">NEOPLASIAS, ENFERMEDAD RENAL CR\u00d3NICA Y TRASPLANTE<\/a><\/strong><br \/>\n Julio Pascual Santos<br \/>\n \u00a0<br \/>\n <strong><a href=\"https:\/\/sgan.es\/wp-content\/uploads\/2018\/11\/Segura-de-la-Morena.pdf\" target=\"_blank\" rel=\"noopener\">MANEJO DIAGN\u00d3STICO Y TERAP\u00c9UTICO DE LA HTA RESISTENTE<\/a><\/strong><br \/>\n Julian Segura de la Morena.<br \/>\n \u00a0\n<\/p>\n<p>[\/et_pb_text][\/et_pb_column][\/et_pb_row][\/et_pb_section]<\/p>\n","protected":false},"excerpt":{"rendered":"<p>PONENCIAS<span><span><a href=\"https:\/\/sgan.es\/\">Inicio<\/a><\/span><\/span>CONTROVERSIA HD DOMICILIARIA VS DIALISISPERITONEAL Rafael Alonso Valente. \u00a0 ACCI\u00d3N ESTRAT\u00c9GICAENGALICIA PARA LA POLIQUISTOSIS. ACTUALIZACI\u00d3N Miguel \u00c1ngel Garc\u00eda Gonz\u00e1lez. \u00a0 ENFERMEDADES RENALES ASOCIADASA LA ACTIVACI\u00d3N DEL COMPLEMENTO Enrique Morales Ruiz. \u00a0 RESULTADOS EN SALUD Y MEDICI\u00d3N DE CALIDAD DE VIDA Eduardo Parra Moncasi \u00a0 NEOPLASIAS, ENFERMEDAD RENAL CR\u00d3NICA Y TRASPLANTE Julio Pascual Santos \u00a0 MANEJO [&hellip;]<\/p>\n","protected":false},"author":1,"featured_media":0,"parent":0,"menu_order":37,"comment_status":"closed","ping_status":"closed","template":"","meta":{"_et_pb_use_builder":"on","_et_pb_old_content":"<p><strong><a href=\"https:\/\/sgan.es\/wp-content\/uploads\/2018\/11\/Alonso-Valente.pdf\" target=\"_blank\" rel=\"noopener\">CONTROVERSIA HD DOMICILIARIA VS DIALISISPERITONEAL<\/a><\/strong><br \/>\r\n Rafael Alonso Valente.<br \/>\r\n \u00a0<br \/>\r\n <strong><a href=\"https:\/\/sgan.es\/wp-content\/uploads\/2018\/11\/Garcia-Gonzalez.pdf\" target=\"_blank\" rel=\"noopener\">ACCI\u00d3N ESTRAT\u00c9GICAENGALICIA PARA LA POLIQUISTOSIS. ACTUALIZACI\u00d3N<\/a><\/strong><br \/>\r\n Miguel \u00c1ngel Garc\u00eda Gonz\u00e1lez.<br \/>\r\n \u00a0<br \/>\r\n <strong><a href=\"https:\/\/sgan.es\/wp-content\/uploads\/2018\/11\/Morales-Ruiz.pdf\" target=\"_blank\" rel=\"noopener\">ENFERMEDADES RENALES ASOCIADASA LA ACTIVACI\u00d3N DEL COMPLEMENTO<\/a><\/strong><br \/>\r\nEnrique Morales Ruiz.<br \/>\r\n \u00a0<br \/>\r\n <strong><a href=\"https:\/\/sgan.es\/wp-content\/uploads\/2018\/11\/Parra-Moncasi.pdf\" target=\"_blank\" rel=\"noopener\">RESULTADOS EN SALUD Y MEDICI\u00d3N DE CALIDAD DE VIDA<\/a><\/strong><br \/>\r\n Eduardo Parra Moncasi<br \/>\r\n \u00a0<br \/>\r\n <strong><a href=\"https:\/\/sgan.es\/wp-content\/uploads\/2018\/11\/Pascual-Santos.pdf\" target=\"_blank\" rel=\"noopener\">NEOPLASIAS, ENFERMEDAD RENAL CR\u00d3NICA Y TRASPLANTE<\/a><\/strong><br \/>\r\n Julio Pascual Santos<br \/>\r\n \u00a0<br \/>\r\n <strong><a href=\"https:\/\/sgan.es\/wp-content\/uploads\/2018\/11\/Segura-de-la-Morena.pdf\" target=\"_blank\" rel=\"noopener\">MANEJO DIAGN\u00d3STICO Y TERAP\u00c9UTICO DE LA HTA RESISTENTE<\/a><\/strong><br \/>\r\n Julian Segura de la Morena.<br \/>\r\n \u00a0<br \/>\r\n<\/p>","_et_gb_content_width":"","footnotes":""},"class_list":["post-3618","page","type-page","status-publish","hentry"],"yoast_head":"<!-- This site is optimized with the Yoast SEO plugin v27.1.1 - https:\/\/yoast.com\/product\/yoast-seo-wordpress\/ -->\n<title>Ponencias 5 \u00ba Congreso de la Sociedad Gallega de Nefrolog\u00eda - SGAN<\/title>\n<meta name=\"robots\" content=\"index, follow, max-snippet:-1, max-image-preview:large, max-video-preview:-1\" \/>\n<link rel=\"canonical\" href=\"https:\/\/sgan.es\/gl\/ponencias-5-o-congreso-de-la-sociedad-gallega-de-nefrologia\/\" \/>\n<meta property=\"og:locale\" content=\"gl_ES\" \/>\n<meta property=\"og:type\" content=\"article\" \/>\n<meta property=\"og:title\" content=\"Ponencias 5 \u00ba Congreso de la Sociedad Gallega de Nefrolog\u00eda - SGAN\" \/>\n<meta property=\"og:description\" content=\"PONENCIASCONTROVERSIA HD DOMICILIARIA VS DIALISISPERITONEAL Rafael Alonso Valente. \u00a0 ACCI\u00d3N ESTRAT\u00c9GICAENGALICIA PARA LA POLIQUISTOSIS. ACTUALIZACI\u00d3N Miguel \u00c1ngel Garc\u00eda Gonz\u00e1lez. \u00a0 ENFERMEDADES RENALES ASOCIADASA LA ACTIVACI\u00d3N DEL COMPLEMENTO Enrique Morales Ruiz. \u00a0 RESULTADOS EN SALUD Y MEDICI\u00d3N DE CALIDAD DE VIDA Eduardo Parra Moncasi \u00a0 NEOPLASIAS, ENFERMEDAD RENAL CR\u00d3NICA Y TRASPLANTE Julio Pascual Santos \u00a0 MANEJO [&hellip;]\" \/>\n<meta property=\"og:url\" content=\"https:\/\/sgan.es\/gl\/ponencias-5-o-congreso-de-la-sociedad-gallega-de-nefrologia\/\" \/>\n<meta property=\"og:site_name\" content=\"SGAN\" \/>\n<meta property=\"article:publisher\" content=\"https:\/\/www.facebook.com\/SGAN-244493612899331\/\" \/>\n<meta property=\"article:modified_time\" content=\"2024-04-25T09:56:04+00:00\" \/>\n<meta name=\"twitter:card\" content=\"summary_large_image\" \/>\n<meta name=\"twitter:site\" content=\"@NefroGalicia\" \/>\n<meta name=\"twitter:label1\" content=\"Tempo de lectura\" \/>\n\t<meta name=\"twitter:data1\" content=\"2 minutos\" \/>\n<script type=\"application\/ld+json\" class=\"yoast-schema-graph\">{\"@context\":\"https:\/\/schema.org\",\"@graph\":[{\"@type\":\"WebPage\",\"@id\":\"https:\/\/sgan.es\/ponencias-5-o-congreso-de-la-sociedad-gallega-de-nefrologia\/\",\"url\":\"https:\/\/sgan.es\/ponencias-5-o-congreso-de-la-sociedad-gallega-de-nefrologia\/\",\"name\":\"Ponencias 5 \u00ba Congreso de la Sociedad Gallega de Nefrolog\u00eda - SGAN\",\"isPartOf\":{\"@id\":\"https:\/\/sgan.es\/#website\"},\"datePublished\":\"2018-11-29T10:10:34+00:00\",\"dateModified\":\"2024-04-25T09:56:04+00:00\",\"breadcrumb\":{\"@id\":\"https:\/\/sgan.es\/ponencias-5-o-congreso-de-la-sociedad-gallega-de-nefrologia\/#breadcrumb\"},\"inLanguage\":\"gl-ES\",\"potentialAction\":[{\"@type\":\"ReadAction\",\"target\":[\"https:\/\/sgan.es\/ponencias-5-o-congreso-de-la-sociedad-gallega-de-nefrologia\/\"]}]},{\"@type\":\"BreadcrumbList\",\"@id\":\"https:\/\/sgan.es\/ponencias-5-o-congreso-de-la-sociedad-gallega-de-nefrologia\/#breadcrumb\",\"itemListElement\":[{\"@type\":\"ListItem\",\"position\":1,\"name\":\"Inicio\",\"item\":\"https:\/\/sgan.es\/\"},{\"@type\":\"ListItem\",\"position\":2,\"name\":\"Ponencias 5 \u00ba Congreso de la Sociedad Gallega de Nefrolog\u00eda\"}]},{\"@type\":\"WebSite\",\"@id\":\"https:\/\/sgan.es\/#website\",\"url\":\"https:\/\/sgan.es\/\",\"name\":\"SGAN\",\"description\":\"Sociedad Gallega de Nefrolog\u00eda\",\"publisher\":{\"@id\":\"https:\/\/sgan.es\/#organization\"},\"potentialAction\":[{\"@type\":\"SearchAction\",\"target\":{\"@type\":\"EntryPoint\",\"urlTemplate\":\"https:\/\/sgan.es\/?s={search_term_string}\"},\"query-input\":{\"@type\":\"PropertyValueSpecification\",\"valueRequired\":true,\"valueName\":\"search_term_string\"}}],\"inLanguage\":\"gl-ES\"},{\"@type\":\"Organization\",\"@id\":\"https:\/\/sgan.es\/#organization\",\"name\":\"SGAN\",\"url\":\"https:\/\/sgan.es\/\",\"logo\":{\"@type\":\"ImageObject\",\"inLanguage\":\"gl-ES\",\"@id\":\"https:\/\/sgan.es\/#\/schema\/logo\/image\/\",\"url\":\"https:\/\/sgan.es\/wp-content\/uploads\/2023\/04\/logoSgan.jpg\",\"contentUrl\":\"https:\/\/sgan.es\/wp-content\/uploads\/2023\/04\/logoSgan.jpg\",\"width\":255,\"height\":193,\"caption\":\"SGAN\"},\"image\":{\"@id\":\"https:\/\/sgan.es\/#\/schema\/logo\/image\/\"},\"sameAs\":[\"https:\/\/www.facebook.com\/SGAN-244493612899331\/\",\"https:\/\/x.com\/NefroGalicia\"]}]}<\/script>\n<!-- \/ Yoast SEO plugin. -->","yoast_head_json":{"title":"Ponencias 5 \u00ba Congreso de la Sociedad Gallega de Nefrolog\u00eda - SGAN","robots":{"index":"index","follow":"follow","max-snippet":"max-snippet:-1","max-image-preview":"max-image-preview:large","max-video-preview":"max-video-preview:-1"},"canonical":"https:\/\/sgan.es\/gl\/ponencias-5-o-congreso-de-la-sociedad-gallega-de-nefrologia\/","og_locale":"gl_ES","og_type":"article","og_title":"Ponencias 5 \u00ba Congreso de la Sociedad Gallega de Nefrolog\u00eda - SGAN","og_description":"PONENCIASCONTROVERSIA HD DOMICILIARIA VS DIALISISPERITONEAL Rafael Alonso Valente. \u00a0 ACCI\u00d3N ESTRAT\u00c9GICAENGALICIA PARA LA POLIQUISTOSIS. ACTUALIZACI\u00d3N Miguel \u00c1ngel Garc\u00eda Gonz\u00e1lez. \u00a0 ENFERMEDADES RENALES ASOCIADASA LA ACTIVACI\u00d3N DEL COMPLEMENTO Enrique Morales Ruiz. \u00a0 RESULTADOS EN SALUD Y MEDICI\u00d3N DE CALIDAD DE VIDA Eduardo Parra Moncasi \u00a0 NEOPLASIAS, ENFERMEDAD RENAL CR\u00d3NICA Y TRASPLANTE Julio Pascual Santos \u00a0 MANEJO [&hellip;]","og_url":"https:\/\/sgan.es\/gl\/ponencias-5-o-congreso-de-la-sociedad-gallega-de-nefrologia\/","og_site_name":"SGAN","article_publisher":"https:\/\/www.facebook.com\/SGAN-244493612899331\/","article_modified_time":"2024-04-25T09:56:04+00:00","twitter_card":"summary_large_image","twitter_site":"@NefroGalicia","twitter_misc":{"Tempo de lectura":"2 minutos"},"schema":{"@context":"https:\/\/schema.org","@graph":[{"@type":"WebPage","@id":"https:\/\/sgan.es\/ponencias-5-o-congreso-de-la-sociedad-gallega-de-nefrologia\/","url":"https:\/\/sgan.es\/ponencias-5-o-congreso-de-la-sociedad-gallega-de-nefrologia\/","name":"Ponencias 5 \u00ba Congreso de la Sociedad Gallega de Nefrolog\u00eda - SGAN","isPartOf":{"@id":"https:\/\/sgan.es\/#website"},"datePublished":"2018-11-29T10:10:34+00:00","dateModified":"2024-04-25T09:56:04+00:00","breadcrumb":{"@id":"https:\/\/sgan.es\/ponencias-5-o-congreso-de-la-sociedad-gallega-de-nefrologia\/#breadcrumb"},"inLanguage":"gl-ES","potentialAction":[{"@type":"ReadAction","target":["https:\/\/sgan.es\/ponencias-5-o-congreso-de-la-sociedad-gallega-de-nefrologia\/"]}]},{"@type":"BreadcrumbList","@id":"https:\/\/sgan.es\/ponencias-5-o-congreso-de-la-sociedad-gallega-de-nefrologia\/#breadcrumb","itemListElement":[{"@type":"ListItem","position":1,"name":"Inicio","item":"https:\/\/sgan.es\/"},{"@type":"ListItem","position":2,"name":"Ponencias 5 \u00ba Congreso de la Sociedad Gallega de Nefrolog\u00eda"}]},{"@type":"WebSite","@id":"https:\/\/sgan.es\/#website","url":"https:\/\/sgan.es\/","name":"SGAN","description":"Sociedad Gallega de Nefrolog\u00eda","publisher":{"@id":"https:\/\/sgan.es\/#organization"},"potentialAction":[{"@type":"SearchAction","target":{"@type":"EntryPoint","urlTemplate":"https:\/\/sgan.es\/?s={search_term_string}"},"query-input":{"@type":"PropertyValueSpecification","valueRequired":true,"valueName":"search_term_string"}}],"inLanguage":"gl-ES"},{"@type":"Organization","@id":"https:\/\/sgan.es\/#organization","name":"SGAN","url":"https:\/\/sgan.es\/","logo":{"@type":"ImageObject","inLanguage":"gl-ES","@id":"https:\/\/sgan.es\/#\/schema\/logo\/image\/","url":"https:\/\/sgan.es\/wp-content\/uploads\/2023\/04\/logoSgan.jpg","contentUrl":"https:\/\/sgan.es\/wp-content\/uploads\/2023\/04\/logoSgan.jpg","width":255,"height":193,"caption":"SGAN"},"image":{"@id":"https:\/\/sgan.es\/#\/schema\/logo\/image\/"},"sameAs":["https:\/\/www.facebook.com\/SGAN-244493612899331\/","https:\/\/x.com\/NefroGalicia"]}]}},"_links":{"self":[{"href":"https:\/\/sgan.es\/gl\/wp-json\/wp\/v2\/pages\/3618","targetHints":{"allow":["GET"]}}],"collection":[{"href":"https:\/\/sgan.es\/gl\/wp-json\/wp\/v2\/pages"}],"about":[{"href":"https:\/\/sgan.es\/gl\/wp-json\/wp\/v2\/types\/page"}],"author":[{"embeddable":true,"href":"https:\/\/sgan.es\/gl\/wp-json\/wp\/v2\/users\/1"}],"replies":[{"embeddable":true,"href":"https:\/\/sgan.es\/gl\/wp-json\/wp\/v2\/comments?post=3618"}],"version-history":[{"count":2,"href":"https:\/\/sgan.es\/gl\/wp-json\/wp\/v2\/pages\/3618\/revisions"}],"predecessor-version":[{"id":4419,"href":"https:\/\/sgan.es\/gl\/wp-json\/wp\/v2\/pages\/3618\/revisions\/4419"}],"wp:attachment":[{"href":"https:\/\/sgan.es\/gl\/wp-json\/wp\/v2\/media?parent=3618"}],"curies":[{"name":"wp","href":"https:\/\/api.w.org\/{rel}","templated":true}]}}