{"id":3759,"date":"2020-06-16T06:39:05","date_gmt":"2020-06-16T06:39:05","guid":{"rendered":"https:\/\/sgan.es\/?page_id=3759"},"modified":"2024-04-25T10:00:18","modified_gmt":"2024-04-25T10:00:18","slug":"videos-iv-congreso-de-la-sociedad-gallega-de-nefrologia","status":"publish","type":"page","link":"https:\/\/sgan.es\/gl\/videos-iv-congreso-de-la-sociedad-gallega-de-nefrologia\/","title":{"rendered":"Videos IV Congreso de la Sociedad Gallega de Nefrolog\u00eda"},"content":{"rendered":"<div><b><u>VIERNES 10 DE NOVIEMBRE DE 2017<\/u><\/b><\/div>\n<div>\u00a0<\/div>\n<div><b>16:05 &#8211; 16:45 MESA DE REGISTROS Y PROPUESTAS<\/b><br \/>\n<a href=\"https:\/\/www.youtube.com\/watch?v=CmKm31GvAyY\" target=\"_blank\" rel=\"noopener noreferrer\" data-saferedirecturl=\"https:\/\/www.google.com\/url?q=https:\/\/www.youtube.com\/watch?v%3DCmKm31GvAyY&amp;source=gmail&amp;ust=1592375647804000&amp;usg=AFQjCNFWRidzitFv3ja6dL5ku9FX3rqlhQ\">https:\/\/www.youtube.com\/watch?<wbr \/>v=CmKm31GvAyY<\/a>\u00a0<\/div>\n<div>\u00a0<\/div>\n<div><strong>Moderadores:<\/strong><br \/>\nDr. Alfonso Otero Gonzalez C.H.U. de Ourense<br \/>\nDra. Margarita Lopez Vazquez H.U. Lucus Augusti. Lugo<\/p>\n<p><strong>ACTUALIZACI\u00d3N DEL REGISTRO DE ENFERMOS RENALES<\/strong><br \/>\nDra. Mar\u00eda Encarnaci\u00f3n Bouzas Caama\u00f1o. Oficina de coordinaci\u00f3n de<br \/>\ntrasplantes. Conseller\u00eda de Sanidade. Xunta de Galicia<\/p>\n<p><strong>REGISTRO DEL ACCESO VASCULAR Y DI\u00c1LISIS PERITONEAL.<\/strong><br \/>\n<strong>NUEVAS PROPUESTAS<\/strong><br \/>\n\u2022 Registro Di\u00e1lisis Peritoneal<br \/>\nDra. Ana Rodr\u00edguez-Carmona de la Torre. C.H.U. A Coru\u00f1a<br \/>\n\u2022 Registro Acceso Vascular<br \/>\nDra. Teresa Garc\u00eda Falc\u00f3n. C.H.U. A Coru\u00f1a<\/div>\n<div>\u00a0<\/div>\n<div><b>19:00 &#8211; 20:00 MESA DE NEFROLOG\u00cdA CL\u00cdNICA<\/b><\/div>\n<div><a href=\"https:\/\/www.youtube.com\/watch?v=4szfidvJcds\" target=\"_blank\" rel=\"noopener noreferrer\" data-saferedirecturl=\"https:\/\/www.google.com\/url?q=https:\/\/www.youtube.com\/watch?v%3D4szfidvJcds&amp;source=gmail&amp;ust=1592375647804000&amp;usg=AFQjCNE6d3vhgAaih18qbtqjDRSM3vOmEA\">https:\/\/www.youtube.com\/watch?<wbr \/>v=4szfidvJcds<\/a><\/div>\n<div>\u00a0<\/div>\n<div><strong>ENFERMEDADES RENALES ASOCIADAS AL COMPLEMENTO<\/strong><br \/>\n<strong>Moderadoras:<\/strong><br \/>\nDra. Mercedes Cao Vilarin\u0303o. C.H.U. de A Corun\u0303a\u00a0<\/div>\n<div>Dra. Carmen Cobelo Casas. H.U. Lucus Augusti. Lugo<br \/>\n<strong>Ponente:<\/strong><br \/>\nDr. Santiago Rodri\u0301guez de Co\u0301rdoba. Centro de Investigaciones Biolo\u0301gicas (CSIC), Madrid<\/p>\n<\/div>\n<div><strong>TOXINAS URE\u0301MICAS Y MICROBIOTA<\/strong><br \/>\n<strong>Moderadores:<\/strong><br \/>\nDr. Jose\u0301 Mari\u0301a Lamas Barreiro. C.H.U. de Vigo<br \/>\nDr. Secundino Cigarra\u0301n Guldris. Hospital da Costa. Burela<br \/>\n<strong>Ponente:<\/strong><br \/>\nDr. Emilio Gonza\u0301lez Parra. Fundacio\u0301n Jime\u0301nez Di\u0301az. Madrid<\/div>\n<div>\u00a0<\/div>\n<div><b><u>S\u00c1BADO 11 DE NOVIEMBRE DE 2017<\/u><\/b><\/div>\n<div>\u00a0<\/div>\n<div>\n<div><b>09:45 &#8211; 09:30 MESA DE HEMODI\u00c1LISIS<\/b><\/div>\n<div><a href=\"https:\/\/www.youtube.com\/watch?v=2VmycmAuFdI\" target=\"_blank\" rel=\"noopener noreferrer\" data-saferedirecturl=\"https:\/\/www.google.com\/url?q=https:\/\/www.youtube.com\/watch?v%3D2VmycmAuFdI&amp;source=gmail&amp;ust=1592375647804000&amp;usg=AFQjCNGMxmyQ1gmZHyS1knCg1tjgfq8NEQ\">https:\/\/www.youtube.com\/watch?<wbr \/>v=2VmycmAuFdI<\/a><\/div>\n<div>\u00a0<\/div>\n<div><strong>Moderadores:<\/strong><br \/>\nDr. Francisco Garci\u0301a Labat. B. Braun Avitum. Lugo\u00a0<\/div>\n<div>Dra. Teresa Cordal Marti\u0301nez. C.H.U. de Santiago<\/div>\n<div>\n<strong>DOSIFICACIO\u0301N DE FA\u0301RMACOS SEGU\u0301N EL TIPO DE DIA\u0301LISIS<\/strong><br \/>\nDr. Alberto Tejedor Jorge. H.G.U. Gregorio Maran\u0303o\u0301n. Madrid<\/div>\n<div>\u00a0<\/div>\n<\/div>\n<div>\u00a0<\/div>\n<div><b>09:30 &#8211; 10:15 MESA DE DI\u00c1LISIS PERITONEAL<\/b><\/div>\n<div><a href=\"https:\/\/www.youtube.com\/watch?v=2fuZTAZD0Xg\" target=\"_blank\" rel=\"noopener noreferrer\" data-saferedirecturl=\"https:\/\/www.google.com\/url?q=https:\/\/www.youtube.com\/watch?v%3D2fuZTAZD0Xg&amp;source=gmail&amp;ust=1592375647804000&amp;usg=AFQjCNE9EBnaMswan8ClWL1RwVzHgCB7jQ\">https:\/\/www.youtube.com\/watch?<wbr \/>v=2fuZTAZD0Xg<\/a><\/div>\n<div>\u00a0<\/div>\n<div><em>Moderadoras:<\/em><br \/>\nDra. Ana Rodri\u0301guez-Carmona de la Torre. C.H.U. de A Corun\u0303a\u00a0<\/div>\n<div>Dra. Beatriz Milla\u0301n Di\u0301az. H.U. Lucus Augusti. Lugo<\/div>\n<div>\n<strong>PERITONITIS ESCLEROSANTE: UNA VISIO\u0301N DESDE LOS MACRO\u0301FAGOS PERITONEALES<\/strong><br \/>\nDr. Rafael Selgas Gutie\u0301rrez. H.U. La Paz. Madrid<\/div>\n<div>\u00a0<\/div>\n<div><b>11:45 &#8211; 12:30 MESA DE TRASPLANTE<\/b><\/div>\n<div><a href=\"https:\/\/www.youtube.com\/watch?v=wRQ4VkqbGD8\" target=\"_blank\" rel=\"noopener noreferrer\" data-saferedirecturl=\"https:\/\/www.google.com\/url?q=https:\/\/www.youtube.com\/watch?v%3DwRQ4VkqbGD8&amp;source=gmail&amp;ust=1592375647804000&amp;usg=AFQjCNG6wwIhIl_thguh0noVPBOlzuJonA\">https:\/\/www.youtube.com\/watch?<wbr \/>v=wRQ4VkqbGD8<\/a>\u00a0<\/div>\n<div>\u00a0<\/div>\n<div><strong>Moderadores:<\/strong><br \/>\nDr. Andre\u0301s Lo\u0301pez Mun\u0303iz. C.H.U. de A Corun\u0303a\u00a0<\/div>\n<div>Dr. Enrique Pela\u0301ez Pe\u0301rez. C.H.U. de Pontevedra<\/div>\n<div>\n<strong>MANEJO DEL CALCIO-FOSFORO EN EL TRASPLANTE RENAL<\/strong><br \/>\nDr. Vicente Torregrosa Prats. Hospital Cli\u0301nic. Barcelona<\/div>\n<div>\u00a0<\/div>\n<div><b>14:20 &#8211; 15:00 CONFERENCIA DE CLAUSURA<\/b><\/div>\n<div><a href=\"https:\/\/www.youtube.com\/watch?v=R82eV1toJUs\" target=\"_blank\" rel=\"noopener noreferrer\" data-saferedirecturl=\"https:\/\/www.google.com\/url?q=https:\/\/www.youtube.com\/watch?v%3DR82eV1toJUs&amp;source=gmail&amp;ust=1592375647804000&amp;usg=AFQjCNH9rjP0ITf7pNEWP4f7F2pZPEN3IQ\">https:\/\/www.youtube.com\/watch?<wbr \/>v=R82eV1toJUs<\/a><\/div>\n<div>\u00a0<\/div>\n<div><strong>Moderadores:<\/strong><br \/>\nDr. Pablo Bouza Pin\u0303eiro. C.H.U. de Ferrol<br \/>\nDr. Jesu\u0301s Calvin\u0303o Varela. H.U. Lucus Augusti. Lugo<\/div>\n<div>\n<strong>\u00bfQUE\u0301 PODEMOS ESPERAR DE LA NEFROLOGI\u0301A PARA EL SIGLO XXI?<\/strong><br \/>\nDra. Mari\u0301a Dolores del Pino y Pino. Presidenta de la Sociedad Espan\u0303ola de Nefrologi\u0301a<\/div>","protected":false},"excerpt":{"rendered":"<p>VIERNES 10 DE NOVIEMBRE DE 2017 \u00a0 16:05 &#8211; 16:45 MESA DE REGISTROS Y PROPUESTAS https:\/\/www.youtube.com\/watch?v=CmKm31GvAyY\u00a0 \u00a0 Moderadores: Dr. Alfonso Otero Gonzalez C.H.U. de Ourense Dra. Margarita Lopez Vazquez H.U. Lucus Augusti. Lugo ACTUALIZACI\u00d3N DEL REGISTRO DE ENFERMOS RENALES Dra. Mar\u00eda Encarnaci\u00f3n Bouzas Caama\u00f1o. Oficina de coordinaci\u00f3n de trasplantes. Conseller\u00eda de Sanidade. Xunta de Galicia [&hellip;]<\/p>\n","protected":false},"author":1,"featured_media":0,"parent":0,"menu_order":40,"comment_status":"closed","ping_status":"closed","template":"","meta":{"_et_pb_use_builder":"off","_et_pb_old_content":"<div><b><u>VIERNES 10 DE NOVIEMBRE DE 2017<\/u><\/b><\/div>\r\n<div>\u00a0<\/div>\r\n<div><b>16:05 - 16:45 MESA DE REGISTROS Y PROPUESTAS<\/b><br \/>\r\n<a href=\"https:\/\/www.youtube.com\/watch?v=CmKm31GvAyY\" target=\"_blank\" rel=\"noopener noreferrer\" data-saferedirecturl=\"https:\/\/www.google.com\/url?q=https:\/\/www.youtube.com\/watch?v%3DCmKm31GvAyY&amp;source=gmail&amp;ust=1592375647804000&amp;usg=AFQjCNFWRidzitFv3ja6dL5ku9FX3rqlhQ\">https:\/\/www.youtube.com\/watch?<wbr \/>v=CmKm31GvAyY<\/a>\u00a0<\/div>\r\n<div>\u00a0<\/div>\r\n<div><strong>Moderadores:<\/strong><br \/>\r\nDr. Alfonso Otero Gonzalez C.H.U. de Ourense<br \/>\r\nDra. Margarita Lopez Vazquez H.U. Lucus Augusti. Lugo<br \/>\r\n<br \/>\r\n<strong>ACTUALIZACI\u00d3N DEL REGISTRO DE ENFERMOS RENALES<\/strong><br \/>\r\nDra. Mar\u00eda Encarnaci\u00f3n Bouzas Caama\u00f1o. Oficina de coordinaci\u00f3n de<br \/>\r\ntrasplantes. Conseller\u00eda de Sanidade. Xunta de Galicia<br \/>\r\n<br \/>\r\n<strong>REGISTRO DEL ACCESO VASCULAR Y DI\u00c1LISIS PERITONEAL.<\/strong><br \/>\r\n<strong>NUEVAS PROPUESTAS<\/strong><br \/>\r\n\u2022 Registro Di\u00e1lisis Peritoneal<br \/>\r\nDra. Ana Rodr\u00edguez-Carmona de la Torre. C.H.U. A Coru\u00f1a<br \/>\r\n\u2022 Registro Acceso Vascular<br \/>\r\nDra. Teresa Garc\u00eda Falc\u00f3n. C.H.U. A Coru\u00f1a<\/div>\r\n<div>\u00a0<\/div>\r\n<div><b>19:00 - 20:00 MESA DE NEFROLOG\u00cdA CL\u00cdNICA<\/b><\/div>\r\n<div><a href=\"https:\/\/www.youtube.com\/watch?v=4szfidvJcds\" target=\"_blank\" rel=\"noopener noreferrer\" data-saferedirecturl=\"https:\/\/www.google.com\/url?q=https:\/\/www.youtube.com\/watch?v%3D4szfidvJcds&amp;source=gmail&amp;ust=1592375647804000&amp;usg=AFQjCNE6d3vhgAaih18qbtqjDRSM3vOmEA\">https:\/\/www.youtube.com\/watch?<wbr \/>v=4szfidvJcds<\/a><\/div>\r\n<div>\u00a0<\/div>\r\n<div><strong>ENFERMEDADES RENALES ASOCIADAS AL COMPLEMENTO<\/strong><br \/>\r\n<strong>Moderadoras:<\/strong><br \/>\r\nDra. Mercedes Cao Vilarin\u0303o. C.H.U. de A Corun\u0303a\u00a0<\/div>\r\n<div>Dra. Carmen Cobelo Casas. H.U. Lucus Augusti. Lugo<br \/>\r\n<strong>Ponente:<\/strong><br \/>\r\nDr. Santiago Rodri\u0301guez de Co\u0301rdoba. Centro de Investigaciones Biolo\u0301gicas (CSIC), Madrid<br \/>\r\n<br \/>\r\n<\/div>\r\n<div><strong>TOXINAS URE\u0301MICAS Y MICROBIOTA<\/strong><br \/>\r\n<strong>Moderadores:<\/strong><br \/>\r\nDr. Jose\u0301 Mari\u0301a Lamas Barreiro. C.H.U. de Vigo<br \/>\r\nDr. Secundino Cigarra\u0301n Guldris. Hospital da Costa. Burela<br \/>\r\n<strong>Ponente:<\/strong><br \/>\r\nDr. Emilio Gonza\u0301lez Parra. Fundacio\u0301n Jime\u0301nez Di\u0301az. Madrid<\/div>\r\n<div>\u00a0<\/div>\r\n<div><b><u>S\u00c1BADO 11 DE NOVIEMBRE DE 2017<\/u><\/b><\/div>\r\n<div>\u00a0<\/div>\r\n<div>\r\n<div><b>09:45 - 09:30 MESA DE HEMODI\u00c1LISIS<\/b><\/div>\r\n<div><a href=\"https:\/\/www.youtube.com\/watch?v=2VmycmAuFdI\" target=\"_blank\" rel=\"noopener noreferrer\" data-saferedirecturl=\"https:\/\/www.google.com\/url?q=https:\/\/www.youtube.com\/watch?v%3D2VmycmAuFdI&amp;source=gmail&amp;ust=1592375647804000&amp;usg=AFQjCNGMxmyQ1gmZHyS1knCg1tjgfq8NEQ\">https:\/\/www.youtube.com\/watch?<wbr \/>v=2VmycmAuFdI<\/a><\/div>\r\n<div>\u00a0<\/div>\r\n<div><strong>Moderadores:<\/strong><br \/>\r\nDr. Francisco Garci\u0301a Labat. B. Braun Avitum. Lugo\u00a0<\/div>\r\n<div>Dra. Teresa Cordal Marti\u0301nez. C.H.U. de Santiago<\/div>\r\n<div><br \/>\r\n<strong>DOSIFICACIO\u0301N DE FA\u0301RMACOS SEGU\u0301N EL TIPO DE DIA\u0301LISIS<\/strong><br \/>\r\nDr. Alberto Tejedor Jorge. H.G.U. Gregorio Maran\u0303o\u0301n. Madrid<\/div>\r\n<div>\u00a0<\/div>\r\n<\/div>\r\n<div>\u00a0<\/div>\r\n<div><b>09:30 - 10:15 MESA DE DI\u00c1LISIS PERITONEAL<\/b><\/div>\r\n<div><a href=\"https:\/\/www.youtube.com\/watch?v=2fuZTAZD0Xg\" target=\"_blank\" rel=\"noopener noreferrer\" data-saferedirecturl=\"https:\/\/www.google.com\/url?q=https:\/\/www.youtube.com\/watch?v%3D2fuZTAZD0Xg&amp;source=gmail&amp;ust=1592375647804000&amp;usg=AFQjCNE9EBnaMswan8ClWL1RwVzHgCB7jQ\">https:\/\/www.youtube.com\/watch?<wbr \/>v=2fuZTAZD0Xg<\/a><\/div>\r\n<div>\u00a0<\/div>\r\n<div><em>Moderadoras:<\/em><br \/>\r\nDra. Ana Rodri\u0301guez-Carmona de la Torre. C.H.U. de A Corun\u0303a\u00a0<\/div>\r\n<div>Dra. Beatriz Milla\u0301n Di\u0301az. H.U. Lucus Augusti. Lugo<\/div>\r\n<div><br \/>\r\n<strong>PERITONITIS ESCLEROSANTE: UNA VISIO\u0301N DESDE LOS MACRO\u0301FAGOS PERITONEALES<\/strong><br \/>\r\nDr. Rafael Selgas Gutie\u0301rrez. H.U. La Paz. Madrid<\/div>\r\n<div>\u00a0<\/div>\r\n<div><b>11:45 - 12:30 MESA DE TRASPLANTE<\/b><\/div>\r\n<div><a href=\"https:\/\/www.youtube.com\/watch?v=wRQ4VkqbGD8\" target=\"_blank\" rel=\"noopener noreferrer\" data-saferedirecturl=\"https:\/\/www.google.com\/url?q=https:\/\/www.youtube.com\/watch?v%3DwRQ4VkqbGD8&amp;source=gmail&amp;ust=1592375647804000&amp;usg=AFQjCNG6wwIhIl_thguh0noVPBOlzuJonA\">https:\/\/www.youtube.com\/watch?<wbr \/>v=wRQ4VkqbGD8<\/a>\u00a0<\/div>\r\n<div>\u00a0<\/div>\r\n<div><strong>Moderadores:<\/strong><br \/>\r\nDr. Andre\u0301s Lo\u0301pez Mun\u0303iz. C.H.U. de A Corun\u0303a\u00a0<\/div>\r\n<div>Dr. Enrique Pela\u0301ez Pe\u0301rez. C.H.U. de Pontevedra<\/div>\r\n<div><br \/>\r\n<strong>MANEJO DEL CALCIO-FOSFORO EN EL TRASPLANTE RENAL<\/strong><br \/>\r\nDr. Vicente Torregrosa Prats. Hospital Cli\u0301nic. Barcelona<\/div>\r\n<div>\u00a0<\/div>\r\n<div><b>14:20 - 15:00 CONFERENCIA DE CLAUSURA<\/b><\/div>\r\n<div><a href=\"https:\/\/www.youtube.com\/watch?v=R82eV1toJUs\" target=\"_blank\" rel=\"noopener noreferrer\" data-saferedirecturl=\"https:\/\/www.google.com\/url?q=https:\/\/www.youtube.com\/watch?v%3DR82eV1toJUs&amp;source=gmail&amp;ust=1592375647804000&amp;usg=AFQjCNH9rjP0ITf7pNEWP4f7F2pZPEN3IQ\">https:\/\/www.youtube.com\/watch?<wbr \/>v=R82eV1toJUs<\/a><\/div>\r\n<div>\u00a0<\/div>\r\n<div><strong>Moderadores:<\/strong><br \/>\r\nDr. Pablo Bouza Pin\u0303eiro. C.H.U. de Ferrol<br \/>\r\nDr. Jesu\u0301s Calvin\u0303o Varela. H.U. Lucus Augusti. Lugo<\/div>\r\n<div><br \/>\r\n<strong>\u00bfQUE\u0301 PODEMOS ESPERAR DE LA NEFROLOGI\u0301A PARA EL SIGLO XXI?<\/strong><br \/>\r\nDra. Mari\u0301a Dolores del Pino y Pino. Presidenta de la Sociedad Espan\u0303ola de Nefrologi\u0301a<\/div>","_et_gb_content_width":"","footnotes":""},"class_list":["post-3759","page","type-page","status-publish","hentry"],"yoast_head":"<!-- This site is optimized with the Yoast SEO plugin v27.1.1 - https:\/\/yoast.com\/product\/yoast-seo-wordpress\/ -->\n<title>Videos IV Congreso de la Sociedad Gallega de Nefrolog\u00eda - SGAN<\/title>\n<meta name=\"robots\" content=\"index, follow, max-snippet:-1, max-image-preview:large, max-video-preview:-1\" \/>\n<link rel=\"canonical\" href=\"https:\/\/sgan.es\/gl\/videos-iv-congreso-de-la-sociedad-gallega-de-nefrologia\/\" \/>\n<meta property=\"og:locale\" content=\"gl_ES\" \/>\n<meta property=\"og:type\" content=\"article\" \/>\n<meta property=\"og:title\" content=\"Videos IV Congreso de la Sociedad Gallega de Nefrolog\u00eda - SGAN\" \/>\n<meta property=\"og:description\" content=\"VIERNES 10 DE NOVIEMBRE DE 2017 \u00a0 16:05 &#8211; 16:45 MESA DE REGISTROS Y PROPUESTAS https:\/\/www.youtube.com\/watch?v=CmKm31GvAyY\u00a0 \u00a0 Moderadores: Dr. Alfonso Otero Gonzalez C.H.U. de Ourense Dra. Margarita Lopez Vazquez H.U. Lucus Augusti. Lugo ACTUALIZACI\u00d3N DEL REGISTRO DE ENFERMOS RENALES Dra. Mar\u00eda Encarnaci\u00f3n Bouzas Caama\u00f1o. Oficina de coordinaci\u00f3n de trasplantes. Conseller\u00eda de Sanidade. Xunta de Galicia [&hellip;]\" \/>\n<meta property=\"og:url\" content=\"https:\/\/sgan.es\/gl\/videos-iv-congreso-de-la-sociedad-gallega-de-nefrologia\/\" \/>\n<meta property=\"og:site_name\" content=\"SGAN\" \/>\n<meta property=\"article:publisher\" content=\"https:\/\/www.facebook.com\/SGAN-244493612899331\/\" \/>\n<meta property=\"article:modified_time\" content=\"2024-04-25T10:00:18+00:00\" \/>\n<meta name=\"twitter:card\" content=\"summary_large_image\" \/>\n<meta name=\"twitter:site\" content=\"@NefroGalicia\" \/>\n<meta name=\"twitter:label1\" content=\"Tempo de lectura\" \/>\n\t<meta name=\"twitter:data1\" content=\"2 minutos\" \/>\n<script type=\"application\/ld+json\" class=\"yoast-schema-graph\">{\"@context\":\"https:\/\/schema.org\",\"@graph\":[{\"@type\":\"WebPage\",\"@id\":\"https:\/\/sgan.es\/videos-iv-congreso-de-la-sociedad-gallega-de-nefrologia\/\",\"url\":\"https:\/\/sgan.es\/videos-iv-congreso-de-la-sociedad-gallega-de-nefrologia\/\",\"name\":\"Videos IV Congreso de la Sociedad Gallega de Nefrolog\u00eda - SGAN\",\"isPartOf\":{\"@id\":\"https:\/\/sgan.es\/#website\"},\"datePublished\":\"2020-06-16T06:39:05+00:00\",\"dateModified\":\"2024-04-25T10:00:18+00:00\",\"breadcrumb\":{\"@id\":\"https:\/\/sgan.es\/videos-iv-congreso-de-la-sociedad-gallega-de-nefrologia\/#breadcrumb\"},\"inLanguage\":\"gl-ES\",\"potentialAction\":[{\"@type\":\"ReadAction\",\"target\":[\"https:\/\/sgan.es\/videos-iv-congreso-de-la-sociedad-gallega-de-nefrologia\/\"]}]},{\"@type\":\"BreadcrumbList\",\"@id\":\"https:\/\/sgan.es\/videos-iv-congreso-de-la-sociedad-gallega-de-nefrologia\/#breadcrumb\",\"itemListElement\":[{\"@type\":\"ListItem\",\"position\":1,\"name\":\"Inicio\",\"item\":\"https:\/\/sgan.es\/\"},{\"@type\":\"ListItem\",\"position\":2,\"name\":\"Videos IV Congreso de la Sociedad Gallega de Nefrolog\u00eda\"}]},{\"@type\":\"WebSite\",\"@id\":\"https:\/\/sgan.es\/#website\",\"url\":\"https:\/\/sgan.es\/\",\"name\":\"SGAN\",\"description\":\"Sociedad Gallega de Nefrolog\u00eda\",\"publisher\":{\"@id\":\"https:\/\/sgan.es\/#organization\"},\"potentialAction\":[{\"@type\":\"SearchAction\",\"target\":{\"@type\":\"EntryPoint\",\"urlTemplate\":\"https:\/\/sgan.es\/?s={search_term_string}\"},\"query-input\":{\"@type\":\"PropertyValueSpecification\",\"valueRequired\":true,\"valueName\":\"search_term_string\"}}],\"inLanguage\":\"gl-ES\"},{\"@type\":\"Organization\",\"@id\":\"https:\/\/sgan.es\/#organization\",\"name\":\"SGAN\",\"url\":\"https:\/\/sgan.es\/\",\"logo\":{\"@type\":\"ImageObject\",\"inLanguage\":\"gl-ES\",\"@id\":\"https:\/\/sgan.es\/#\/schema\/logo\/image\/\",\"url\":\"https:\/\/sgan.es\/wp-content\/uploads\/2023\/04\/logoSgan.jpg\",\"contentUrl\":\"https:\/\/sgan.es\/wp-content\/uploads\/2023\/04\/logoSgan.jpg\",\"width\":255,\"height\":193,\"caption\":\"SGAN\"},\"image\":{\"@id\":\"https:\/\/sgan.es\/#\/schema\/logo\/image\/\"},\"sameAs\":[\"https:\/\/www.facebook.com\/SGAN-244493612899331\/\",\"https:\/\/x.com\/NefroGalicia\"]}]}<\/script>\n<!-- \/ Yoast SEO plugin. -->","yoast_head_json":{"title":"Videos IV Congreso de la Sociedad Gallega de Nefrolog\u00eda - SGAN","robots":{"index":"index","follow":"follow","max-snippet":"max-snippet:-1","max-image-preview":"max-image-preview:large","max-video-preview":"max-video-preview:-1"},"canonical":"https:\/\/sgan.es\/gl\/videos-iv-congreso-de-la-sociedad-gallega-de-nefrologia\/","og_locale":"gl_ES","og_type":"article","og_title":"Videos IV Congreso de la Sociedad Gallega de Nefrolog\u00eda - SGAN","og_description":"VIERNES 10 DE NOVIEMBRE DE 2017 \u00a0 16:05 &#8211; 16:45 MESA DE REGISTROS Y PROPUESTAS https:\/\/www.youtube.com\/watch?v=CmKm31GvAyY\u00a0 \u00a0 Moderadores: Dr. Alfonso Otero Gonzalez C.H.U. de Ourense Dra. Margarita Lopez Vazquez H.U. Lucus Augusti. Lugo ACTUALIZACI\u00d3N DEL REGISTRO DE ENFERMOS RENALES Dra. Mar\u00eda Encarnaci\u00f3n Bouzas Caama\u00f1o. Oficina de coordinaci\u00f3n de trasplantes. Conseller\u00eda de Sanidade. Xunta de Galicia [&hellip;]","og_url":"https:\/\/sgan.es\/gl\/videos-iv-congreso-de-la-sociedad-gallega-de-nefrologia\/","og_site_name":"SGAN","article_publisher":"https:\/\/www.facebook.com\/SGAN-244493612899331\/","article_modified_time":"2024-04-25T10:00:18+00:00","twitter_card":"summary_large_image","twitter_site":"@NefroGalicia","twitter_misc":{"Tempo de lectura":"2 minutos"},"schema":{"@context":"https:\/\/schema.org","@graph":[{"@type":"WebPage","@id":"https:\/\/sgan.es\/videos-iv-congreso-de-la-sociedad-gallega-de-nefrologia\/","url":"https:\/\/sgan.es\/videos-iv-congreso-de-la-sociedad-gallega-de-nefrologia\/","name":"Videos IV Congreso de la Sociedad Gallega de Nefrolog\u00eda - SGAN","isPartOf":{"@id":"https:\/\/sgan.es\/#website"},"datePublished":"2020-06-16T06:39:05+00:00","dateModified":"2024-04-25T10:00:18+00:00","breadcrumb":{"@id":"https:\/\/sgan.es\/videos-iv-congreso-de-la-sociedad-gallega-de-nefrologia\/#breadcrumb"},"inLanguage":"gl-ES","potentialAction":[{"@type":"ReadAction","target":["https:\/\/sgan.es\/videos-iv-congreso-de-la-sociedad-gallega-de-nefrologia\/"]}]},{"@type":"BreadcrumbList","@id":"https:\/\/sgan.es\/videos-iv-congreso-de-la-sociedad-gallega-de-nefrologia\/#breadcrumb","itemListElement":[{"@type":"ListItem","position":1,"name":"Inicio","item":"https:\/\/sgan.es\/"},{"@type":"ListItem","position":2,"name":"Videos IV Congreso de la Sociedad Gallega de Nefrolog\u00eda"}]},{"@type":"WebSite","@id":"https:\/\/sgan.es\/#website","url":"https:\/\/sgan.es\/","name":"SGAN","description":"Sociedad Gallega de Nefrolog\u00eda","publisher":{"@id":"https:\/\/sgan.es\/#organization"},"potentialAction":[{"@type":"SearchAction","target":{"@type":"EntryPoint","urlTemplate":"https:\/\/sgan.es\/?s={search_term_string}"},"query-input":{"@type":"PropertyValueSpecification","valueRequired":true,"valueName":"search_term_string"}}],"inLanguage":"gl-ES"},{"@type":"Organization","@id":"https:\/\/sgan.es\/#organization","name":"SGAN","url":"https:\/\/sgan.es\/","logo":{"@type":"ImageObject","inLanguage":"gl-ES","@id":"https:\/\/sgan.es\/#\/schema\/logo\/image\/","url":"https:\/\/sgan.es\/wp-content\/uploads\/2023\/04\/logoSgan.jpg","contentUrl":"https:\/\/sgan.es\/wp-content\/uploads\/2023\/04\/logoSgan.jpg","width":255,"height":193,"caption":"SGAN"},"image":{"@id":"https:\/\/sgan.es\/#\/schema\/logo\/image\/"},"sameAs":["https:\/\/www.facebook.com\/SGAN-244493612899331\/","https:\/\/x.com\/NefroGalicia"]}]}},"_links":{"self":[{"href":"https:\/\/sgan.es\/gl\/wp-json\/wp\/v2\/pages\/3759","targetHints":{"allow":["GET"]}}],"collection":[{"href":"https:\/\/sgan.es\/gl\/wp-json\/wp\/v2\/pages"}],"about":[{"href":"https:\/\/sgan.es\/gl\/wp-json\/wp\/v2\/types\/page"}],"author":[{"embeddable":true,"href":"https:\/\/sgan.es\/gl\/wp-json\/wp\/v2\/users\/1"}],"replies":[{"embeddable":true,"href":"https:\/\/sgan.es\/gl\/wp-json\/wp\/v2\/comments?post=3759"}],"version-history":[{"count":2,"href":"https:\/\/sgan.es\/gl\/wp-json\/wp\/v2\/pages\/3759\/revisions"}],"predecessor-version":[{"id":4427,"href":"https:\/\/sgan.es\/gl\/wp-json\/wp\/v2\/pages\/3759\/revisions\/4427"}],"wp:attachment":[{"href":"https:\/\/sgan.es\/gl\/wp-json\/wp\/v2\/media?parent=3759"}],"curies":[{"name":"wp","href":"https:\/\/api.w.org\/{rel}","templated":true}]}}