{"id":3958,"date":"2022-12-14T16:23:12","date_gmt":"2022-12-14T16:23:12","guid":{"rendered":"https:\/\/sgan.es\/?page_id=3958"},"modified":"2024-04-25T09:58:53","modified_gmt":"2024-04-25T09:58:53","slug":"ponencias-8-o-congreso-de-la-sociedad-gallega-de-nefrologia","status":"publish","type":"page","link":"https:\/\/sgan.es\/gl\/ponencias-8-o-congreso-de-la-sociedad-gallega-de-nefrologia\/","title":{"rendered":"Ponencias 8 \u00ba Congreso de la Sociedad Gallega de Nefrolog\u00eda"},"content":{"rendered":"<p>[et_pb_section fb_built=\u00bb1&#8243; custom_padding_last_edited=\u00bbon|desktop\u00bb next_background_color=\u00bb#ffffff\u00bb admin_label=\u00bbHeader\u00bb _builder_version=\u00bb4.25.0&#8243; background_image=\u00bbhttps:\/\/sgan.es\/wp-content\/uploads\/2024\/04\/home_banner_seccion.png\u00bb parallax=\u00bbon\u00bb custom_padding=\u00bb3vw||7vw||false|false\u00bb custom_padding_tablet=\u00bb100px||100px||true\u00bb custom_padding_phone=\u00bb||||true\u00bb bottom_divider_style=\u00bbramp2&#8243; bottom_divider_height=\u00bb250px\u00bb bottom_divider_flip=\u00bbhorizontal\u00bb bottom_divider_height_tablet=\u00bb150px\u00bb bottom_divider_height_phone=\u00bb110px\u00bb bottom_divider_height_last_edited=\u00bbon|phone\u00bb saved_tabs=\u00bball\u00bb global_colors_info=\u00bb{}\u00bb theme_builder_area=\u00bbpost_content\u00bb][et_pb_row _builder_version=\u00bb4.16&#8243; global_colors_info=\u00bb{}\u00bb theme_builder_area=\u00bbpost_content\u00bb][et_pb_column type=\u00bb4_4&#8243; _builder_version=\u00bb4.16&#8243; custom_padding=\u00bb|||\u00bb global_colors_info=\u00bb{}\u00bb custom_padding__hover=\u00bb|||\u00bb theme_builder_area=\u00bbpost_content\u00bb][et_pb_text _builder_version=\u00bb4.25.0&#8243; text_font=\u00bbRoboto||||||||\u00bb text_line_height=\u00bb1.8em\u00bb header_font=\u00bbRoboto|700|||||||\u00bb header_text_align=\u00bbcenter\u00bb header_font_size=\u00bb80px\u00bb header_line_height=\u00bb1.2em\u00bb header_3_font=\u00bbRoboto|700||on|||||\u00bb header_3_text_align=\u00bbcenter\u00bb header_3_text_color=\u00bb#ffffff\u00bb header_3_font_size=\u00bb24px\u00bb header_3_letter_spacing=\u00bb10px\u00bb header_3_line_height=\u00bb2em\u00bb text_orientation=\u00bbcenter\u00bb background_layout=\u00bbdark\u00bb module_alignment=\u00bbcenter\u00bb text_font_size_last_edited=\u00bboff|desktop\u00bb header_font_size_tablet=\u00bb40px\u00bb header_font_size_phone=\u00bb32px\u00bb header_font_size_last_edited=\u00bbon|phone\u00bb header_3_font_size_tablet=\u00bb16px\u00bb header_3_font_size_phone=\u00bb14px\u00bb header_3_font_size_last_edited=\u00bbon|phone\u00bb header_3_letter_spacing_tablet=\u00bb5px\u00bb header_3_letter_spacing_phone=\u00bb\u00bb header_3_letter_spacing_last_edited=\u00bbon|tablet\u00bb global_colors_info=\u00bb{}\u00bb theme_builder_area=\u00bbpost_content\u00bb]<\/p>\n<h1>PONENCIAS<\/h1>\n<p>[\/et_pb_text][\/et_pb_column][\/et_pb_row][\/et_pb_section][et_pb_section fb_built=\u00bb1&#8243; admin_label=\u00bbsection\u00bb _builder_version=\u00bb4.16&#8243; global_colors_info=\u00bb{}\u00bb][et_pb_row admin_label=\u00bbrow\u00bb _builder_version=\u00bb4.16&#8243; background_size=\u00bbinitial\u00bb background_position=\u00bbtop_left\u00bb background_repeat=\u00bbrepeat\u00bb global_colors_info=\u00bb{}\u00bb][et_pb_column type=\u00bb4_4&#8243; _builder_version=\u00bb4.16&#8243; custom_padding=\u00bb|||\u00bb global_colors_info=\u00bb{}\u00bb custom_padding__hover=\u00bb|||\u00bb][et_pb_code _builder_version=\u00bb4.25.0&#8243; _module_preset=\u00bbdefault\u00bb border_width_bottom=\u00bb1px\u00bb global_colors_info=\u00bb{}\u00bb theme_builder_area=\u00bbpost_content\u00bb]<span><span><a href=\"https:\/\/sgan.es\/\">Inicio<\/a><\/span><\/span>[\/et_pb_code][et_pb_text admin_label=\u00bbText\u00bb _builder_version=\u00bb4.16&#8243; background_size=\u00bbinitial\u00bb background_position=\u00bbtop_left\u00bb background_repeat=\u00bbrepeat\u00bb global_colors_info=\u00bb{}\u00bb]<\/p>\n<p><a href=\"https:\/\/sgan.es\/wp-content\/uploads\/2022\/13\/Encarnacion-Bouzas.pdf\" target=\"_blank\" rel=\"noopener noreferrer\">Registro Gallego de enfermos renales (REXER)<\/a><br \/>\nEncarnaci\u00f3n Bouzas Caama\u00f1o<\/p>\n<p><a href=\"https:\/\/sgan.es\/wp-content\/uploads\/2022\/13\/Teresa.pdf\" target=\"_blank\" rel=\"noopener noreferrer\">Registro de accesos vasculares<\/a><br \/>\nTeresa Garc\u00eda Falc\u00f3n<\/p>\n<p><a href=\"https:\/\/sgan.es\/wp-content\/uploads\/2022\/13\/Ana-Rordiguez-CarmonaL.pdf\" target=\"_blank\" rel=\"noopener noreferrer\">Registro Di\u00e1lisis Peritoneal<\/a><br \/> Ana Rodr\u00edguez Carmona<\/p>\n<p><a href=\"https:\/\/sgan.es\/wp-content\/uploads\/2022\/13\/Miguel-Garcia.pdf\" target=\"_blank\" rel=\"noopener noreferrer\">Formas at\u00edpicas de enfermedad renal hereditaria<\/a><br \/>\nMiguel \u00c1ngel Garc\u00eda Gonz\u00e1lez<\/p>\n<p><a href=\"https:\/\/sgan.es\/wp-content\/uploads\/2022\/13\/Marian-Goicoechea.pdf\" target=\"_blank\" rel=\"noopener noreferrer\">Enfermedad renal asociada a infecci\u00f3n por virus SARS \u2013 COVID- 19<\/a><br \/>\nMarian Goicoechea Diezhandino<\/p>\n<p><a href=\"https:\/\/sgan.es\/wp-content\/uploads\/2022\/13\/Crespo-Leiro.pdf\" target=\"_blank\" rel=\"noopener noreferrer\">\u00bfPara qu\u00e9 sirve una unidad cardiorenal?<\/a><br \/>\nMar\u00eda G. Crespo Leiro<\/p>\n<p><a href=\"https:\/\/sgan.es\/wp-content\/uploads\/2022\/13\/Bouza-Pablo.pdf\" target=\"_blank\" rel=\"noopener noreferrer\">Abordaje de la enfermedad renal cr\u00f3nica. Un reto para la nefrolog\u00eda<\/a><br \/>\nPablo Bouza Pi\u00f1eiro<\/p>\n<p><a href=\"https:\/\/sgan.es\/wp-content\/uploads\/2022\/13\/Bover-Jordi.pdf\" target=\"_blank\" rel=\"noopener noreferrer\">Manejo de la osteoporosis en pacientes ERC<\/a><br \/>\nJordi Bover Sanjuan<\/p>\n<p><a href=\"https:\/\/sgan.es\/wp-content\/uploads\/2022\/13\/Rodriguez.pdf\" target=\"_blank\" rel=\"noopener noreferrer\">Selecci\u00f3n de pacientes para lista de espera de trasplante renal. La visi\u00f3n del cirujano<\/a><br \/>\nJavier Rodr\u00edguez Rivera<\/p>\n<p><a href=\"https:\/\/sgan.es\/wp-content\/uploads\/2022\/13\/Gloria.pdf\" target=\"_blank\" rel=\"noopener noreferrer\">Avances en fisiopatolog\u00eda del fallo de membrana peritoneal<\/a><br \/> Gloria del Peso Gilsanz<\/p>\n<p><a href=\"https:\/\/sgan.es\/wp-content\/uploads\/2022\/13\/Patricia.pdf\" target=\"_blank\" rel=\"noopener noreferrer\">Hemodi\u00e1lisis coste-eficiente \u00bfes la hemodi\u00e1lisis expandida la respuesta?<\/a><br \/>\nPatricia de Sequera Ortiz<\/p>\n<p><a href=\"https:\/\/sgan.es\/wp-content\/uploads\/2022\/13\/Jesus-Calvino.pdf\" target=\"_blank\" rel=\"noopener noreferrer\">Objetivos de prescripci\u00f3n en HD domiciliaria<\/a><br \/>\nJes\u00fas Calvi\u00f1o Varela<\/p>\n<p>[\/et_pb_text][\/et_pb_column][\/et_pb_row][\/et_pb_section]<\/p>\n","protected":false},"excerpt":{"rendered":"<p>PONENCIAS<span><span><a href=\"https:\/\/sgan.es\/\">Inicio<\/a><\/span><\/span>Registro Gallego de enfermos renales (REXER) Encarnaci\u00f3n Bouzas Caama\u00f1o Registro de accesos vasculares Teresa Garc\u00eda Falc\u00f3n Registro Di\u00e1lisis Peritoneal Ana Rodr\u00edguez Carmona Formas at\u00edpicas de enfermedad renal hereditaria Miguel \u00c1ngel Garc\u00eda Gonz\u00e1lez Enfermedad renal asociada a infecci\u00f3n por virus SARS \u2013 COVID- 19 Marian Goicoechea Diezhandino \u00bfPara qu\u00e9 sirve una unidad cardiorenal? Mar\u00eda G. Crespo [&hellip;]<\/p>\n","protected":false},"author":1,"featured_media":0,"parent":0,"menu_order":45,"comment_status":"closed","ping_status":"closed","template":"","meta":{"_et_pb_use_builder":"on","_et_pb_old_content":"<p><a href=\"https:\/\/sgan.es\/wp-content\/uploads\/2022\/13\/Encarnacion-Bouzas.pdf\" target=\"_blank\" rel=\"noopener noreferrer\">Registro Gallego de enfermos renales (REXER)<\/a><br \/>\r\nEncarnaci\u00f3n Bouzas Caama\u00f1o<\/p>\r\n\r\n<p><a href=\"https:\/\/sgan.es\/wp-content\/uploads\/2022\/13\/Teresa.pdf\" target=\"_blank\" rel=\"noopener noreferrer\">Registro de accesos vasculares<\/a><br \/>\r\nTeresa Garc\u00eda Falc\u00f3n<\/p>\r\n\r\n<p><a href=\"https:\/\/sgan.es\/wp-content\/uploads\/2022\/13\/Ana-Rordiguez-CarmonaL.pdf\" target=\"_blank\" rel=\"noopener noreferrer\">Registro Di\u00e1lisis Peritoneal<\/a><br \/> Ana Rodr\u00edguez Carmona<\/p>\r\n\r\n<p><a href=\"https:\/\/sgan.es\/wp-content\/uploads\/2022\/13\/Miguel-Garcia.pdf\" target=\"_blank\" rel=\"noopener noreferrer\">Formas at\u00edpicas de enfermedad renal hereditaria<\/a><br \/>\r\nMiguel \u00c1ngel Garc\u00eda Gonz\u00e1lez<\/p>\r\n\r\n<p><a href=\"https:\/\/sgan.es\/wp-content\/uploads\/2022\/13\/Marian-Goicoechea.pdf\" target=\"_blank\" rel=\"noopener noreferrer\">Enfermedad renal asociada a infecci\u00f3n por virus SARS \u2013 COVID- 19<\/a><br \/>\r\nMarian Goicoechea Diezhandino<\/p>\r\n\r\n<p><a href=\"https:\/\/sgan.es\/wp-content\/uploads\/2022\/13\/Crespo-Leiro.pdf\" target=\"_blank\" rel=\"noopener noreferrer\">\u00bfPara qu\u00e9 sirve una unidad cardiorenal?<\/a><br \/>\r\nMar\u00eda G. Crespo Leiro<\/p>\r\n\r\n<p><a href=\"https:\/\/sgan.es\/wp-content\/uploads\/2022\/13\/Bouza-Pablo.pdf\" target=\"_blank\" rel=\"noopener noreferrer\">Abordaje de la enfermedad renal cr\u00f3nica. Un reto para la nefrolog\u00eda<\/a><br \/>\r\nPablo Bouza Pi\u00f1eiro<\/p>\r\n\r\n<p><a href=\"https:\/\/sgan.es\/wp-content\/uploads\/2022\/13\/Bover-Jordi.pdf\" target=\"_blank\" rel=\"noopener noreferrer\">Manejo de la osteoporosis en pacientes ERC<\/a><br \/>\r\nJordi Bover Sanjuan<\/p>\r\n\r\n<p><a href=\"https:\/\/sgan.es\/wp-content\/uploads\/2022\/13\/Rodriguez.pdf\" target=\"_blank\" rel=\"noopener noreferrer\">Selecci\u00f3n de pacientes para lista de espera de trasplante renal. La visi\u00f3n del cirujano<\/a><br \/>\r\nJavier Rodr\u00edguez Rivera<\/p>\r\n\r\n<p><a href=\"https:\/\/sgan.es\/wp-content\/uploads\/2022\/13\/Gloria.pdf\" target=\"_blank\" rel=\"noopener noreferrer\">Avances en fisiopatolog\u00eda del fallo de membrana peritoneal<\/a><br \/> Gloria del Peso Gilsanz<\/p>\r\n\r\n<p><a href=\"https:\/\/sgan.es\/wp-content\/uploads\/2022\/13\/Patricia.pdf\" target=\"_blank\" rel=\"noopener noreferrer\">Hemodi\u00e1lisis coste-eficiente \u00bfes la hemodi\u00e1lisis expandida la respuesta?<\/a><br \/>\r\nPatricia de Sequera Ortiz<\/p>\r\n\r\n<p><a href=\"https:\/\/sgan.es\/wp-content\/uploads\/2022\/13\/Jesus-Calvino.pdf\" target=\"_blank\" rel=\"noopener noreferrer\">Objetivos de prescripci\u00f3n en HD domiciliaria<\/a><br \/>\r\nJes\u00fas Calvi\u00f1o Varela<\/p>","_et_gb_content_width":"","footnotes":""},"class_list":["post-3958","page","type-page","status-publish","hentry"],"yoast_head":"<!-- This site is optimized with the Yoast SEO plugin v27.1.1 - https:\/\/yoast.com\/product\/yoast-seo-wordpress\/ -->\n<title>Ponencias 8 \u00ba Congreso de la Sociedad Gallega de Nefrolog\u00eda - SGAN<\/title>\n<meta name=\"robots\" content=\"index, follow, max-snippet:-1, max-image-preview:large, max-video-preview:-1\" \/>\n<link rel=\"canonical\" href=\"https:\/\/sgan.es\/gl\/ponencias-8-o-congreso-de-la-sociedad-gallega-de-nefrologia\/\" \/>\n<meta property=\"og:locale\" content=\"gl_ES\" \/>\n<meta property=\"og:type\" content=\"article\" \/>\n<meta property=\"og:title\" content=\"Ponencias 8 \u00ba Congreso de la Sociedad Gallega de Nefrolog\u00eda - SGAN\" \/>\n<meta property=\"og:description\" content=\"PONENCIASRegistro Gallego de enfermos renales (REXER) Encarnaci\u00f3n Bouzas Caama\u00f1o Registro de accesos vasculares Teresa Garc\u00eda Falc\u00f3n Registro Di\u00e1lisis Peritoneal Ana Rodr\u00edguez Carmona Formas at\u00edpicas de enfermedad renal hereditaria Miguel \u00c1ngel Garc\u00eda Gonz\u00e1lez Enfermedad renal asociada a infecci\u00f3n por virus SARS \u2013 COVID- 19 Marian Goicoechea Diezhandino \u00bfPara qu\u00e9 sirve una unidad cardiorenal? Mar\u00eda G. Crespo [&hellip;]\" \/>\n<meta property=\"og:url\" content=\"https:\/\/sgan.es\/gl\/ponencias-8-o-congreso-de-la-sociedad-gallega-de-nefrologia\/\" \/>\n<meta property=\"og:site_name\" content=\"SGAN\" \/>\n<meta property=\"article:publisher\" content=\"https:\/\/www.facebook.com\/SGAN-244493612899331\/\" \/>\n<meta property=\"article:modified_time\" content=\"2024-04-25T09:58:53+00:00\" \/>\n<meta name=\"twitter:card\" content=\"summary_large_image\" \/>\n<meta name=\"twitter:site\" content=\"@NefroGalicia\" \/>\n<meta name=\"twitter:label1\" content=\"Tempo de lectura\" \/>\n\t<meta name=\"twitter:data1\" content=\"3 minutos\" \/>\n<script type=\"application\/ld+json\" class=\"yoast-schema-graph\">{\"@context\":\"https:\/\/schema.org\",\"@graph\":[{\"@type\":\"WebPage\",\"@id\":\"https:\/\/sgan.es\/ponencias-8-o-congreso-de-la-sociedad-gallega-de-nefrologia\/\",\"url\":\"https:\/\/sgan.es\/ponencias-8-o-congreso-de-la-sociedad-gallega-de-nefrologia\/\",\"name\":\"Ponencias 8 \u00ba Congreso de la Sociedad Gallega de Nefrolog\u00eda - SGAN\",\"isPartOf\":{\"@id\":\"https:\/\/sgan.es\/#website\"},\"datePublished\":\"2022-12-14T16:23:12+00:00\",\"dateModified\":\"2024-04-25T09:58:53+00:00\",\"breadcrumb\":{\"@id\":\"https:\/\/sgan.es\/ponencias-8-o-congreso-de-la-sociedad-gallega-de-nefrologia\/#breadcrumb\"},\"inLanguage\":\"gl-ES\",\"potentialAction\":[{\"@type\":\"ReadAction\",\"target\":[\"https:\/\/sgan.es\/ponencias-8-o-congreso-de-la-sociedad-gallega-de-nefrologia\/\"]}]},{\"@type\":\"BreadcrumbList\",\"@id\":\"https:\/\/sgan.es\/ponencias-8-o-congreso-de-la-sociedad-gallega-de-nefrologia\/#breadcrumb\",\"itemListElement\":[{\"@type\":\"ListItem\",\"position\":1,\"name\":\"Inicio\",\"item\":\"https:\/\/sgan.es\/\"},{\"@type\":\"ListItem\",\"position\":2,\"name\":\"Ponencias 8 \u00ba Congreso de la Sociedad Gallega de Nefrolog\u00eda\"}]},{\"@type\":\"WebSite\",\"@id\":\"https:\/\/sgan.es\/#website\",\"url\":\"https:\/\/sgan.es\/\",\"name\":\"SGAN\",\"description\":\"Sociedad Gallega de Nefrolog\u00eda\",\"publisher\":{\"@id\":\"https:\/\/sgan.es\/#organization\"},\"potentialAction\":[{\"@type\":\"SearchAction\",\"target\":{\"@type\":\"EntryPoint\",\"urlTemplate\":\"https:\/\/sgan.es\/?s={search_term_string}\"},\"query-input\":{\"@type\":\"PropertyValueSpecification\",\"valueRequired\":true,\"valueName\":\"search_term_string\"}}],\"inLanguage\":\"gl-ES\"},{\"@type\":\"Organization\",\"@id\":\"https:\/\/sgan.es\/#organization\",\"name\":\"SGAN\",\"url\":\"https:\/\/sgan.es\/\",\"logo\":{\"@type\":\"ImageObject\",\"inLanguage\":\"gl-ES\",\"@id\":\"https:\/\/sgan.es\/#\/schema\/logo\/image\/\",\"url\":\"https:\/\/sgan.es\/wp-content\/uploads\/2023\/04\/logoSgan.jpg\",\"contentUrl\":\"https:\/\/sgan.es\/wp-content\/uploads\/2023\/04\/logoSgan.jpg\",\"width\":255,\"height\":193,\"caption\":\"SGAN\"},\"image\":{\"@id\":\"https:\/\/sgan.es\/#\/schema\/logo\/image\/\"},\"sameAs\":[\"https:\/\/www.facebook.com\/SGAN-244493612899331\/\",\"https:\/\/x.com\/NefroGalicia\"]}]}<\/script>\n<!-- \/ Yoast SEO plugin. -->","yoast_head_json":{"title":"Ponencias 8 \u00ba Congreso de la Sociedad Gallega de Nefrolog\u00eda - SGAN","robots":{"index":"index","follow":"follow","max-snippet":"max-snippet:-1","max-image-preview":"max-image-preview:large","max-video-preview":"max-video-preview:-1"},"canonical":"https:\/\/sgan.es\/gl\/ponencias-8-o-congreso-de-la-sociedad-gallega-de-nefrologia\/","og_locale":"gl_ES","og_type":"article","og_title":"Ponencias 8 \u00ba Congreso de la Sociedad Gallega de Nefrolog\u00eda - SGAN","og_description":"PONENCIASRegistro Gallego de enfermos renales (REXER) Encarnaci\u00f3n Bouzas Caama\u00f1o Registro de accesos vasculares Teresa Garc\u00eda Falc\u00f3n Registro Di\u00e1lisis Peritoneal Ana Rodr\u00edguez Carmona Formas at\u00edpicas de enfermedad renal hereditaria Miguel \u00c1ngel Garc\u00eda Gonz\u00e1lez Enfermedad renal asociada a infecci\u00f3n por virus SARS \u2013 COVID- 19 Marian Goicoechea Diezhandino \u00bfPara qu\u00e9 sirve una unidad cardiorenal? Mar\u00eda G. Crespo [&hellip;]","og_url":"https:\/\/sgan.es\/gl\/ponencias-8-o-congreso-de-la-sociedad-gallega-de-nefrologia\/","og_site_name":"SGAN","article_publisher":"https:\/\/www.facebook.com\/SGAN-244493612899331\/","article_modified_time":"2024-04-25T09:58:53+00:00","twitter_card":"summary_large_image","twitter_site":"@NefroGalicia","twitter_misc":{"Tempo de lectura":"3 minutos"},"schema":{"@context":"https:\/\/schema.org","@graph":[{"@type":"WebPage","@id":"https:\/\/sgan.es\/ponencias-8-o-congreso-de-la-sociedad-gallega-de-nefrologia\/","url":"https:\/\/sgan.es\/ponencias-8-o-congreso-de-la-sociedad-gallega-de-nefrologia\/","name":"Ponencias 8 \u00ba Congreso de la Sociedad Gallega de Nefrolog\u00eda - SGAN","isPartOf":{"@id":"https:\/\/sgan.es\/#website"},"datePublished":"2022-12-14T16:23:12+00:00","dateModified":"2024-04-25T09:58:53+00:00","breadcrumb":{"@id":"https:\/\/sgan.es\/ponencias-8-o-congreso-de-la-sociedad-gallega-de-nefrologia\/#breadcrumb"},"inLanguage":"gl-ES","potentialAction":[{"@type":"ReadAction","target":["https:\/\/sgan.es\/ponencias-8-o-congreso-de-la-sociedad-gallega-de-nefrologia\/"]}]},{"@type":"BreadcrumbList","@id":"https:\/\/sgan.es\/ponencias-8-o-congreso-de-la-sociedad-gallega-de-nefrologia\/#breadcrumb","itemListElement":[{"@type":"ListItem","position":1,"name":"Inicio","item":"https:\/\/sgan.es\/"},{"@type":"ListItem","position":2,"name":"Ponencias 8 \u00ba Congreso de la Sociedad Gallega de Nefrolog\u00eda"}]},{"@type":"WebSite","@id":"https:\/\/sgan.es\/#website","url":"https:\/\/sgan.es\/","name":"SGAN","description":"Sociedad Gallega de Nefrolog\u00eda","publisher":{"@id":"https:\/\/sgan.es\/#organization"},"potentialAction":[{"@type":"SearchAction","target":{"@type":"EntryPoint","urlTemplate":"https:\/\/sgan.es\/?s={search_term_string}"},"query-input":{"@type":"PropertyValueSpecification","valueRequired":true,"valueName":"search_term_string"}}],"inLanguage":"gl-ES"},{"@type":"Organization","@id":"https:\/\/sgan.es\/#organization","name":"SGAN","url":"https:\/\/sgan.es\/","logo":{"@type":"ImageObject","inLanguage":"gl-ES","@id":"https:\/\/sgan.es\/#\/schema\/logo\/image\/","url":"https:\/\/sgan.es\/wp-content\/uploads\/2023\/04\/logoSgan.jpg","contentUrl":"https:\/\/sgan.es\/wp-content\/uploads\/2023\/04\/logoSgan.jpg","width":255,"height":193,"caption":"SGAN"},"image":{"@id":"https:\/\/sgan.es\/#\/schema\/logo\/image\/"},"sameAs":["https:\/\/www.facebook.com\/SGAN-244493612899331\/","https:\/\/x.com\/NefroGalicia"]}]}},"_links":{"self":[{"href":"https:\/\/sgan.es\/gl\/wp-json\/wp\/v2\/pages\/3958","targetHints":{"allow":["GET"]}}],"collection":[{"href":"https:\/\/sgan.es\/gl\/wp-json\/wp\/v2\/pages"}],"about":[{"href":"https:\/\/sgan.es\/gl\/wp-json\/wp\/v2\/types\/page"}],"author":[{"embeddable":true,"href":"https:\/\/sgan.es\/gl\/wp-json\/wp\/v2\/users\/1"}],"replies":[{"embeddable":true,"href":"https:\/\/sgan.es\/gl\/wp-json\/wp\/v2\/comments?post=3958"}],"version-history":[{"count":2,"href":"https:\/\/sgan.es\/gl\/wp-json\/wp\/v2\/pages\/3958\/revisions"}],"predecessor-version":[{"id":4423,"href":"https:\/\/sgan.es\/gl\/wp-json\/wp\/v2\/pages\/3958\/revisions\/4423"}],"wp:attachment":[{"href":"https:\/\/sgan.es\/gl\/wp-json\/wp\/v2\/media?parent=3958"}],"curies":[{"name":"wp","href":"https:\/\/api.w.org\/{rel}","templated":true}]}}