{"id":4172,"date":"2024-04-22T07:38:19","date_gmt":"2024-04-22T07:38:19","guid":{"rendered":"https:\/\/sgan.es\/?page_id=4172"},"modified":"2025-06-30T11:15:59","modified_gmt":"2025-06-30T11:15:59","slug":"inicio","status":"publish","type":"page","link":"https:\/\/sgan.es\/gl\/","title":{"rendered":"Inicio"},"content":{"rendered":"<p>[et_pb_section fb_built=\u00bb1&#8243; custom_padding_last_edited=\u00bbon|desktop\u00bb next_background_color=\u00bb#ffffff\u00bb admin_label=\u00bbHeader\u00bb _builder_version=\u00bb4.25.0&#8243; background_image=\u00bbhttps:\/\/sgan.es\/wp-content\/uploads\/2024\/04\/home_banner_seccion.png\u00bb parallax=\u00bbon\u00bb custom_padding=\u00bb3vw||10vw||false|false\u00bb custom_padding_tablet=\u00bb100px||100px||true\u00bb custom_padding_phone=\u00bb20px||20px||true|false\u00bb bottom_divider_style=\u00bbramp2&#8243; bottom_divider_height=\u00bb250px\u00bb bottom_divider_flip=\u00bbhorizontal\u00bb bottom_divider_height_tablet=\u00bb150px\u00bb bottom_divider_height_phone=\u00bb110px\u00bb bottom_divider_height_last_edited=\u00bbon|phone\u00bb saved_tabs=\u00bball\u00bb global_colors_info=\u00bb{}\u00bb][et_pb_row _builder_version=\u00bb4.16&#8243; global_colors_info=\u00bb{}\u00bb][et_pb_column type=\u00bb4_4&#8243; _builder_version=\u00bb4.16&#8243; custom_padding=\u00bb|||\u00bb global_colors_info=\u00bb{}\u00bb custom_padding__hover=\u00bb|||\u00bb][et_pb_text _builder_version=\u00bb4.24.3&#8243; text_font=\u00bbRoboto||||||||\u00bb text_line_height=\u00bb1.8em\u00bb header_font=\u00bbRoboto|700|||||||\u00bb header_text_align=\u00bbcenter\u00bb header_font_size=\u00bb80px\u00bb header_line_height=\u00bb1.2em\u00bb header_3_font=\u00bbRoboto|700||on|||||\u00bb header_3_text_align=\u00bbcenter\u00bb header_3_text_color=\u00bb#ffffff\u00bb header_3_font_size=\u00bb24px\u00bb header_3_letter_spacing=\u00bb10px\u00bb header_3_line_height=\u00bb2em\u00bb text_orientation=\u00bbcenter\u00bb background_layout=\u00bbdark\u00bb module_alignment=\u00bbcenter\u00bb text_font_size_last_edited=\u00bboff|desktop\u00bb header_font_size_tablet=\u00bb40px\u00bb header_font_size_phone=\u00bb32px\u00bb header_font_size_last_edited=\u00bbon|phone\u00bb header_3_font_size_tablet=\u00bb16px\u00bb header_3_font_size_phone=\u00bb14px\u00bb header_3_font_size_last_edited=\u00bbon|phone\u00bb header_3_letter_spacing_tablet=\u00bb5px\u00bb header_3_letter_spacing_phone=\u00bb\u00bb header_3_letter_spacing_last_edited=\u00bbon|tablet\u00bb global_colors_info=\u00bb{}\u00bb]<\/p>\n<h3>BIENVENIDOS A LA <\/h3>\n<h1>SOCIEDAD GALLEGA DE NEFROLOG\u00cdA<\/h1>\n<p>[\/et_pb_text][et_pb_text _builder_version=\u00bb4.25.0&#8243; text_font=\u00bb||||||||\u00bb text_font_size=\u00bb20px\u00bb text_line_height=\u00bb1.9em\u00bb ul_font=\u00bb||||||||\u00bb header_font=\u00bbRoboto|700|||||||\u00bb header_text_align=\u00bbcenter\u00bb header_font_size=\u00bb80px\u00bb header_line_height=\u00bb1.2em\u00bb header_3_font=\u00bbRoboto|700||on|||||\u00bb header_3_text_align=\u00bbcenter\u00bb header_3_text_color=\u00bb#ffffff\u00bb header_3_font_size=\u00bb24px\u00bb header_3_letter_spacing=\u00bb10px\u00bb header_3_line_height=\u00bb2em\u00bb text_orientation=\u00bbcenter\u00bb background_layout=\u00bbdark\u00bb module_alignment=\u00bbcenter\u00bb text_font_size_tablet=\u00bb20px\u00bb text_font_size_phone=\u00bb15px\u00bb text_font_size_last_edited=\u00bbon|phone\u00bb header_font_size_tablet=\u00bb40px\u00bb header_font_size_phone=\u00bb32px\u00bb header_font_size_last_edited=\u00bbon|phone\u00bb header_3_font_size_tablet=\u00bb16px\u00bb header_3_font_size_phone=\u00bb14px\u00bb header_3_font_size_last_edited=\u00bbon|phone\u00bb header_3_letter_spacing_tablet=\u00bb5px\u00bb header_3_letter_spacing_phone=\u00bb\u00bb header_3_letter_spacing_last_edited=\u00bbon|tablet\u00bb global_colors_info=\u00bb{}\u00bb]<\/p>\n<p><span>La Sociedad Gallega de Nefrolog\u00eda (SGAN) proporciona un foro profesional y cient\u00edfico a los nefr\u00f3logos que ejercen en nuestra Comunidad Aut\u00f3noma, que permita promover el conocimiento de las enfermedades renales, mejorar de manera integral la atenci\u00f3n a nuestros pacientes y, en general, apoyar todas aquellas actuaciones destinadas a incrementar los est\u00e1ndares de calidad profesional y cient\u00edfica de nuestra especialidad.<\/span><\/p>\n<p>[\/et_pb_text][et_pb_button button_url=\u00bbhttps:\/\/sgan.es\/quienes-somos\/la-sociedad\/\u00bb button_text=\u00bbCON\u00d3CENOS\u00bb button_alignment=\u00bbcenter\u00bb _builder_version=\u00bb4.25.0&#8243; custom_button=\u00bbon\u00bb button_text_size=\u00bb14px\u00bb button_bg_color=\u00bb#0097A8&#8243; button_border_width=\u00bb0px\u00bb button_border_color=\u00bbrgba(0,0,0,0)\u00bb button_border_radius=\u00bb4px\u00bb button_letter_spacing=\u00bb5px\u00bb button_font=\u00bbRoboto|700||on|||||\u00bb background_layout=\u00bbdark\u00bb custom_margin=\u00bb|||\u00bb custom_padding=\u00bb18px|34px|18px|34px|true|true\u00bb box_shadow_style=\u00bbpreset3&#8243; box_shadow_vertical=\u00bb20px\u00bb box_shadow_blur=\u00bb30px\u00bb box_shadow_spread=\u00bb-10px\u00bb box_shadow_color=\u00bbRGBA(255,255,255,0)\u00bb button_letter_spacing_hover=\u00bb5.5px\u00bb global_colors_info=\u00bb{}\u00bb button_text_size__hover_enabled=\u00bboff\u00bb button_one_text_size__hover_enabled=\u00bboff\u00bb button_two_text_size__hover_enabled=\u00bboff\u00bb button_text_color__hover_enabled=\u00bboff\u00bb button_one_text_color__hover_enabled=\u00bboff\u00bb button_two_text_color__hover_enabled=\u00bboff\u00bb button_border_width__hover_enabled=\u00bboff\u00bb button_one_border_width__hover_enabled=\u00bboff\u00bb button_two_border_width__hover_enabled=\u00bboff\u00bb button_border_color__hover_enabled=\u00bboff\u00bb button_one_border_color__hover_enabled=\u00bboff\u00bb button_two_border_color__hover_enabled=\u00bboff\u00bb button_border_radius__hover_enabled=\u00bboff\u00bb button_one_border_radius__hover_enabled=\u00bboff\u00bb button_two_border_radius__hover_enabled=\u00bboff\u00bb button_letter_spacing__hover_enabled=\u00bbon\u00bb button_letter_spacing__hover=\u00bb5.5px\u00bb button_one_letter_spacing__hover_enabled=\u00bboff\u00bb button_two_letter_spacing__hover_enabled=\u00bboff\u00bb button_bg_color__hover_enabled=\u00bboff\u00bb button_one_bg_color__hover_enabled=\u00bboff\u00bb button_two_bg_color__hover_enabled=\u00bboff\u00bb][\/et_pb_button][\/et_pb_column][\/et_pb_row][\/et_pb_section][et_pb_section fb_built=\u00bb1&#8243; custom_padding_last_edited=\u00bbon|phone\u00bb admin_label=\u00bbGet Started\u00bb _builder_version=\u00bb4.25.0&#8243; custom_margin_tablet=\u00bb\u00bb custom_margin_phone=\u00bb||50px||false|false\u00bb custom_margin_last_edited=\u00bbon|phone\u00bb custom_padding=\u00bb0px||12px||false|false\u00bb custom_padding_tablet=\u00bb0px||||false|false\u00bb custom_padding_phone=\u00bb0px||||false|false\u00bb saved_tabs=\u00bball\u00bb global_colors_info=\u00bb{}\u00bb][et_pb_row column_structure=\u00bb2_3,1_3&#8243; use_custom_gutter=\u00bbon\u00bb gutter_width=\u00bb2&#8243; _builder_version=\u00bb4.16&#8243; max_width=\u00bb1700px\u00bb custom_margin=\u00bb|||\u00bb custom_padding=\u00bb0px|||\u00bb use_custom_width=\u00bbon\u00bb custom_width_px=\u00bb1700px\u00bb global_colors_info=\u00bb{}\u00bb][et_pb_column type=\u00bb2_3&#8243; _builder_version=\u00bb4.16&#8243; custom_padding=\u00bb|||\u00bb global_colors_info=\u00bb{}\u00bb custom_padding__hover=\u00bb|||\u00bb][et_pb_image src=\u00bbhttps:\/\/sgan.es\/wp-content\/uploads\/2024\/04\/home_img_ordenador.png\u00bb title_text=\u00bbhazte socio\u00bb align=\u00bbcenter\u00bb align_tablet=\u00bbcenter\u00bb align_phone=\u00bbcenter\u00bb align_last_edited=\u00bbon|desktop\u00bb _builder_version=\u00bb4.25.0&#8243; custom_margin=\u00bb-8vw|||\u00bb custom_margin_tablet=\u00bb0vw|||\u00bb custom_margin_phone=\u00bb\u00bb custom_margin_last_edited=\u00bbon|tablet\u00bb animation_style=\u00bbroll\u00bb animation_direction=\u00bbleft\u00bb animation_intensity_roll=\u00bb1%\u00bb global_colors_info=\u00bb{}\u00bb][\/et_pb_image][\/et_pb_column][et_pb_column type=\u00bb1_3&#8243; _builder_version=\u00bb4.16&#8243; custom_padding=\u00bb30px|||\u00bb global_colors_info=\u00bb{}\u00bb custom_padding__hover=\u00bb|||\u00bb][et_pb_text _builder_version=\u00bb4.25.0&#8243; text_font=\u00bb||||||||\u00bb text_line_height=\u00bb2em\u00bb ul_font=\u00bb||||||||\u00bb header_font=\u00bb||||||||\u00bb header_2_font=\u00bbRoboto|700|||||||\u00bb header_2_font_size=\u00bb45px\u00bb header_2_line_height=\u00bb1.2em\u00bb header_3_font=\u00bb||||||||\u00bb max_width=\u00bb800px\u00bb max_width_last_edited=\u00bboff|desktop\u00bb module_alignment=\u00bbcenter\u00bb custom_margin=\u00bb|||\u00bb custom_padding=\u00bb|||\u00bb header_2_font_size_tablet=\u00bb35px\u00bb header_2_font_size_phone=\u00bb28px\u00bb header_2_font_size_last_edited=\u00bbon|desktop\u00bb text_orientation_tablet=\u00bb\u00bb text_orientation_phone=\u00bbcenter\u00bb text_orientation_last_edited=\u00bbon|phone\u00bb global_colors_info=\u00bb{}\u00bb]<\/p>\n<h2>Hazte socio<\/h2>\n<p>A trav\u00e9s de nuestro formulario online podr\u00e1s hacerte socio f\u00e1cilmente y participar en la SGAN, disfrutando de las ventajas que te ofrece.<\/p>\n<p>[\/et_pb_text][et_pb_button button_url=\u00bb@ET-DC@eyJkeW5hbWljIjp0cnVlLCJjb250ZW50IjoicG9zdF9saW5rX3VybF9wYWdlIiwic2V0dGluZ3MiOnsicG9zdF9pZCI6IjI2MDEifX0=@\u00bb button_text=\u00bbHAZTE SOCIO\u00bb button_alignment=\u00bbleft\u00bb button_alignment_tablet=\u00bbleft\u00bb button_alignment_phone=\u00bbcenter\u00bb button_alignment_last_edited=\u00bbon|phone\u00bb _builder_version=\u00bb4.25.0&#8243; _dynamic_attributes=\u00bbbutton_url\u00bb custom_button=\u00bbon\u00bb button_text_size=\u00bb14px\u00bb button_text_color=\u00bb#FFFFFF\u00bb button_bg_color=\u00bb#F96D81&#8243; button_border_width=\u00bb0px\u00bb button_border_color=\u00bbrgba(0,0,0,0)\u00bb button_border_radius=\u00bb4px\u00bb button_letter_spacing=\u00bb5px\u00bb button_font=\u00bbRoboto|700||on|||||\u00bb background_layout=\u00bbdark\u00bb custom_margin=\u00bb|||\u00bb custom_padding=\u00bb18px|34px|18px|34px|true|true\u00bb box_shadow_style=\u00bbpreset3&#8243; box_shadow_vertical=\u00bb20px\u00bb box_shadow_blur=\u00bb30px\u00bb box_shadow_spread=\u00bb-10px\u00bb box_shadow_color=\u00bbrgba(247,130,142,0.4)\u00bb button_letter_spacing_hover=\u00bb5.5px\u00bb global_colors_info=\u00bb{}\u00bb button_text_size__hover_enabled=\u00bboff\u00bb button_one_text_size__hover_enabled=\u00bboff\u00bb button_two_text_size__hover_enabled=\u00bboff\u00bb button_text_color__hover_enabled=\u00bboff\u00bb button_one_text_color__hover_enabled=\u00bboff\u00bb button_two_text_color__hover_enabled=\u00bboff\u00bb button_border_width__hover_enabled=\u00bboff\u00bb button_one_border_width__hover_enabled=\u00bboff\u00bb button_two_border_width__hover_enabled=\u00bboff\u00bb button_border_color__hover_enabled=\u00bboff\u00bb button_one_border_color__hover_enabled=\u00bboff\u00bb button_two_border_color__hover_enabled=\u00bboff\u00bb button_border_radius__hover_enabled=\u00bboff\u00bb button_one_border_radius__hover_enabled=\u00bboff\u00bb button_two_border_radius__hover_enabled=\u00bboff\u00bb button_letter_spacing__hover_enabled=\u00bbon\u00bb button_letter_spacing__hover=\u00bb5.5px\u00bb button_one_letter_spacing__hover_enabled=\u00bboff\u00bb button_two_letter_spacing__hover_enabled=\u00bboff\u00bb button_bg_color__hover_enabled=\u00bboff\u00bb button_one_bg_color__hover_enabled=\u00bboff\u00bb button_two_bg_color__hover_enabled=\u00bboff\u00bb][\/et_pb_button][\/et_pb_column][\/et_pb_row][\/et_pb_section][et_pb_section fb_built=\u00bb1&#8243; theme_builder_area=\u00bbpost_content\u00bb _builder_version=\u00bb4.27.0&#8243; _module_preset=\u00bbdefault\u00bb hover_enabled=\u00bb0&#8243; sticky_enabled=\u00bb0&#8243; background_color=\u00bb#d6e8e8&#8243; custom_margin=\u00bb||50px||false|false\u00bb custom_padding=\u00bb0px||0px||false|false\u00bb][et_pb_row _builder_version=\u00bb4.27.0&#8243; _module_preset=\u00bbdefault\u00bb theme_builder_area=\u00bbpost_content\u00bb][et_pb_column _builder_version=\u00bb4.27.0&#8243; _module_preset=\u00bbdefault\u00bb type=\u00bb4_4&#8243; theme_builder_area=\u00bbpost_content\u00bb][et_pb_image src=\u00bbhttps:\/\/sgan.es\/wp-content\/uploads\/2025\/06\/231120-Alex-Soliris-Banner-970&#215;250-1.jpg\u00bb _builder_version=\u00bb4.27.0&#8243; _module_preset=\u00bbdefault\u00bb theme_builder_area=\u00bbpost_content\u00bb title_text=\u00bbbanner\u00bb align=\u00bbcenter\u00bb url=\u00bbhttps:\/\/unifyrare.com\/es-es\/shua\/campanas\/vishualiza\u00bb url_new_window=\u00bbon\u00bb hover_enabled=\u00bb0&#8243; sticky_enabled=\u00bb0&#8243;][\/et_pb_image][\/et_pb_column][\/et_pb_row][\/et_pb_section][et_pb_section fb_built=\u00bb1&#8243; disabled_on=\u00bbon|on|off\u00bb _builder_version=\u00bb4.25.0&#8243; background_enable_color=\u00bboff\u00bb background_enable_image=\u00bboff\u00bb background_size=\u00bbcontain\u00bb custom_margin=\u00bb0px|0px|0px|0px|true|true\u00bb custom_padding=\u00bb0px|0px|0px|0px|true|true\u00bb global_colors_info=\u00bb{}\u00bb][et_pb_row _builder_version=\u00bb4.25.0&#8243; _module_preset=\u00bbdefault\u00bb custom_padding=\u00bb0px|0px|0px|0px|true|true\u00bb global_colors_info=\u00bb{}\u00bb][et_pb_column type=\u00bb4_4&#8243; _builder_version=\u00bb4.25.0&#8243; _module_preset=\u00bbdefault\u00bb global_colors_info=\u00bb{}\u00bb][et_pb_image src=\u00bbhttps:\/\/sgan.es\/wp-content\/uploads\/2024\/05\/SGAN24_banner_1920px_ESP.png\u00bb title_text=\u00bbSGAN24&#8243; url=\u00bbhttps:\/\/sgan.es\/proximo-congreso\/\u00bb _builder_version=\u00bb4.25.1&#8243; _module_preset=\u00bbdefault\u00bb global_colors_info=\u00bb{}\u00bb][\/et_pb_image][\/et_pb_column][\/et_pb_row][\/et_pb_section][et_pb_section fb_built=\u00bb1&#8243; fullwidth=\u00bbon\u00bb disabled_on=\u00bboff|off|on\u00bb _builder_version=\u00bb4.25.0&#8243; _module_preset=\u00bbdefault\u00bb global_colors_info=\u00bb{}\u00bb][et_pb_fullwidth_image src=\u00bbhttps:\/\/sgan.es\/wp-content\/uploads\/2024\/05\/SGAN24_banner_1920px_alto_ESP.png\u00bb title_text=\u00bbSGAN24&#8243; _builder_version=\u00bb4.25.1&#8243; _module_preset=\u00bbdefault\u00bb global_colors_info=\u00bb{}\u00bb][\/et_pb_fullwidth_image][\/et_pb_section][et_pb_section fb_built=\u00bb1&#8243; _builder_version=\u00bb4.25.0&#8243; _module_preset=\u00bbdefault\u00bb custom_margin_tablet=\u00bb\u00bb custom_margin_phone=\u00bb||20px||false|false\u00bb custom_margin_last_edited=\u00bbon|phone\u00bb global_colors_info=\u00bb{}\u00bb][et_pb_row _builder_version=\u00bb4.25.0&#8243; _module_preset=\u00bbdefault\u00bb custom_padding=\u00bb75px|||||\u00bb global_colors_info=\u00bb{}\u00bb][et_pb_column type=\u00bb4_4&#8243; _builder_version=\u00bb4.25.0&#8243; _module_preset=\u00bbdefault\u00bb global_colors_info=\u00bb{}\u00bb][et_pb_text _builder_version=\u00bb4.25.0&#8243; _module_preset=\u00bbdefault\u00bb header_3_font=\u00bb|600|||||||\u00bb header_3_text_align=\u00bbcenter\u00bb header_3_font_size=\u00bb30px\u00bb global_colors_info=\u00bb{}\u00bb]<\/p>\n<h3>NOTICIAS<\/h3>\n<p>[\/et_pb_text][\/et_pb_column][\/et_pb_row][et_pb_row _builder_version=\u00bb4.24.3&#8243; _module_preset=\u00bbdefault\u00bb global_colors_info=\u00bb{}\u00bb][et_pb_column type=\u00bb4_4&#8243; _builder_version=\u00bb4.24.3&#8243; _module_preset=\u00bbdefault\u00bb global_colors_info=\u00bb{}\u00bb][et_pb_blog fullwidth=\u00bboff\u00bb posts_number=\u00bb3&#8243; include_categories=\u00bb129&#8243; excerpt_length=\u00bb0&#8243; show_author=\u00bboff\u00bb show_date=\u00bboff\u00bb show_categories=\u00bboff\u00bb _builder_version=\u00bb4.27.0&#8243; _module_preset=\u00bbdefault\u00bb border_width_all=\u00bb0px\u00bb border_radii_image=\u00bboff|14px|14px||\u00bb border_color_all_image=\u00bbRGBA(255,255,255,0)\u00bb global_colors_info=\u00bb{}\u00bb][\/et_pb_blog][et_pb_button button_url=\u00bbhttps:\/\/sgan.es\/noticias-y-novedades\/\u00bb button_text=\u00bbVER M\u00c1S\u00bb button_alignment=\u00bbcenter\u00bb _builder_version=\u00bb4.25.0&#8243; custom_button=\u00bbon\u00bb button_text_size=\u00bb14px\u00bb button_bg_color=\u00bb#0097A8&#8243; button_border_width=\u00bb0px\u00bb button_border_color=\u00bbrgba(0,0,0,0)\u00bb button_border_radius=\u00bb4px\u00bb button_letter_spacing=\u00bb5px\u00bb button_font=\u00bbRoboto|700||on|||||\u00bb background_layout=\u00bbdark\u00bb custom_margin=\u00bb|||\u00bb custom_padding=\u00bb18px|34px|18px|34px|true|true\u00bb button_letter_spacing_hover=\u00bb5.5px\u00bb global_colors_info=\u00bb{}\u00bb button_text_size__hover_enabled=\u00bboff\u00bb button_one_text_size__hover_enabled=\u00bboff\u00bb button_two_text_size__hover_enabled=\u00bboff\u00bb button_text_color__hover_enabled=\u00bboff\u00bb button_one_text_color__hover_enabled=\u00bboff\u00bb button_two_text_color__hover_enabled=\u00bboff\u00bb button_border_width__hover_enabled=\u00bboff\u00bb button_one_border_width__hover_enabled=\u00bboff\u00bb button_two_border_width__hover_enabled=\u00bboff\u00bb button_border_color__hover_enabled=\u00bboff\u00bb button_one_border_color__hover_enabled=\u00bboff\u00bb button_two_border_color__hover_enabled=\u00bboff\u00bb button_border_radius__hover_enabled=\u00bboff\u00bb button_one_border_radius__hover_enabled=\u00bboff\u00bb button_two_border_radius__hover_enabled=\u00bboff\u00bb button_letter_spacing__hover_enabled=\u00bbon\u00bb button_letter_spacing__hover=\u00bb5.5px\u00bb button_one_letter_spacing__hover_enabled=\u00bboff\u00bb button_two_letter_spacing__hover_enabled=\u00bboff\u00bb button_bg_color__hover_enabled=\u00bboff\u00bb button_one_bg_color__hover_enabled=\u00bboff\u00bb button_two_bg_color__hover_enabled=\u00bboff\u00bb][\/et_pb_button][\/et_pb_column][\/et_pb_row][\/et_pb_section]<\/p>\n","protected":false},"excerpt":{"rendered":"<p>BIENVENIDOS A LA SOCIEDAD GALLEGA DE NEFROLOG\u00cdALa Sociedad Gallega de Nefrolog\u00eda (SGAN) proporciona un foro profesional y cient\u00edfico a los nefr\u00f3logos que ejercen en nuestra Comunidad Aut\u00f3noma, que permita promover el conocimiento de las enfermedades renales, mejorar de manera integral la atenci\u00f3n a nuestros pacientes y, en general, apoyar todas aquellas actuaciones destinadas a incrementar [&hellip;]<\/p>\n","protected":false},"author":1,"featured_media":0,"parent":0,"menu_order":0,"comment_status":"closed","ping_status":"closed","template":"","meta":{"_et_pb_use_builder":"on","_et_pb_old_content":"","_et_gb_content_width":"","footnotes":""},"class_list":["post-4172","page","type-page","status-publish","hentry"],"yoast_head":"<!-- This site is optimized with the Yoast SEO plugin v27.1.1 - https:\/\/yoast.com\/product\/yoast-seo-wordpress\/ -->\n<title>Inicio - SGAN<\/title>\n<meta name=\"robots\" content=\"index, follow, max-snippet:-1, max-image-preview:large, max-video-preview:-1\" \/>\n<link rel=\"canonical\" href=\"https:\/\/sgan.es\/gl\/\" \/>\n<meta property=\"og:locale\" content=\"gl_ES\" \/>\n<meta property=\"og:type\" content=\"article\" \/>\n<meta property=\"og:title\" content=\"Inicio - SGAN\" \/>\n<meta property=\"og:description\" content=\"BIENVENIDOS A LA SOCIEDAD GALLEGA DE NEFROLOG\u00cdALa Sociedad Gallega de Nefrolog\u00eda (SGAN) proporciona un foro profesional y cient\u00edfico a los nefr\u00f3logos que ejercen en nuestra Comunidad Aut\u00f3noma, que permita promover el conocimiento de las enfermedades renales, mejorar de manera integral la atenci\u00f3n a nuestros pacientes y, en general, apoyar todas aquellas actuaciones destinadas a incrementar [&hellip;]\" \/>\n<meta property=\"og:url\" content=\"https:\/\/sgan.es\/gl\/\" \/>\n<meta property=\"og:site_name\" content=\"SGAN\" \/>\n<meta property=\"article:publisher\" content=\"https:\/\/www.facebook.com\/SGAN-244493612899331\/\" \/>\n<meta property=\"article:modified_time\" content=\"2025-06-30T11:15:59+00:00\" \/>\n<meta name=\"twitter:card\" content=\"summary_large_image\" \/>\n<meta name=\"twitter:site\" content=\"@NefroGalicia\" \/>\n<script type=\"application\/ld+json\" class=\"yoast-schema-graph\">{\"@context\":\"https:\/\/schema.org\",\"@graph\":[{\"@type\":\"WebPage\",\"@id\":\"https:\/\/sgan.es\/\",\"url\":\"https:\/\/sgan.es\/\",\"name\":\"Inicio - SGAN\",\"isPartOf\":{\"@id\":\"https:\/\/sgan.es\/#website\"},\"datePublished\":\"2024-04-22T07:38:19+00:00\",\"dateModified\":\"2025-06-30T11:15:59+00:00\",\"breadcrumb\":{\"@id\":\"https:\/\/sgan.es\/#breadcrumb\"},\"inLanguage\":\"gl-ES\",\"potentialAction\":[{\"@type\":\"ReadAction\",\"target\":[\"https:\/\/sgan.es\/\"]}]},{\"@type\":\"BreadcrumbList\",\"@id\":\"https:\/\/sgan.es\/#breadcrumb\",\"itemListElement\":[{\"@type\":\"ListItem\",\"position\":1,\"name\":\"Inicio\",\"item\":\"https:\/\/sgan.es\/\"},{\"@type\":\"ListItem\",\"position\":2,\"name\":\"Inicio\"}]},{\"@type\":\"WebSite\",\"@id\":\"https:\/\/sgan.es\/#website\",\"url\":\"https:\/\/sgan.es\/\",\"name\":\"SGAN\",\"description\":\"Sociedad Gallega de Nefrolog\u00eda\",\"publisher\":{\"@id\":\"https:\/\/sgan.es\/#organization\"},\"potentialAction\":[{\"@type\":\"SearchAction\",\"target\":{\"@type\":\"EntryPoint\",\"urlTemplate\":\"https:\/\/sgan.es\/?s={search_term_string}\"},\"query-input\":{\"@type\":\"PropertyValueSpecification\",\"valueRequired\":true,\"valueName\":\"search_term_string\"}}],\"inLanguage\":\"gl-ES\"},{\"@type\":\"Organization\",\"@id\":\"https:\/\/sgan.es\/#organization\",\"name\":\"SGAN\",\"url\":\"https:\/\/sgan.es\/\",\"logo\":{\"@type\":\"ImageObject\",\"inLanguage\":\"gl-ES\",\"@id\":\"https:\/\/sgan.es\/#\/schema\/logo\/image\/\",\"url\":\"https:\/\/sgan.es\/wp-content\/uploads\/2023\/04\/logoSgan.jpg\",\"contentUrl\":\"https:\/\/sgan.es\/wp-content\/uploads\/2023\/04\/logoSgan.jpg\",\"width\":255,\"height\":193,\"caption\":\"SGAN\"},\"image\":{\"@id\":\"https:\/\/sgan.es\/#\/schema\/logo\/image\/\"},\"sameAs\":[\"https:\/\/www.facebook.com\/SGAN-244493612899331\/\",\"https:\/\/x.com\/NefroGalicia\"]}]}<\/script>\n<!-- \/ Yoast SEO plugin. -->","yoast_head_json":{"title":"Inicio - SGAN","robots":{"index":"index","follow":"follow","max-snippet":"max-snippet:-1","max-image-preview":"max-image-preview:large","max-video-preview":"max-video-preview:-1"},"canonical":"https:\/\/sgan.es\/gl\/","og_locale":"gl_ES","og_type":"article","og_title":"Inicio - SGAN","og_description":"BIENVENIDOS A LA SOCIEDAD GALLEGA DE NEFROLOG\u00cdALa Sociedad Gallega de Nefrolog\u00eda (SGAN) proporciona un foro profesional y cient\u00edfico a los nefr\u00f3logos que ejercen en nuestra Comunidad Aut\u00f3noma, que permita promover el conocimiento de las enfermedades renales, mejorar de manera integral la atenci\u00f3n a nuestros pacientes y, en general, apoyar todas aquellas actuaciones destinadas a incrementar [&hellip;]","og_url":"https:\/\/sgan.es\/gl\/","og_site_name":"SGAN","article_publisher":"https:\/\/www.facebook.com\/SGAN-244493612899331\/","article_modified_time":"2025-06-30T11:15:59+00:00","twitter_card":"summary_large_image","twitter_site":"@NefroGalicia","schema":{"@context":"https:\/\/schema.org","@graph":[{"@type":"WebPage","@id":"https:\/\/sgan.es\/","url":"https:\/\/sgan.es\/","name":"Inicio - SGAN","isPartOf":{"@id":"https:\/\/sgan.es\/#website"},"datePublished":"2024-04-22T07:38:19+00:00","dateModified":"2025-06-30T11:15:59+00:00","breadcrumb":{"@id":"https:\/\/sgan.es\/#breadcrumb"},"inLanguage":"gl-ES","potentialAction":[{"@type":"ReadAction","target":["https:\/\/sgan.es\/"]}]},{"@type":"BreadcrumbList","@id":"https:\/\/sgan.es\/#breadcrumb","itemListElement":[{"@type":"ListItem","position":1,"name":"Inicio","item":"https:\/\/sgan.es\/"},{"@type":"ListItem","position":2,"name":"Inicio"}]},{"@type":"WebSite","@id":"https:\/\/sgan.es\/#website","url":"https:\/\/sgan.es\/","name":"SGAN","description":"Sociedad Gallega de Nefrolog\u00eda","publisher":{"@id":"https:\/\/sgan.es\/#organization"},"potentialAction":[{"@type":"SearchAction","target":{"@type":"EntryPoint","urlTemplate":"https:\/\/sgan.es\/?s={search_term_string}"},"query-input":{"@type":"PropertyValueSpecification","valueRequired":true,"valueName":"search_term_string"}}],"inLanguage":"gl-ES"},{"@type":"Organization","@id":"https:\/\/sgan.es\/#organization","name":"SGAN","url":"https:\/\/sgan.es\/","logo":{"@type":"ImageObject","inLanguage":"gl-ES","@id":"https:\/\/sgan.es\/#\/schema\/logo\/image\/","url":"https:\/\/sgan.es\/wp-content\/uploads\/2023\/04\/logoSgan.jpg","contentUrl":"https:\/\/sgan.es\/wp-content\/uploads\/2023\/04\/logoSgan.jpg","width":255,"height":193,"caption":"SGAN"},"image":{"@id":"https:\/\/sgan.es\/#\/schema\/logo\/image\/"},"sameAs":["https:\/\/www.facebook.com\/SGAN-244493612899331\/","https:\/\/x.com\/NefroGalicia"]}]}},"_links":{"self":[{"href":"https:\/\/sgan.es\/gl\/wp-json\/wp\/v2\/pages\/4172","targetHints":{"allow":["GET"]}}],"collection":[{"href":"https:\/\/sgan.es\/gl\/wp-json\/wp\/v2\/pages"}],"about":[{"href":"https:\/\/sgan.es\/gl\/wp-json\/wp\/v2\/types\/page"}],"author":[{"embeddable":true,"href":"https:\/\/sgan.es\/gl\/wp-json\/wp\/v2\/users\/1"}],"replies":[{"embeddable":true,"href":"https:\/\/sgan.es\/gl\/wp-json\/wp\/v2\/comments?post=4172"}],"version-history":[{"count":16,"href":"https:\/\/sgan.es\/gl\/wp-json\/wp\/v2\/pages\/4172\/revisions"}],"predecessor-version":[{"id":4596,"href":"https:\/\/sgan.es\/gl\/wp-json\/wp\/v2\/pages\/4172\/revisions\/4596"}],"wp:attachment":[{"href":"https:\/\/sgan.es\/gl\/wp-json\/wp\/v2\/media?parent=4172"}],"curies":[{"name":"wp","href":"https:\/\/api.w.org\/{rel}","templated":true}]}}