{"id":4316,"date":"2024-04-23T10:15:25","date_gmt":"2024-04-23T10:15:25","guid":{"rendered":"https:\/\/sgan.es\/?page_id=4316"},"modified":"2024-04-26T08:33:26","modified_gmt":"2024-04-26T08:33:26","slug":"noticias-y-novedades","status":"publish","type":"page","link":"https:\/\/sgan.es\/gl\/noticias-y-novedades\/","title":{"rendered":"Noticias y novedades"},"content":{"rendered":"<p>[et_pb_section fb_built=\u00bb1&#8243; custom_padding_last_edited=\u00bbon|desktop\u00bb next_background_color=\u00bb#ffffff\u00bb admin_label=\u00bbHeader\u00bb _builder_version=\u00bb4.25.0&#8243; background_image=\u00bbhttps:\/\/sgan.es\/wp-content\/uploads\/2024\/04\/home_banner_seccion.png\u00bb parallax=\u00bbon\u00bb custom_padding=\u00bb3vw||9vw||false|false\u00bb custom_padding_tablet=\u00bb100px||100px||true\u00bb custom_padding_phone=\u00bb40px||40px||true|false\u00bb bottom_divider_style=\u00bbramp2&#8243; bottom_divider_height=\u00bb250px\u00bb bottom_divider_flip=\u00bbhorizontal\u00bb bottom_divider_height_tablet=\u00bb150px\u00bb bottom_divider_height_phone=\u00bb110px\u00bb bottom_divider_height_last_edited=\u00bbon|phone\u00bb hover_enabled=\u00bb0&#8243; saved_tabs=\u00bball\u00bb global_colors_info=\u00bb{}\u00bb sticky_enabled=\u00bb0&#8243;][et_pb_row _builder_version=\u00bb4.16&#8243; global_colors_info=\u00bb{}\u00bb][et_pb_column type=\u00bb4_4&#8243; _builder_version=\u00bb4.16&#8243; custom_padding=\u00bb|||\u00bb global_colors_info=\u00bb{}\u00bb custom_padding__hover=\u00bb|||\u00bb][et_pb_text _builder_version=\u00bb4.25.0&#8243; text_font=\u00bbRoboto||||||||\u00bb text_line_height=\u00bb1.8em\u00bb header_font=\u00bbRoboto|700|||||||\u00bb header_text_align=\u00bbcenter\u00bb header_font_size=\u00bb80px\u00bb header_line_height=\u00bb1.2em\u00bb header_3_font=\u00bbRoboto|700||on|||||\u00bb header_3_text_align=\u00bbcenter\u00bb header_3_text_color=\u00bb#ffffff\u00bb header_3_font_size=\u00bb24px\u00bb header_3_letter_spacing=\u00bb10px\u00bb header_3_line_height=\u00bb2em\u00bb text_orientation=\u00bbcenter\u00bb background_layout=\u00bbdark\u00bb module_alignment=\u00bbcenter\u00bb text_font_size_last_edited=\u00bboff|desktop\u00bb header_font_size_tablet=\u00bb40px\u00bb header_font_size_phone=\u00bb32px\u00bb header_font_size_last_edited=\u00bbon|phone\u00bb header_3_font_size_tablet=\u00bb16px\u00bb header_3_font_size_phone=\u00bb14px\u00bb header_3_font_size_last_edited=\u00bbon|phone\u00bb header_3_letter_spacing_tablet=\u00bb5px\u00bb header_3_letter_spacing_phone=\u00bb\u00bb header_3_letter_spacing_last_edited=\u00bbon|tablet\u00bb global_colors_info=\u00bb{}\u00bb]<\/p>\n<h1>NOTICIAS<\/h1>\n<p>[\/et_pb_text][\/et_pb_column][\/et_pb_row][\/et_pb_section][et_pb_section fb_built=\u00bb1&#8243; admin_label=\u00bbsection\u00bb _builder_version=\u00bb4.16&#8243; custom_padding=\u00bb25px|||||\u00bb global_colors_info=\u00bb{}\u00bb][et_pb_row admin_label=\u00bbrow\u00bb _builder_version=\u00bb4.16&#8243; background_size=\u00bbinitial\u00bb background_position=\u00bbtop_left\u00bb background_repeat=\u00bbrepeat\u00bb global_colors_info=\u00bb{}\u00bb][et_pb_column type=\u00bb4_4&#8243; _builder_version=\u00bb4.16&#8243; custom_padding=\u00bb|||\u00bb global_colors_info=\u00bb{}\u00bb custom_padding__hover=\u00bb|||\u00bb][et_pb_blog fullwidth=\u00bboff\u00bb include_categories=\u00bb129&#8243; excerpt_length=\u00bb120&#8243; show_author=\u00bboff\u00bb show_date=\u00bboff\u00bb show_categories=\u00bboff\u00bb _builder_version=\u00bb4.25.0&#8243; _module_preset=\u00bbdefault\u00bb border_radii=\u00bbon|10px|10px|10px|10px\u00bb border_width_all=\u00bb0px\u00bb border_radii_image=\u00bboff|10px|10px||\u00bb global_colors_info=\u00bb{}\u00bb][\/et_pb_blog][\/et_pb_column][\/et_pb_row][\/et_pb_section]<\/p>\n","protected":false},"excerpt":{"rendered":"<p>NOVAS<\/p>","protected":false},"author":1200,"featured_media":0,"parent":0,"menu_order":20,"comment_status":"closed","ping_status":"open","template":"","meta":{"_et_pb_use_builder":"on","_et_pb_old_content":"<a id=\"top\" name=\"top\"><\/a>\n<h3>DIRECTORIO DE SERVICIOS DE NEFROLOG\u00cdA Y CENTROS DE DI\u00c1LISIS EN GALICIA<\/h3>\n<div class=\"botones-anclas\">\n<a title=\"A CORU\u00d1A\" href=\"#coruna\">A CORU\u00d1A <\/a>\n<a title=\"PONTEVEDRA\" href=\"#pontevedra\">PONTEVEDRA<\/a>\n<a title=\"LUGO\" href=\"#lugo\">LUGO<\/a>\n<a title=\"OURENSE\" href=\"#ourense\">OURENSE<\/a><\/div>\n<a id=\"coruna\" name=\"coruna\"><\/a>\n<div class=\"title-hospital\">A CORU\u00d1A<\/div>\n<div class=\"title-link\">Hospital San Rafael, S.A.<\/div>\n<div class=\"directorios\"><strong>Tel\u00e9fono:<\/strong> 981 179000\n<strong>Localidad:<\/strong> A Coru\u00f1a\n<strong>Provincia:<\/strong> A Coru\u00f1a\n<strong>Direcci\u00f3n:<\/strong> Avda. As Jubias, 82\n<strong>C\u00f3digo Postal:<\/strong> 15006<\/div>\n\n<hr class=\"style14\" \/>\n\n<div class=\"title-link\">Hospital Quir\u00f3n<\/div>\n<div class=\"directorios\"><strong>Tel\u00e9fono:<\/strong> 981 284800\n<strong>Localidad: <\/strong>A Coru\u00f1a\n<strong>Provincia:<\/strong> A Coru\u00f1a\n<strong>Direcci\u00f3n:<\/strong> Avda. A. Molina, s\/n\n<strong>C\u00f3digo Postal:<\/strong> 15008<\/div>\n\n<hr class=\"style14\" \/>\n\n<div class=\"title-link\">Complexo Hospitalario Universitario A Coru\u00f1a<\/div>\n<div class=\"directorios\"><strong>Tel\u00e9fono:<\/strong> 981 178159\n<strong>Localidad: <\/strong>A Coru\u00f1a\n<strong>Provincia:<\/strong> A Coru\u00f1a\n<strong>Direcci\u00f3n:<\/strong> As Xubias, 84\n<strong>C\u00f3digo Postal:<\/strong> 15006<\/div>\n\n<hr class=\"style14\" \/>\n\n<div class=\"title-link\">Hospital Comarcal Virxe da Xunqueira<\/div>\n<div class=\"directorios\"><strong>Tel\u00e9fono:<\/strong> 981 706010\n<strong>Localidad:<\/strong> Cee\n<strong>Provincia:<\/strong> A Coru\u00f1a\n<strong>Direcci\u00f3n:<\/strong> Paseo Alcalde Pepe S\u00e1nchez, 7\n<strong>C\u00f3digo Postal:<\/strong> 15270<\/div>\n\n<hr class=\"style14\" \/>\n\n<div class=\"title-link\">Hospital General Juan Cardona<\/div>\n<div class=\"directorios\"><strong>Tel\u00e9fono:<\/strong> 981 312500\n<strong>Localidad:<\/strong> Ferrol\n<strong>Provincia:<\/strong> A Coru\u00f1a\n<strong>Direcci\u00f3n:<\/strong> Pardo Baz\u00e1n, s\/n\n<strong>C\u00f3digo Postal:<\/strong> 15406<\/div>\n\n<hr class=\"style14\" \/>\n\n<div class=\"title-link\">Hospital Arquitecto Marcide<\/div>\n<div class=\"directorios\"><strong>Tel\u00e9fono: <\/strong>981 334000\n<strong>Localidad:<\/strong> Ferrol\n<strong>Provincia:<\/strong> A Coru\u00f1a\n<strong>Direcci\u00f3n:<\/strong> Ctra. de San Pedro de Leixa, s\/n.\n<strong>C\u00f3digo Postal:<\/strong> 15405<\/div>\n\n<hr class=\"style14\" \/>\n\n<div class=\"title-link\">Policl\u00ednico La Rosaleda<\/div>\n<div class=\"directorios\"><strong>Tel\u00e9fono:<\/strong> 981 551200\/551218\n<strong>Localidad:<\/strong> Santiago de Compostela\n<strong>Provincia:<\/strong> A Coru\u00f1a\n<strong>Direcci\u00f3n:<\/strong> Antonio Casares, 2\n<strong>C\u00f3digo Postal:<\/strong> 15701<\/div>\n\n<hr class=\"style14\" \/>\n\n<div class=\"title-link\">Cl\u00ednica Dr. Souto Boo<\/div>\n<div class=\"directorios\"><strong>Tel\u00e9fono:<\/strong> 981 562812\n<strong>Localidad:<\/strong> Santiago de Compostela\n<strong>Provincia:<\/strong> A Coru\u00f1a\n<strong>Direcci\u00f3n:<\/strong> Casti\u00f1eiri\u00f1o, 91\n<strong>C\u00f3digo Postal:<\/strong> 15702<\/div>\n\n<hr class=\"style14\" \/>\n\n<div class=\"title-link\">Hospital Cl\u00ednico Universitario de Santiago<\/div>\n<div class=\"directorios\"><strong>Tel\u00e9fono:<\/strong> 981 950136\n<strong>Localidad:<\/strong> Santiago de Compostela\n<strong>Provincia:<\/strong> A Coru\u00f1a\n<strong>Direcci\u00f3n:<\/strong> Choupana, s\/n.\n<strong>C\u00f3digo Postal:<\/strong> 15706<\/div>\n<a id=\"pontevedra\" name=\"pontevedra\"><\/a>\n<a title=\"#top\" href=\"#top\"> Volver<\/a>\n\n<hr class=\"style14\" \/>\n\n<div class=\"title-hospital\">PONTEVEDRA<\/div>\n<div class=\"title-link\">Centro Os Carballos - (FRIAT)<\/div>\n<div class=\"directorios\"><strong>Tel\u00e9fono:<\/strong> 986 26 57 12\n<strong>Localidad: <\/strong>Vigo\n<strong>Provincia:<\/strong> Pontevedra\n<strong>Direcci\u00f3n:<\/strong> Av. Ram\u00f3n Nieto, 126\n<strong>C\u00f3digo Postal:<\/strong> 36202<\/div>\n\n<hr class=\"style14\" \/>\n\n<div class=\"title-link\">Cl\u00ednica Diaverum. Centro de Di\u00e1lisis de Villagarc\u00eda<\/div>\n<div class=\"directorios\"><strong>Tel\u00e9fono:<\/strong> 986 507671\n<strong>Localidad:<\/strong> Villagarc\u00eda de Arosa\n<strong>Provincia:<\/strong> Pontevedra\n<strong>Direcci\u00f3n:<\/strong> Rosal\u00eda de Castro, 117 - Bajo. Edificio Pico Sacro 3\n<strong>C\u00f3digo Postal:<\/strong> 36600<\/div>\n\n<hr class=\"style14\" \/>\n\n<div class=\"title-link\">Cl\u00ednica Nuestra Se\u00f1ora de F\u00e1tima<\/div>\n<div class=\"directorios\"><strong>Tel\u00e9fono: <\/strong>986 821100\n<strong>Localidad: <\/strong>Vigo\n<strong>Provincia:<\/strong> Pontevedra\n<strong>Direcci\u00f3n: <\/strong>V\u00eda Norte, 48\n<strong>C\u00f3digo Postal:<\/strong> 36206<\/div>\n\n<hr class=\"style14\" \/>\n\n<div class=\"title-link\">Hospital Universitario Alvaro Cunqueiro de Vigo<\/div>\n<div class=\"directorios\"><strong>Tel\u00e9fono: <\/strong>986 217903\n<strong>Localidad:<\/strong> Vigo\n<strong>Provincia:<\/strong> Pontevedra\n<strong>Direcci\u00f3n: <\/strong>Estrada Clara Campoamor n\u00ba 341\n<strong>C\u00f3digo Postal:<\/strong> 36312<\/div>\n\n<hr class=\"style14\" \/>\n\n<div class=\"title-link\">Hospital POVISA<\/div>\n<div class=\"directorios\"><strong>Tel\u00e9fono:<\/strong> 986 413566\n<strong>Localidad: <\/strong>Vigo\n<strong>Provincia:<\/strong> Pontevedra\n<strong>Direcci\u00f3n: <\/strong>Salamanca, 5\n<strong>C\u00f3digo Postal:<\/strong> 36211<\/div>\n\n<hr class=\"style14\" \/>\n\n<div class=\"title-link\">Cl\u00ednica Diaverum. Centro de Di\u00e1lisis de Pontevedra<\/div>\n<div class=\"directorios\"><strong>Tel\u00e9fono:<\/strong> 986 869519\n<strong>Localidad:<\/strong> Pontevedra\n<strong>Provincia:<\/strong> Pontevedra\n<strong>Direcci\u00f3n:<\/strong> Agro de Estela, 3-5\n<strong>C\u00f3digo Postal:<\/strong> 35004<\/div>\n\n<hr class=\"style14\" \/>\n\n<div class=\"title-link\">Complejo Hospitalario Universitario de Pontevedra<\/div>\n<div class=\"directorios\"><strong>Tel\u00e9fono:<\/strong> 986 807084\n<strong>Localidad:<\/strong> Pontevedra\n<strong>Provincia:<\/strong> Pontevedra\n<strong>Direcci\u00f3n:<\/strong> Dr. Loureiro Crespo, 2\n<strong>C\u00f3digo Postal:<\/strong> 36002<\/div>\n<a id=\"lugo\" name=\"lugo\"><\/a>\n<a title=\"#top\" href=\"#top\"> Volver<\/a>\n\n<hr class=\"style14\" \/>\n\n<div class=\"title-hospital\">LUGO<\/div>\n<div class=\"title-link\">Hospital da Costa<\/div>\n<div class=\"directorios\"><strong>Tel\u00e9fono:<\/strong> 982 589901\n<strong>Localidad:<\/strong> Burela\n<strong>Provincia:<\/strong> Lugo\n<strong>Direcci\u00f3n: <\/strong>Rafael Vior, s\/n.\nCodigo Postal: 27880<\/div>\n\n<hr class=\"style14\" \/>\n\n<div class=\"title-link\">Hospital Universitario Locus Augusti<\/div>\n<div class=\"directorios\"><strong>Tel\u00e9fono:<\/strong> 982 296661\n<strong>Localidad:<\/strong> Lugo\n<strong>Provincia:<\/strong> Lugo\n<strong>Direcci\u00f3n:<\/strong> San Cibrao, s\/n\n<strong>C\u00f3digo Postal:<\/strong> 27004<\/div>\n\n<hr class=\"style14\" \/>\n\n<div class=\"title-link\">Centro de Di\u00e1lisis B. Braun Avitum Galicia, Lugo<\/div>\n<div class=\"directorios\"><strong>Tel\u00e9fono:<\/strong> 982 218279\n<strong>Localidad:<\/strong> Lugo\n<strong>Provincia:<\/strong> Lugo\n<strong>Direcci\u00f3n:<\/strong> Virxe da Esperanza, 15-19\n<strong>C\u00f3digo Postal:<\/strong> 27002<\/div>\n\n<hr class=\"style14\" \/>\n\n<div class=\"title-link\">Centro de Di\u00e1lisis B. Braun Avitum Galicia, Monforte de Lemos<\/div>\n<div class=\"directorios\"><strong>Tel\u00e9fono:<\/strong> 982 410723\n<strong>Localidad:<\/strong> Monforte de Lemos\n<strong>Provincia:<\/strong> Lugo\n<strong>Direcci\u00f3n:<\/strong> Reboredo, 29\n<strong>C\u00f3digo Postal:<\/strong> 27400<\/div>\n<a id=\"ourense\" name=\"ourense\"><\/a>\n<a title=\"#top\" href=\"#top\"> Volver<\/a>\n\n<hr class=\"style14\" \/>\n\n<div class=\"title-hospital\">OURENSE<\/div>\n<div class=\"title-link\">Centro FRIAT O Barco de Valdeorras<\/div>\n<div class=\"directorios\"><strong>Tel\u00e9fono:<\/strong> 988 339000\n<strong>Localidad:<\/strong> Barco de Valdeorras\n<strong>Provincia:<\/strong> Orense\n<strong>Direcci\u00f3n:<\/strong> Avda. Conde de Fenosa, 50\n<strong>C\u00f3digo Postal:<\/strong> 32300<\/div>\n\n<hr class=\"style14\" \/>\n\n<div class=\"title-link\">Centro FRIAT Santa Mar\u00eda Nai<\/div>\n<div class=\"directorios\"><strong>Tel\u00e9fono:<\/strong> 988 240808\n<strong>Localidad:<\/strong> Ourense\n<strong>Provincia:<\/strong> Orense\n<strong>Direcci\u00f3n:<\/strong> Ram\u00f3n Puga, 56\n<strong>C\u00f3digo Postal:<\/strong> 32005<\/div>\n\n<hr class=\"style14\" \/>\n\n<div class=\"title-link\">Complejo Hospitalario Universitario de Ourense<\/div>\n<div class=\"directorios\"><strong>Tel\u00e9fono:<\/strong> 988385500\n<strong>Localidad: <\/strong>Ourense\n<strong>Provincia:<\/strong> Orense\n<strong>Direcci\u00f3n:<\/strong> Ram\u00f3n Puga, 54\n<strong>C\u00f3digo Postal:<\/strong> 32005<\/div>\n\n<hr class=\"style14\" \/>\n\n<div class=\"title-link\">Centro FRIAT Os Salgueiros de Ver\u00edn<\/div>\n<div class=\"directorios\"><strong>Tel\u00e9fono:<\/strong> 988 599 047\n<strong>Localidad:<\/strong> Ver\u00edn\n<strong>Provincia:<\/strong> Ourense\n<strong>Direcci\u00f3n:<\/strong> Avenida de Laza s\/n\n<strong>C\u00f3digo Postal:<\/strong><\/div>\n<a title=\"#top\" href=\"#top\"> Volver<\/a>","_et_gb_content_width":"1080","footnotes":""},"class_list":["post-4316","page","type-page","status-publish","hentry"],"yoast_head":"<!-- This site is optimized with the Yoast SEO plugin v27.1.1 - https:\/\/yoast.com\/product\/yoast-seo-wordpress\/ -->\n<title>Noticias y novedades - SGAN<\/title>\n<meta name=\"robots\" content=\"index, follow, max-snippet:-1, max-image-preview:large, max-video-preview:-1\" \/>\n<link rel=\"canonical\" href=\"https:\/\/sgan.es\/gl\/noticias-y-novedades\/\" \/>\n<meta property=\"og:locale\" content=\"gl_ES\" \/>\n<meta property=\"og:type\" content=\"article\" \/>\n<meta property=\"og:title\" content=\"Noticias y novedades - SGAN\" \/>\n<meta property=\"og:description\" content=\"NOTICIAS\" \/>\n<meta property=\"og:url\" content=\"https:\/\/sgan.es\/gl\/noticias-y-novedades\/\" \/>\n<meta property=\"og:site_name\" content=\"SGAN\" \/>\n<meta property=\"article:publisher\" content=\"https:\/\/www.facebook.com\/SGAN-244493612899331\/\" \/>\n<meta property=\"article:modified_time\" content=\"2024-04-26T08:33:26+00:00\" \/>\n<meta name=\"twitter:card\" content=\"summary_large_image\" \/>\n<meta name=\"twitter:site\" content=\"@NefroGalicia\" \/>\n<meta name=\"twitter:label1\" content=\"Tempo de lectura\" \/>\n\t<meta name=\"twitter:data1\" content=\"2 minutos\" \/>\n<script type=\"application\/ld+json\" class=\"yoast-schema-graph\">{\"@context\":\"https:\/\/schema.org\",\"@graph\":[{\"@type\":\"WebPage\",\"@id\":\"https:\/\/sgan.es\/noticias-y-novedades\/\",\"url\":\"https:\/\/sgan.es\/noticias-y-novedades\/\",\"name\":\"Noticias y novedades - SGAN\",\"isPartOf\":{\"@id\":\"https:\/\/sgan.es\/#website\"},\"datePublished\":\"2024-04-23T10:15:25+00:00\",\"dateModified\":\"2024-04-26T08:33:26+00:00\",\"breadcrumb\":{\"@id\":\"https:\/\/sgan.es\/noticias-y-novedades\/#breadcrumb\"},\"inLanguage\":\"gl-ES\",\"potentialAction\":[{\"@type\":\"ReadAction\",\"target\":[\"https:\/\/sgan.es\/noticias-y-novedades\/\"]}]},{\"@type\":\"BreadcrumbList\",\"@id\":\"https:\/\/sgan.es\/noticias-y-novedades\/#breadcrumb\",\"itemListElement\":[{\"@type\":\"ListItem\",\"position\":1,\"name\":\"Inicio\",\"item\":\"https:\/\/sgan.es\/\"},{\"@type\":\"ListItem\",\"position\":2,\"name\":\"Noticias y novedades\"}]},{\"@type\":\"WebSite\",\"@id\":\"https:\/\/sgan.es\/#website\",\"url\":\"https:\/\/sgan.es\/\",\"name\":\"SGAN\",\"description\":\"Sociedad Gallega de Nefrolog\u00eda\",\"publisher\":{\"@id\":\"https:\/\/sgan.es\/#organization\"},\"potentialAction\":[{\"@type\":\"SearchAction\",\"target\":{\"@type\":\"EntryPoint\",\"urlTemplate\":\"https:\/\/sgan.es\/?s={search_term_string}\"},\"query-input\":{\"@type\":\"PropertyValueSpecification\",\"valueRequired\":true,\"valueName\":\"search_term_string\"}}],\"inLanguage\":\"gl-ES\"},{\"@type\":\"Organization\",\"@id\":\"https:\/\/sgan.es\/#organization\",\"name\":\"SGAN\",\"url\":\"https:\/\/sgan.es\/\",\"logo\":{\"@type\":\"ImageObject\",\"inLanguage\":\"gl-ES\",\"@id\":\"https:\/\/sgan.es\/#\/schema\/logo\/image\/\",\"url\":\"https:\/\/sgan.es\/wp-content\/uploads\/2023\/04\/logoSgan.jpg\",\"contentUrl\":\"https:\/\/sgan.es\/wp-content\/uploads\/2023\/04\/logoSgan.jpg\",\"width\":255,\"height\":193,\"caption\":\"SGAN\"},\"image\":{\"@id\":\"https:\/\/sgan.es\/#\/schema\/logo\/image\/\"},\"sameAs\":[\"https:\/\/www.facebook.com\/SGAN-244493612899331\/\",\"https:\/\/x.com\/NefroGalicia\"]}]}<\/script>\n<!-- \/ Yoast SEO plugin. -->","yoast_head_json":{"title":"Noticias y novedades - SGAN","robots":{"index":"index","follow":"follow","max-snippet":"max-snippet:-1","max-image-preview":"max-image-preview:large","max-video-preview":"max-video-preview:-1"},"canonical":"https:\/\/sgan.es\/gl\/noticias-y-novedades\/","og_locale":"gl_ES","og_type":"article","og_title":"Noticias y novedades - SGAN","og_description":"NOTICIAS","og_url":"https:\/\/sgan.es\/gl\/noticias-y-novedades\/","og_site_name":"SGAN","article_publisher":"https:\/\/www.facebook.com\/SGAN-244493612899331\/","article_modified_time":"2024-04-26T08:33:26+00:00","twitter_card":"summary_large_image","twitter_site":"@NefroGalicia","twitter_misc":{"Tempo de lectura":"2 minutos"},"schema":{"@context":"https:\/\/schema.org","@graph":[{"@type":"WebPage","@id":"https:\/\/sgan.es\/noticias-y-novedades\/","url":"https:\/\/sgan.es\/noticias-y-novedades\/","name":"Noticias y novedades - SGAN","isPartOf":{"@id":"https:\/\/sgan.es\/#website"},"datePublished":"2024-04-23T10:15:25+00:00","dateModified":"2024-04-26T08:33:26+00:00","breadcrumb":{"@id":"https:\/\/sgan.es\/noticias-y-novedades\/#breadcrumb"},"inLanguage":"gl-ES","potentialAction":[{"@type":"ReadAction","target":["https:\/\/sgan.es\/noticias-y-novedades\/"]}]},{"@type":"BreadcrumbList","@id":"https:\/\/sgan.es\/noticias-y-novedades\/#breadcrumb","itemListElement":[{"@type":"ListItem","position":1,"name":"Inicio","item":"https:\/\/sgan.es\/"},{"@type":"ListItem","position":2,"name":"Noticias y novedades"}]},{"@type":"WebSite","@id":"https:\/\/sgan.es\/#website","url":"https:\/\/sgan.es\/","name":"SGAN","description":"Sociedad Gallega de Nefrolog\u00eda","publisher":{"@id":"https:\/\/sgan.es\/#organization"},"potentialAction":[{"@type":"SearchAction","target":{"@type":"EntryPoint","urlTemplate":"https:\/\/sgan.es\/?s={search_term_string}"},"query-input":{"@type":"PropertyValueSpecification","valueRequired":true,"valueName":"search_term_string"}}],"inLanguage":"gl-ES"},{"@type":"Organization","@id":"https:\/\/sgan.es\/#organization","name":"SGAN","url":"https:\/\/sgan.es\/","logo":{"@type":"ImageObject","inLanguage":"gl-ES","@id":"https:\/\/sgan.es\/#\/schema\/logo\/image\/","url":"https:\/\/sgan.es\/wp-content\/uploads\/2023\/04\/logoSgan.jpg","contentUrl":"https:\/\/sgan.es\/wp-content\/uploads\/2023\/04\/logoSgan.jpg","width":255,"height":193,"caption":"SGAN"},"image":{"@id":"https:\/\/sgan.es\/#\/schema\/logo\/image\/"},"sameAs":["https:\/\/www.facebook.com\/SGAN-244493612899331\/","https:\/\/x.com\/NefroGalicia"]}]}},"_links":{"self":[{"href":"https:\/\/sgan.es\/gl\/wp-json\/wp\/v2\/pages\/4316","targetHints":{"allow":["GET"]}}],"collection":[{"href":"https:\/\/sgan.es\/gl\/wp-json\/wp\/v2\/pages"}],"about":[{"href":"https:\/\/sgan.es\/gl\/wp-json\/wp\/v2\/types\/page"}],"author":[{"embeddable":true,"href":"https:\/\/sgan.es\/gl\/wp-json\/wp\/v2\/users\/1200"}],"replies":[{"embeddable":true,"href":"https:\/\/sgan.es\/gl\/wp-json\/wp\/v2\/comments?post=4316"}],"version-history":[{"count":2,"href":"https:\/\/sgan.es\/gl\/wp-json\/wp\/v2\/pages\/4316\/revisions"}],"predecessor-version":[{"id":4458,"href":"https:\/\/sgan.es\/gl\/wp-json\/wp\/v2\/pages\/4316\/revisions\/4458"}],"wp:attachment":[{"href":"https:\/\/sgan.es\/gl\/wp-json\/wp\/v2\/media?parent=4316"}],"curies":[{"name":"wp","href":"https:\/\/api.w.org\/{rel}","templated":true}]}}