{"id":4428,"date":"2024-04-25T10:05:18","date_gmt":"2024-04-25T10:05:18","guid":{"rendered":"https:\/\/sgan.es\/?page_id=4428"},"modified":"2024-04-26T08:38:45","modified_gmt":"2024-04-26T08:38:45","slug":"politica-de-privacidad","status":"publish","type":"page","link":"https:\/\/sgan.es\/gl\/politica-de-privacidad\/","title":{"rendered":"Pol\u00edtica de privacidade"},"content":{"rendered":"<p>[et_pb_section fb_built=\u00bb1&#8243; custom_padding_last_edited=\u00bbon|desktop\u00bb next_background_color=\u00bb#ffffff\u00bb admin_label=\u00bbHeader\u00bb _builder_version=\u00bb4.25.0&#8243; background_image=\u00bbhttps:\/\/sgan.es\/wp-content\/uploads\/2024\/04\/home_banner_seccion.png\u00bb parallax=\u00bbon\u00bb custom_padding=\u00bb3vw||7vw||false|false\u00bb custom_padding_tablet=\u00bb100px||100px||true\u00bb custom_padding_phone=\u00bb40px||40px||true|false\u00bb bottom_divider_style=\u00bbramp2&#8243; bottom_divider_height=\u00bb250px\u00bb bottom_divider_flip=\u00bbhorizontal\u00bb bottom_divider_height_tablet=\u00bb150px\u00bb bottom_divider_height_phone=\u00bb110px\u00bb bottom_divider_height_last_edited=\u00bbon|phone\u00bb hover_enabled=\u00bb0&#8243; saved_tabs=\u00bball\u00bb global_colors_info=\u00bb{}\u00bb sticky_enabled=\u00bb0&#8243;][et_pb_row _builder_version=\u00bb4.16&#8243; global_colors_info=\u00bb{}\u00bb][et_pb_column type=\u00bb4_4&#8243; _builder_version=\u00bb4.16&#8243; custom_padding=\u00bb|||\u00bb global_colors_info=\u00bb{}\u00bb custom_padding__hover=\u00bb|||\u00bb][et_pb_text _builder_version=\u00bb4.25.0&#8243; text_font=\u00bbRoboto||||||||\u00bb text_line_height=\u00bb1.8em\u00bb header_font=\u00bbRoboto|700|||||||\u00bb header_text_align=\u00bbcenter\u00bb header_font_size=\u00bb80px\u00bb header_line_height=\u00bb1.2em\u00bb header_3_font=\u00bbRoboto|700||on|||||\u00bb header_3_text_align=\u00bbcenter\u00bb header_3_text_color=\u00bb#ffffff\u00bb header_3_font_size=\u00bb24px\u00bb header_3_letter_spacing=\u00bb10px\u00bb header_3_line_height=\u00bb2em\u00bb text_orientation=\u00bbcenter\u00bb background_layout=\u00bbdark\u00bb module_alignment=\u00bbcenter\u00bb text_font_size_last_edited=\u00bboff|desktop\u00bb header_font_size_tablet=\u00bb40px\u00bb header_font_size_phone=\u00bb32px\u00bb header_font_size_last_edited=\u00bbon|phone\u00bb header_3_font_size_tablet=\u00bb16px\u00bb header_3_font_size_phone=\u00bb14px\u00bb header_3_font_size_last_edited=\u00bbon|phone\u00bb header_3_letter_spacing_tablet=\u00bb5px\u00bb header_3_letter_spacing_phone=\u00bb\u00bb header_3_letter_spacing_last_edited=\u00bbon|tablet\u00bb global_colors_info=\u00bb{}\u00bb]<\/p>\n<h1>POL\u00cdTICA DE PRIVACIDAD<\/h1>\n<p>[\/et_pb_text][\/et_pb_column][\/et_pb_row][\/et_pb_section][et_pb_section fb_built=\u00bb1&#8243; _builder_version=\u00bb4.16&#8243; global_colors_info=\u00bb{}\u00bb][et_pb_row _builder_version=\u00bb4.16&#8243; background_size=\u00bbinitial\u00bb background_position=\u00bbtop_left\u00bb background_repeat=\u00bbrepeat\u00bb global_colors_info=\u00bb{}\u00bb][et_pb_column type=\u00bb4_4&#8243; _builder_version=\u00bb4.16&#8243; custom_padding=\u00bb|||\u00bb global_colors_info=\u00bb{}\u00bb custom_padding__hover=\u00bb|||\u00bb][et_pb_code _builder_version=\u00bb4.25.0&#8243; _module_preset=\u00bbdefault\u00bb border_width_bottom=\u00bb1px\u00bb global_colors_info=\u00bb{}\u00bb]<span><span><a href=\"https:\/\/sgan.es\/\">Inicio<\/a><\/span><\/span>[\/et_pb_code][et_pb_text _builder_version=\u00bb4.25.0&#8243; background_size=\u00bbinitial\u00bb background_position=\u00bbtop_left\u00bb background_repeat=\u00bbrepeat\u00bb global_colors_info=\u00bb{}\u00bb]<\/p>\n<div><b><span>SOCIEDAD GALLEGA DE NEFROLOGIA<\/span><\/b><\/div>\n<div><b><span>G70417597<\/span><\/b><\/div>\n<div><b><span>C\/ San Pedro de Mezonzo, 39<\/span><\/b><\/div>\n<div><b><span>15701 Santiago de Compostela. A Coru\u00f1a<\/span><\/b><\/div>\n<div><b><span>\u00a0<\/span><\/b><\/div>\n<div>\n<p><span>La presente Pol\u00edtica de Privacidad regula la recogida y tratamiento de los datos personales que sean proporcionados por los Usuarios, cuando accedan, naveguen o hagan uso de las funcionalidades en el Sitio Web accesible desde la URL\u00a0<a href=\"https:\/\/sgan.es\/\" target=\"_blank\" data-saferedirecturl=\"https:\/\/www.google.com\/url?q=https:\/\/sgan.es\/&amp;source=gmail&amp;ust=1714125816078000&amp;usg=AOvVaw2WWilkGIlbVkaizA8KRFJf\" rel=\"noopener\">https:\/\/sgan.es\/<\/a><span>\u00a0<\/span>(en<br \/>adelante, el Sitio Web).\u00a0<\/span><br \/><span><span>Recogida de datos, finalidades, base de legitimaci\u00f3n y plazos de conservaci\u00f3n:<br \/>La aceptaci\u00f3n de esta Pol\u00edtica de Privacidad significa que el Usuario faculta a\u00a0<\/span><span>la Sociedad Gallega de Nefrolog\u00eda, C\/ San pedro de Mezonzo, 39. 15701 Santiago de Compostela<\/span><span>, como titular del Sitio Web, para realizar el tratamiento de sus datos e incluirlos en un registro de tratamientos de su responsabilidad, para los fines estipulados a continuaci\u00f3n:<\/span><\/span><\/p>\n<ul>\n<li><span><span>Contacto:<\/span><span>\u00a0<\/span>El Usuario puede ponerse en contacto, a trav\u00e9s de los formularios establecidos a tal efecto en el Sitio Web. Deber\u00e1 facilitar sus datos identificativos, reales y exactos, as\u00ed como el motivo, asunto o cuesti\u00f3n.\u00a0<span>la Sociedad Gallega de Nefrolog\u00eda<\/span>\u00a0utilizar\u00e1<br \/>esos datos para tramitar la consulta y contactar con el Usuario en los propios t\u00e9rminos de la misma.<\/span><\/li>\n<\/ul>\n<p><span>La base jur\u00eddica del tratamiento de tales datos se sustenta en el consentimiento del Usuario.<\/span><\/p>\n<p><span>El plazo de conservaci\u00f3n de los datos para esta finalidad ser\u00e1 de un a\u00f1o, salvo que sean aplicables otros plazos, por ejemplo, cuando el Usuario haya solicitado alg\u00fan tipo de informaci\u00f3n que requiera informaci\u00f3n posterior.<\/span><\/p>\n<ul>\n<li><span><span>Compra o contrataci\u00f3n de productos o servicios:<\/span><span>\u00a0<\/span>El Usuario puede solicitar los servicios disponibles en el Sitio Web. Para ello, deber\u00e1 facilitar sus datos de contacto, y aquellos datos necesarios para tramitar<br \/>la gesti\u00f3n del servicio realizado como datos bancarios o de tarjetas de cr\u00e9dito.<\/span><\/li>\n<\/ul>\n<p><span>La base jur\u00eddica del tratamiento de tales datos se sustenta en la ejecuci\u00f3n de contrato de compra.<\/span><\/p>\n<p><span>El plazo de conservaci\u00f3n de los datos ser\u00e1 el adecuado para cumplir con las obligaciones contractuales y, en todo caso, hasta cinco a\u00f1os m\u00e1s por gestiones tributarias y para cubrir posibles responsabilidades, salvo que sean aplicables otros plazos.<\/span><\/p>\n<ul>\n<li><span><span>Newsletter o bolet\u00edn informativo:<\/span><span>\u00a0<\/span>El Usuario puede, si lo desea, facilitar sus datos identificativos y su direcci\u00f3n de correo electr\u00f3nico para suscribirse a las novedades, promociones y noticias, para recibir peri\u00f3dicamente<br \/>comunicaciones en su correo electr\u00f3nico o dispositivo m\u00f3vil (en su caso).<\/span><\/li>\n<\/ul>\n<p><span>La base jur\u00eddica del tratamiento de tales datos se sustenta en el consentimiento del Usuario.<\/span><\/p>\n<p><span>El plazo de conservaci\u00f3n de los datos ser\u00e1 el del tiempo que permanezca dado de alta en nuestros sistemas de env\u00edo de newsletter, pudiendo revocar el consentimiento f\u00e1cilmente a trav\u00e9s de los medios establecidos en el propio bolet\u00edn.<\/span><\/p>\n<ul>\n<li><span><span>Cookies:<\/span><span>\u00a0<\/span>El Sitio Web dispone de tecnolog\u00eda para la implantaci\u00f3n de archivos denominados cookies en el equipo que sea utilizado para el acceso y navegaci\u00f3n por el Sitio Web. Las cookies pueden ser bloqueadas o deshabilitadas<br \/>en cualquier momento a trav\u00e9s de las opciones de configuraci\u00f3n del navegador.<\/span><\/li>\n<\/ul>\n<p><span>La base jur\u00eddica del tratamiento de tales datos se sustenta en el consentimiento del Usuario\u00a0<span>\u00a0<\/span><span>Finalidades publicitarias y tratamientos especiales:<\/span><\/span><\/p>\n<ul>\n<li><span><span>Publicidad autorizada:<\/span><span>\u00a0<\/span>Si el Usuario lo autoriza expresamente,\u00a0<span>la Sociedad Gallega de Nefrolog\u00eda<\/span>\u00a0podr\u00e1 enviarle comunicaciones comerciales por medios electr\u00f3nicos de los productos y servicios de\u00a0<span>la Sociedad Gallega de Nefrolog\u00eda<\/span>\u00a0o<br \/>terceros relacionados, como por ejemplo novedades y\/o descuentos entre otros, salvo que hubiera revocado el consentimiento con posterioridad.<\/span><\/li>\n<\/ul>\n<p><span>La base jur\u00eddica del tratamiento de tales datos se sustenta en el consentimiento del<br \/>Usuario, marcado en casillas en la p\u00e1gina web.<\/span><\/p>\n<p><span>El plazo de conservaci\u00f3n de los datos ser\u00e1 el del tiempo que permanezca dado de alta en nuestro sistema para el env\u00edo de publicidad y no se haya opuesto o revocado el consentimiento, salvo que sean aplicables otros plazos.<\/span><\/p>\n<ul>\n<li><span><span>Publicidad impl\u00edcita:<\/span><span>\u00a0<\/span>En caso de que exista una contrataci\u00f3n de alguno de nuestros productos o servicios,\u00a0<span>la Sociedad Gallega de Nefrolog\u00eda<\/span>\u00a0podr\u00e1 enviar comunicaciones por medios electr\u00f3nicos de los<br \/>servicios y productos propios de\u00a0<span>la Sociedad Gallega de Nefrolog\u00eda<\/span>\u00a0siempre que est\u00e9n relacionados con el producto o servicio contratado y mientras no revoque el consentimiento con posterioridad.<\/span><\/li>\n<\/ul>\n<p><span>La base jur\u00eddica del tratamiento de tales datos se sustenta en el inter\u00e9s leg\u00edtimo de\u00a0<span>la Sociedad Gallega de Nefrolog\u00eda<\/span>\u00a0 por mantener una relaci\u00f3n continuada con los clientes.<\/span><\/p>\n<p><span>El plazo de conservaci\u00f3n de los datos ser\u00e1 del tiempo que permanezca como cliente y no se haya opuesto o revocado el consentimiento, salvo que sean aplicables otros plazos.<br \/><span>Medidas de protecci\u00f3n de datos<\/span> En<br \/><span>la Sociedad Gallega de Nefrolog\u00eda<\/span>\u00a0, nos esforzamos para lograr una mejor calidad en nuestros servicios y tambi\u00e9n en la seguridad de los mismos. Por ese motivo hemos adoptado una serie de medidas tendentes a garantizar la protecci\u00f3n de<br \/>los datos de los Usuarios:<\/span><\/p>\n<ul>\n<li><span>El personal que accede y usa los datos de los usuarios cuenta con compromisos de confidencialidad muy s\u00f3lidos.<\/span><\/li>\n<li><span>Adem\u00e1s, hemos establecido protocolos de gesti\u00f3n de incidencias y atenci\u00f3n de derechos m\u00e1s sencillos y r\u00e1pidos para poder ofrecer soluciones eficaces a los ejercicios de derechos de los Usuarios.<\/span><\/li>\n<li><span>Tambi\u00e9n aplicamos medidas de seguridad f\u00edsicas e inform\u00e1ticas a los sistemas que contienen o desde los que se tratan los datos personales.<\/span><\/li>\n<li><span>Y todos nuestros proveedores tambi\u00e9n tienen firmado un contrato de encargo de tratamiento conforme al Reglamento General de Protecci\u00f3n de Datos para garantizar una mayor protecci\u00f3n.<\/span><\/li>\n<\/ul>\n<p><span><span>Cesiones de datos a terceros<\/span><br \/><span>Como regla general, no cedemos o comunicamos los datos a terceros. \u00danicamente lo haremos si el Usuario nos autoriza previamente, por ejemplo,<span>\u00a0<\/span><\/span>indic\u00e1ndolo expresamente<span><span>\u00a0<\/span>o aceptando una casilla de verificaci\u00f3n<br \/>del consentimiento previa a la comunicaci\u00f3n.<\/span><br \/><span>No obstante, si la cesi\u00f3n fuera necesaria para la ejecuci\u00f3n de un contrato, como una formaci\u00f3n contratada a trav\u00e9s de la p\u00e1gina web, los datos s\u00ed se tendr\u00e1n que comunicar a la entidad que ofrezca la formaci\u00f3n o que la gestione. No obstante, ello se indicar\u00eda de forma que el Usuario lo pueda conocer antes. Lo mismo ocurrir\u00e1 si la comunicaci\u00f3n es obligatoria por Ley.<\/span><br \/><span>Ejercicio de derechos<\/span><br \/><span>Asimismo, el Usuario puede revocar el consentimiento para el tratamiento, haciendo ejercicio de los derechos de acceso, rectificaci\u00f3n, supresi\u00f3n, portabilidad, oposici\u00f3n y limitaci\u00f3n al tratamiento, poni\u00e9ndolo en conocimiento de\u00a0<\/span><span>la Sociedad Gallega de Nefrolog\u00eda<\/span><br \/><span>\u00a0a trav\u00e9s de un correo electr\u00f3nico dirigido a<\/span><span>\u00a0<\/span><u><span><a href=\"mailto:sgan@sgan.es\" target=\"_blank\" rel=\"noopener\">sgan@sgan.es<\/a><\/span><\/u><span>\u00a0o indic\u00e1ndolo a la direcci\u00f3n arriba indicada, se\u00f1alando como asunto \u201cProtecci\u00f3n de Datos\u201d.<\/span><\/span><\/p>\n<\/div>\n<p>[\/et_pb_text][\/et_pb_column][\/et_pb_row][\/et_pb_section]<\/p>\n","protected":false},"excerpt":{"rendered":"<p>POL\u00cdTICA DE PRIVACIDAD<span><span><a href=\"https:\/\/sgan.es\/\">Inicio<\/a><\/span><\/span>SOCIEDAD GALLEGA DE NEFROLOGIA G70417597 C\/ San Pedro de Mezonzo, 39 15701 Santiago de Compostela. A Coru\u00f1a \u00a0 La presente Pol\u00edtica de Privacidad regula la recogida y tratamiento de los datos personales que sean proporcionados por los Usuarios, cuando accedan, naveguen o hagan uso de las funcionalidades en el Sitio Web accesible desde [&hellip;]<\/p>\n","protected":false},"author":1200,"featured_media":0,"parent":0,"menu_order":0,"comment_status":"closed","ping_status":"closed","template":"","meta":{"_et_pb_use_builder":"on","_et_pb_old_content":"","_et_gb_content_width":"","footnotes":""},"class_list":["post-4428","page","type-page","status-publish","hentry"],"yoast_head":"<!-- This site is optimized with the Yoast SEO plugin v27.1.1 - https:\/\/yoast.com\/product\/yoast-seo-wordpress\/ -->\n<title>Pol\u00edtica de privacidad - SGAN<\/title>\n<meta name=\"robots\" content=\"index, follow, max-snippet:-1, max-image-preview:large, max-video-preview:-1\" \/>\n<link rel=\"canonical\" href=\"https:\/\/sgan.es\/gl\/politica-de-privacidad\/\" \/>\n<meta property=\"og:locale\" content=\"gl_ES\" \/>\n<meta property=\"og:type\" content=\"article\" \/>\n<meta property=\"og:title\" content=\"Pol\u00edtica de privacidad - SGAN\" \/>\n<meta property=\"og:description\" content=\"POL\u00cdTICA DE PRIVACIDADSOCIEDAD GALLEGA DE NEFROLOGIA G70417597 C\/ San Pedro de Mezonzo, 39 15701 Santiago de Compostela. A Coru\u00f1a \u00a0 La presente Pol\u00edtica de Privacidad regula la recogida y tratamiento de los datos personales que sean proporcionados por los Usuarios, cuando accedan, naveguen o hagan uso de las funcionalidades en el Sitio Web accesible desde [&hellip;]\" \/>\n<meta property=\"og:url\" content=\"https:\/\/sgan.es\/gl\/politica-de-privacidad\/\" \/>\n<meta property=\"og:site_name\" content=\"SGAN\" \/>\n<meta property=\"article:publisher\" content=\"https:\/\/www.facebook.com\/SGAN-244493612899331\/\" \/>\n<meta property=\"article:modified_time\" content=\"2024-04-26T08:38:45+00:00\" \/>\n<meta name=\"twitter:card\" content=\"summary_large_image\" \/>\n<meta name=\"twitter:site\" content=\"@NefroGalicia\" \/>\n<script type=\"application\/ld+json\" class=\"yoast-schema-graph\">{\"@context\":\"https:\/\/schema.org\",\"@graph\":[{\"@type\":\"WebPage\",\"@id\":\"https:\/\/sgan.es\/politica-de-privacidad\/\",\"url\":\"https:\/\/sgan.es\/politica-de-privacidad\/\",\"name\":\"Pol\u00edtica de privacidad - SGAN\",\"isPartOf\":{\"@id\":\"https:\/\/sgan.es\/#website\"},\"datePublished\":\"2024-04-25T10:05:18+00:00\",\"dateModified\":\"2024-04-26T08:38:45+00:00\",\"breadcrumb\":{\"@id\":\"https:\/\/sgan.es\/politica-de-privacidad\/#breadcrumb\"},\"inLanguage\":\"gl-ES\",\"potentialAction\":[{\"@type\":\"ReadAction\",\"target\":[\"https:\/\/sgan.es\/politica-de-privacidad\/\"]}]},{\"@type\":\"BreadcrumbList\",\"@id\":\"https:\/\/sgan.es\/politica-de-privacidad\/#breadcrumb\",\"itemListElement\":[{\"@type\":\"ListItem\",\"position\":1,\"name\":\"Inicio\",\"item\":\"https:\/\/sgan.es\/\"},{\"@type\":\"ListItem\",\"position\":2,\"name\":\"Pol\u00edtica de privacidad\"}]},{\"@type\":\"WebSite\",\"@id\":\"https:\/\/sgan.es\/#website\",\"url\":\"https:\/\/sgan.es\/\",\"name\":\"SGAN\",\"description\":\"Sociedad Gallega de Nefrolog\u00eda\",\"publisher\":{\"@id\":\"https:\/\/sgan.es\/#organization\"},\"potentialAction\":[{\"@type\":\"SearchAction\",\"target\":{\"@type\":\"EntryPoint\",\"urlTemplate\":\"https:\/\/sgan.es\/?s={search_term_string}\"},\"query-input\":{\"@type\":\"PropertyValueSpecification\",\"valueRequired\":true,\"valueName\":\"search_term_string\"}}],\"inLanguage\":\"gl-ES\"},{\"@type\":\"Organization\",\"@id\":\"https:\/\/sgan.es\/#organization\",\"name\":\"SGAN\",\"url\":\"https:\/\/sgan.es\/\",\"logo\":{\"@type\":\"ImageObject\",\"inLanguage\":\"gl-ES\",\"@id\":\"https:\/\/sgan.es\/#\/schema\/logo\/image\/\",\"url\":\"https:\/\/sgan.es\/wp-content\/uploads\/2023\/04\/logoSgan.jpg\",\"contentUrl\":\"https:\/\/sgan.es\/wp-content\/uploads\/2023\/04\/logoSgan.jpg\",\"width\":255,\"height\":193,\"caption\":\"SGAN\"},\"image\":{\"@id\":\"https:\/\/sgan.es\/#\/schema\/logo\/image\/\"},\"sameAs\":[\"https:\/\/www.facebook.com\/SGAN-244493612899331\/\",\"https:\/\/x.com\/NefroGalicia\"]}]}<\/script>\n<!-- \/ Yoast SEO plugin. -->","yoast_head_json":{"title":"Pol\u00edtica de privacidad - SGAN","robots":{"index":"index","follow":"follow","max-snippet":"max-snippet:-1","max-image-preview":"max-image-preview:large","max-video-preview":"max-video-preview:-1"},"canonical":"https:\/\/sgan.es\/gl\/politica-de-privacidad\/","og_locale":"gl_ES","og_type":"article","og_title":"Pol\u00edtica de privacidad - SGAN","og_description":"POL\u00cdTICA DE PRIVACIDADSOCIEDAD GALLEGA DE NEFROLOGIA G70417597 C\/ San Pedro de Mezonzo, 39 15701 Santiago de Compostela. A Coru\u00f1a \u00a0 La presente Pol\u00edtica de Privacidad regula la recogida y tratamiento de los datos personales que sean proporcionados por los Usuarios, cuando accedan, naveguen o hagan uso de las funcionalidades en el Sitio Web accesible desde [&hellip;]","og_url":"https:\/\/sgan.es\/gl\/politica-de-privacidad\/","og_site_name":"SGAN","article_publisher":"https:\/\/www.facebook.com\/SGAN-244493612899331\/","article_modified_time":"2024-04-26T08:38:45+00:00","twitter_card":"summary_large_image","twitter_site":"@NefroGalicia","schema":{"@context":"https:\/\/schema.org","@graph":[{"@type":"WebPage","@id":"https:\/\/sgan.es\/politica-de-privacidad\/","url":"https:\/\/sgan.es\/politica-de-privacidad\/","name":"Pol\u00edtica de privacidad - SGAN","isPartOf":{"@id":"https:\/\/sgan.es\/#website"},"datePublished":"2024-04-25T10:05:18+00:00","dateModified":"2024-04-26T08:38:45+00:00","breadcrumb":{"@id":"https:\/\/sgan.es\/politica-de-privacidad\/#breadcrumb"},"inLanguage":"gl-ES","potentialAction":[{"@type":"ReadAction","target":["https:\/\/sgan.es\/politica-de-privacidad\/"]}]},{"@type":"BreadcrumbList","@id":"https:\/\/sgan.es\/politica-de-privacidad\/#breadcrumb","itemListElement":[{"@type":"ListItem","position":1,"name":"Inicio","item":"https:\/\/sgan.es\/"},{"@type":"ListItem","position":2,"name":"Pol\u00edtica de privacidad"}]},{"@type":"WebSite","@id":"https:\/\/sgan.es\/#website","url":"https:\/\/sgan.es\/","name":"SGAN","description":"Sociedad Gallega de Nefrolog\u00eda","publisher":{"@id":"https:\/\/sgan.es\/#organization"},"potentialAction":[{"@type":"SearchAction","target":{"@type":"EntryPoint","urlTemplate":"https:\/\/sgan.es\/?s={search_term_string}"},"query-input":{"@type":"PropertyValueSpecification","valueRequired":true,"valueName":"search_term_string"}}],"inLanguage":"gl-ES"},{"@type":"Organization","@id":"https:\/\/sgan.es\/#organization","name":"SGAN","url":"https:\/\/sgan.es\/","logo":{"@type":"ImageObject","inLanguage":"gl-ES","@id":"https:\/\/sgan.es\/#\/schema\/logo\/image\/","url":"https:\/\/sgan.es\/wp-content\/uploads\/2023\/04\/logoSgan.jpg","contentUrl":"https:\/\/sgan.es\/wp-content\/uploads\/2023\/04\/logoSgan.jpg","width":255,"height":193,"caption":"SGAN"},"image":{"@id":"https:\/\/sgan.es\/#\/schema\/logo\/image\/"},"sameAs":["https:\/\/www.facebook.com\/SGAN-244493612899331\/","https:\/\/x.com\/NefroGalicia"]}]}},"_links":{"self":[{"href":"https:\/\/sgan.es\/gl\/wp-json\/wp\/v2\/pages\/4428","targetHints":{"allow":["GET"]}}],"collection":[{"href":"https:\/\/sgan.es\/gl\/wp-json\/wp\/v2\/pages"}],"about":[{"href":"https:\/\/sgan.es\/gl\/wp-json\/wp\/v2\/types\/page"}],"author":[{"embeddable":true,"href":"https:\/\/sgan.es\/gl\/wp-json\/wp\/v2\/users\/1200"}],"replies":[{"embeddable":true,"href":"https:\/\/sgan.es\/gl\/wp-json\/wp\/v2\/comments?post=4428"}],"version-history":[{"count":9,"href":"https:\/\/sgan.es\/gl\/wp-json\/wp\/v2\/pages\/4428\/revisions"}],"predecessor-version":[{"id":4460,"href":"https:\/\/sgan.es\/gl\/wp-json\/wp\/v2\/pages\/4428\/revisions\/4460"}],"wp:attachment":[{"href":"https:\/\/sgan.es\/gl\/wp-json\/wp\/v2\/media?parent=4428"}],"curies":[{"name":"wp","href":"https:\/\/api.w.org\/{rel}","templated":true}]}}