{"id":4434,"date":"2024-04-25T10:13:04","date_gmt":"2024-04-25T10:13:04","guid":{"rendered":"https:\/\/sgan.es\/?page_id=4434"},"modified":"2024-04-26T08:39:35","modified_gmt":"2024-04-26T08:39:35","slug":"politica-de-cookies","status":"publish","type":"page","link":"https:\/\/sgan.es\/gl\/politica-de-cookies\/","title":{"rendered":"Pol\u00edtica de cookies"},"content":{"rendered":"<p>[et_pb_section fb_built=\u00bb1&#8243; custom_padding_last_edited=\u00bbon|desktop\u00bb next_background_color=\u00bb#ffffff\u00bb admin_label=\u00bbHeader\u00bb _builder_version=\u00bb4.25.0&#8243; background_image=\u00bbhttps:\/\/sgan.es\/wp-content\/uploads\/2024\/04\/home_banner_seccion.png\u00bb parallax=\u00bbon\u00bb custom_padding=\u00bb3vw||7vw||false|false\u00bb custom_padding_tablet=\u00bb100px||100px||true\u00bb custom_padding_phone=\u00bb40px||40px||true|false\u00bb bottom_divider_style=\u00bbramp2&#8243; bottom_divider_height=\u00bb250px\u00bb bottom_divider_flip=\u00bbhorizontal\u00bb bottom_divider_height_tablet=\u00bb150px\u00bb bottom_divider_height_phone=\u00bb110px\u00bb bottom_divider_height_last_edited=\u00bbon|phone\u00bb hover_enabled=\u00bb0&#8243; saved_tabs=\u00bball\u00bb global_colors_info=\u00bb{}\u00bb sticky_enabled=\u00bb0&#8243;][et_pb_row _builder_version=\u00bb4.16&#8243; global_colors_info=\u00bb{}\u00bb][et_pb_column type=\u00bb4_4&#8243; _builder_version=\u00bb4.16&#8243; custom_padding=\u00bb|||\u00bb global_colors_info=\u00bb{}\u00bb custom_padding__hover=\u00bb|||\u00bb][et_pb_text _builder_version=\u00bb4.25.0&#8243; text_font=\u00bbRoboto||||||||\u00bb text_line_height=\u00bb1.8em\u00bb header_font=\u00bbRoboto|700|||||||\u00bb header_text_align=\u00bbcenter\u00bb header_font_size=\u00bb80px\u00bb header_line_height=\u00bb1.2em\u00bb header_3_font=\u00bbRoboto|700||on|||||\u00bb header_3_text_align=\u00bbcenter\u00bb header_3_text_color=\u00bb#ffffff\u00bb header_3_font_size=\u00bb24px\u00bb header_3_letter_spacing=\u00bb10px\u00bb header_3_line_height=\u00bb2em\u00bb text_orientation=\u00bbcenter\u00bb background_layout=\u00bbdark\u00bb module_alignment=\u00bbcenter\u00bb text_font_size_last_edited=\u00bboff|desktop\u00bb header_font_size_tablet=\u00bb40px\u00bb header_font_size_phone=\u00bb32px\u00bb header_font_size_last_edited=\u00bbon|phone\u00bb header_3_font_size_tablet=\u00bb16px\u00bb header_3_font_size_phone=\u00bb14px\u00bb header_3_font_size_last_edited=\u00bbon|phone\u00bb header_3_letter_spacing_tablet=\u00bb5px\u00bb header_3_letter_spacing_phone=\u00bb\u00bb header_3_letter_spacing_last_edited=\u00bbon|tablet\u00bb global_colors_info=\u00bb{}\u00bb]<\/p>\n<h1>POL\u00cdTICA DE COOKIES<\/h1>\n<p>[\/et_pb_text][\/et_pb_column][\/et_pb_row][\/et_pb_section][et_pb_section fb_built=\u00bb1&#8243; _builder_version=\u00bb4.16&#8243; global_colors_info=\u00bb{}\u00bb][et_pb_row _builder_version=\u00bb4.16&#8243; background_size=\u00bbinitial\u00bb background_position=\u00bbtop_left\u00bb background_repeat=\u00bbrepeat\u00bb global_colors_info=\u00bb{}\u00bb][et_pb_column type=\u00bb4_4&#8243; _builder_version=\u00bb4.16&#8243; custom_padding=\u00bb|||\u00bb global_colors_info=\u00bb{}\u00bb custom_padding__hover=\u00bb|||\u00bb][et_pb_code _builder_version=\u00bb4.25.0&#8243; _module_preset=\u00bbdefault\u00bb border_width_bottom=\u00bb1px\u00bb global_colors_info=\u00bb{}\u00bb]<span><span><a href=\"https:\/\/sgan.es\/\">Inicio<\/a><\/span><\/span>[\/et_pb_code][et_pb_text _builder_version=\u00bb4.19.5&#8243; background_size=\u00bbinitial\u00bb background_position=\u00bbtop_left\u00bb background_repeat=\u00bbrepeat\u00bb global_colors_info=\u00bb{}\u00bb]<\/p>\n<p><span>En cumplimiento de la Directiva 2009\/136\/EC se informa al usuario de que el presente sitio web utiliza cookies propias y de terceros, de sesi\u00f3n y persistentes, de personalizaci\u00f3n y an\u00e1lisis, publicitarias y de publicidad comportamental, de control de tr\u00e1fico y comunicaci\u00f3n de datos, de identificaci\u00f3n de sesi\u00f3n, de acceso a zonas restringidas, de conservaci\u00f3n de los elementos que integran un servicio solicitado, de utilizaci\u00f3n de elementos de seguridad durante la navegaci\u00f3n, de almacenamiento de contenidos multimedia para su presentaci\u00f3n en el sitio web o difusi\u00f3n en redes sociales, de acceso al servicio solicitado con algunas caracter\u00edsticas de car\u00e1cter general predefinidas en el terminal del usuario (idioma, tipo de navegador, accesibilidad, configuraci\u00f3n regional), de seguimiento y an\u00e1lisis del comportamiento del usuario para medici\u00f3n de actividad del sitio web y mejora t\u00e9cnica del mismo, de gesti\u00f3n de los espacios publicitarios que, en su caso, se hayan incluido a trav\u00e9s de la observaci\u00f3n continuada de los h\u00e1bitos de navegaci\u00f3n del usuario, lo que permite desarrollar un perfil espec\u00edfico para mostrar publicidad en funci\u00f3n de las preferencias del usuario. Puede usted permitir, bloquear o eliminar las cookies instaladas en su equipo mediante la adecuada configuraci\u00f3n de las opciones del navegador instalado en su ordenador y eliminando posteriormente los ficheros temporales del mismo.<\/span><\/p>\n<p>[\/et_pb_text][\/et_pb_column][\/et_pb_row][\/et_pb_section]<\/p>\n","protected":false},"excerpt":{"rendered":"<p>POL\u00cdTICA DE COOKIES<span><span><a href=\"https:\/\/sgan.es\/\">Inicio<\/a><\/span><\/span>En cumplimiento de la Directiva 2009\/136\/EC se informa al usuario de que el presente sitio web utiliza cookies propias y de terceros, de sesi\u00f3n y persistentes, de personalizaci\u00f3n y an\u00e1lisis, publicitarias y de publicidad comportamental, de control de tr\u00e1fico y comunicaci\u00f3n de datos, de identificaci\u00f3n de sesi\u00f3n, de acceso a zonas restringidas, de [&hellip;]<\/p>\n","protected":false},"author":1200,"featured_media":0,"parent":0,"menu_order":0,"comment_status":"closed","ping_status":"closed","template":"","meta":{"_et_pb_use_builder":"on","_et_pb_old_content":"","_et_gb_content_width":"","footnotes":""},"class_list":["post-4434","page","type-page","status-publish","hentry"],"yoast_head":"<!-- This site is optimized with the Yoast SEO plugin v27.1.1 - https:\/\/yoast.com\/product\/yoast-seo-wordpress\/ -->\n<title>Pol\u00edtica de cookies - SGAN<\/title>\n<meta name=\"robots\" content=\"index, follow, max-snippet:-1, max-image-preview:large, max-video-preview:-1\" \/>\n<link rel=\"canonical\" href=\"https:\/\/sgan.es\/gl\/politica-de-cookies\/\" \/>\n<meta property=\"og:locale\" content=\"gl_ES\" \/>\n<meta property=\"og:type\" content=\"article\" \/>\n<meta property=\"og:title\" content=\"Pol\u00edtica de cookies - SGAN\" \/>\n<meta property=\"og:description\" content=\"POL\u00cdTICA DE COOKIESEn cumplimiento de la Directiva 2009\/136\/EC se informa al usuario de que el presente sitio web utiliza cookies propias y de terceros, de sesi\u00f3n y persistentes, de personalizaci\u00f3n y an\u00e1lisis, publicitarias y de publicidad comportamental, de control de tr\u00e1fico y comunicaci\u00f3n de datos, de identificaci\u00f3n de sesi\u00f3n, de acceso a zonas restringidas, de [&hellip;]\" \/>\n<meta property=\"og:url\" content=\"https:\/\/sgan.es\/gl\/politica-de-cookies\/\" \/>\n<meta property=\"og:site_name\" content=\"SGAN\" \/>\n<meta property=\"article:publisher\" content=\"https:\/\/www.facebook.com\/SGAN-244493612899331\/\" \/>\n<meta property=\"article:modified_time\" content=\"2024-04-26T08:39:35+00:00\" \/>\n<meta name=\"twitter:card\" content=\"summary_large_image\" \/>\n<meta name=\"twitter:site\" content=\"@NefroGalicia\" \/>\n<meta name=\"twitter:label1\" content=\"Tempo de lectura\" \/>\n\t<meta name=\"twitter:data1\" content=\"5 minutos\" \/>\n<script type=\"application\/ld+json\" class=\"yoast-schema-graph\">{\"@context\":\"https:\/\/schema.org\",\"@graph\":[{\"@type\":\"WebPage\",\"@id\":\"https:\/\/sgan.es\/politica-de-cookies\/\",\"url\":\"https:\/\/sgan.es\/politica-de-cookies\/\",\"name\":\"Pol\u00edtica de cookies - SGAN\",\"isPartOf\":{\"@id\":\"https:\/\/sgan.es\/#website\"},\"datePublished\":\"2024-04-25T10:13:04+00:00\",\"dateModified\":\"2024-04-26T08:39:35+00:00\",\"breadcrumb\":{\"@id\":\"https:\/\/sgan.es\/politica-de-cookies\/#breadcrumb\"},\"inLanguage\":\"gl-ES\",\"potentialAction\":[{\"@type\":\"ReadAction\",\"target\":[\"https:\/\/sgan.es\/politica-de-cookies\/\"]}]},{\"@type\":\"BreadcrumbList\",\"@id\":\"https:\/\/sgan.es\/politica-de-cookies\/#breadcrumb\",\"itemListElement\":[{\"@type\":\"ListItem\",\"position\":1,\"name\":\"Inicio\",\"item\":\"https:\/\/sgan.es\/\"},{\"@type\":\"ListItem\",\"position\":2,\"name\":\"Pol\u00edtica de cookies\"}]},{\"@type\":\"WebSite\",\"@id\":\"https:\/\/sgan.es\/#website\",\"url\":\"https:\/\/sgan.es\/\",\"name\":\"SGAN\",\"description\":\"Sociedad Gallega de Nefrolog\u00eda\",\"publisher\":{\"@id\":\"https:\/\/sgan.es\/#organization\"},\"potentialAction\":[{\"@type\":\"SearchAction\",\"target\":{\"@type\":\"EntryPoint\",\"urlTemplate\":\"https:\/\/sgan.es\/?s={search_term_string}\"},\"query-input\":{\"@type\":\"PropertyValueSpecification\",\"valueRequired\":true,\"valueName\":\"search_term_string\"}}],\"inLanguage\":\"gl-ES\"},{\"@type\":\"Organization\",\"@id\":\"https:\/\/sgan.es\/#organization\",\"name\":\"SGAN\",\"url\":\"https:\/\/sgan.es\/\",\"logo\":{\"@type\":\"ImageObject\",\"inLanguage\":\"gl-ES\",\"@id\":\"https:\/\/sgan.es\/#\/schema\/logo\/image\/\",\"url\":\"https:\/\/sgan.es\/wp-content\/uploads\/2023\/04\/logoSgan.jpg\",\"contentUrl\":\"https:\/\/sgan.es\/wp-content\/uploads\/2023\/04\/logoSgan.jpg\",\"width\":255,\"height\":193,\"caption\":\"SGAN\"},\"image\":{\"@id\":\"https:\/\/sgan.es\/#\/schema\/logo\/image\/\"},\"sameAs\":[\"https:\/\/www.facebook.com\/SGAN-244493612899331\/\",\"https:\/\/x.com\/NefroGalicia\"]}]}<\/script>\n<!-- \/ Yoast SEO plugin. -->","yoast_head_json":{"title":"Pol\u00edtica de cookies - SGAN","robots":{"index":"index","follow":"follow","max-snippet":"max-snippet:-1","max-image-preview":"max-image-preview:large","max-video-preview":"max-video-preview:-1"},"canonical":"https:\/\/sgan.es\/gl\/politica-de-cookies\/","og_locale":"gl_ES","og_type":"article","og_title":"Pol\u00edtica de cookies - SGAN","og_description":"POL\u00cdTICA DE COOKIESEn cumplimiento de la Directiva 2009\/136\/EC se informa al usuario de que el presente sitio web utiliza cookies propias y de terceros, de sesi\u00f3n y persistentes, de personalizaci\u00f3n y an\u00e1lisis, publicitarias y de publicidad comportamental, de control de tr\u00e1fico y comunicaci\u00f3n de datos, de identificaci\u00f3n de sesi\u00f3n, de acceso a zonas restringidas, de [&hellip;]","og_url":"https:\/\/sgan.es\/gl\/politica-de-cookies\/","og_site_name":"SGAN","article_publisher":"https:\/\/www.facebook.com\/SGAN-244493612899331\/","article_modified_time":"2024-04-26T08:39:35+00:00","twitter_card":"summary_large_image","twitter_site":"@NefroGalicia","twitter_misc":{"Tempo de lectura":"5 minutos"},"schema":{"@context":"https:\/\/schema.org","@graph":[{"@type":"WebPage","@id":"https:\/\/sgan.es\/politica-de-cookies\/","url":"https:\/\/sgan.es\/politica-de-cookies\/","name":"Pol\u00edtica de cookies - SGAN","isPartOf":{"@id":"https:\/\/sgan.es\/#website"},"datePublished":"2024-04-25T10:13:04+00:00","dateModified":"2024-04-26T08:39:35+00:00","breadcrumb":{"@id":"https:\/\/sgan.es\/politica-de-cookies\/#breadcrumb"},"inLanguage":"gl-ES","potentialAction":[{"@type":"ReadAction","target":["https:\/\/sgan.es\/politica-de-cookies\/"]}]},{"@type":"BreadcrumbList","@id":"https:\/\/sgan.es\/politica-de-cookies\/#breadcrumb","itemListElement":[{"@type":"ListItem","position":1,"name":"Inicio","item":"https:\/\/sgan.es\/"},{"@type":"ListItem","position":2,"name":"Pol\u00edtica de cookies"}]},{"@type":"WebSite","@id":"https:\/\/sgan.es\/#website","url":"https:\/\/sgan.es\/","name":"SGAN","description":"Sociedad Gallega de Nefrolog\u00eda","publisher":{"@id":"https:\/\/sgan.es\/#organization"},"potentialAction":[{"@type":"SearchAction","target":{"@type":"EntryPoint","urlTemplate":"https:\/\/sgan.es\/?s={search_term_string}"},"query-input":{"@type":"PropertyValueSpecification","valueRequired":true,"valueName":"search_term_string"}}],"inLanguage":"gl-ES"},{"@type":"Organization","@id":"https:\/\/sgan.es\/#organization","name":"SGAN","url":"https:\/\/sgan.es\/","logo":{"@type":"ImageObject","inLanguage":"gl-ES","@id":"https:\/\/sgan.es\/#\/schema\/logo\/image\/","url":"https:\/\/sgan.es\/wp-content\/uploads\/2023\/04\/logoSgan.jpg","contentUrl":"https:\/\/sgan.es\/wp-content\/uploads\/2023\/04\/logoSgan.jpg","width":255,"height":193,"caption":"SGAN"},"image":{"@id":"https:\/\/sgan.es\/#\/schema\/logo\/image\/"},"sameAs":["https:\/\/www.facebook.com\/SGAN-244493612899331\/","https:\/\/x.com\/NefroGalicia"]}]}},"_links":{"self":[{"href":"https:\/\/sgan.es\/gl\/wp-json\/wp\/v2\/pages\/4434","targetHints":{"allow":["GET"]}}],"collection":[{"href":"https:\/\/sgan.es\/gl\/wp-json\/wp\/v2\/pages"}],"about":[{"href":"https:\/\/sgan.es\/gl\/wp-json\/wp\/v2\/types\/page"}],"author":[{"embeddable":true,"href":"https:\/\/sgan.es\/gl\/wp-json\/wp\/v2\/users\/1200"}],"replies":[{"embeddable":true,"href":"https:\/\/sgan.es\/gl\/wp-json\/wp\/v2\/comments?post=4434"}],"version-history":[{"count":3,"href":"https:\/\/sgan.es\/gl\/wp-json\/wp\/v2\/pages\/4434\/revisions"}],"predecessor-version":[{"id":4461,"href":"https:\/\/sgan.es\/gl\/wp-json\/wp\/v2\/pages\/4434\/revisions\/4461"}],"wp:attachment":[{"href":"https:\/\/sgan.es\/gl\/wp-json\/wp\/v2\/media?parent=4434"}],"curies":[{"name":"wp","href":"https:\/\/api.w.org\/{rel}","templated":true}]}}